{"id":21744,"date":"2024-07-29T10:42:58","date_gmt":"2024-07-29T08:42:58","guid":{"rendered":"https:\/\/bm-gmbh.com\/produkte\/uncategorized\/surestripe-3350-sp-self-driving\/"},"modified":"2025-11-25T10:51:43","modified_gmt":"2025-11-25T09:51:43","slug":"surestripe-3350-sp-self-driving","status":"publish","type":"product","link":"https:\/\/www.bm-gmbh.com\/en\/products\/gasoline-powered-piston-pumps\/marking-devices\/surestripe-3350-sp-self-driving\/","title":{"rendered":"SureStripe 3350 SP Self-Driving"},"content":{"rendered":"<p>Striper SureStripe 3350 SP \/ 5.5 hp Vanguard petrol engine \/ completely ready for use incl. self-propelled device <\/p>\n<p>max. Nozzle Size 0.027&#8243;<\/p>\n<p>max. Working pressure 227 bar<\/p>\n<p>Weight 76 kg<\/p>\n<p>Granulate bedding optionally available<\/p>\n","protected":false},"excerpt":{"rendered":"<p class=\"ai-optimize-25\">The Sure Stripe stripers are the perfect choice for any type of marking work. Whether it&#8217;s turf or asphalt, the Sure Stripe works reliably and precisely. In addition to the two standard models, there is also our self-propelled SP version. Here you can control the speed manually or set a fixed speed.   <\/p>\n<p>&nbsp;<\/p>\n","protected":false},"featured_media":21859,"template":"","meta":{"site-sidebar-layout":"default","site-content-layout":"","ast-site-content-layout":"default","site-content-style":"default","site-sidebar-style":"default","ast-global-header-display":"","ast-banner-title-visibility":"","ast-main-header-display":"","ast-hfb-above-header-display":"","ast-hfb-below-header-display":"","ast-hfb-mobile-header-display":"","site-post-title":"","ast-breadcrumbs-content":"","ast-featured-img":"","footer-sml-layout":"","ast-disable-related-posts":"","theme-transparent-header-meta":"default","adv-header-id-meta":"","stick-header-meta":"","header-above-stick-meta":"","header-main-stick-meta":"","header-below-stick-meta":"","astra-migrate-meta-layouts":"set","ast-page-background-enabled":"default","ast-page-background-meta":{"desktop":{"background-color":"var(--ast-global-color-4)","background-image":"","background-repeat":"repeat","background-position":"center center","background-size":"auto","background-attachment":"scroll","background-type":"","background-media":"","overlay-type":"","overlay-color":"","overlay-opacity":"","overlay-gradient":""},"tablet":{"background-color":"","background-image":"","background-repeat":"repeat","background-position":"center center","background-size":"auto","background-attachment":"scroll","background-type":"","background-media":"","overlay-type":"","overlay-color":"","overlay-opacity":"","overlay-gradient":""},"mobile":{"background-color":"","background-image":"","background-repeat":"repeat","background-position":"center center","background-size":"auto","background-attachment":"scroll","background-type":"","background-media":"","overlay-type":"","overlay-color":"","overlay-opacity":"","overlay-gradient":""}},"ast-content-background-meta":{"desktop":{"background-color":"var(--ast-global-color-5)","background-image":"","background-repeat":"repeat","background-position":"center center","background-size":"auto","background-attachment":"scroll","background-type":"","background-media":"","overlay-type":"","overlay-color":"","overlay-opacity":"","overlay-gradient":""},"tablet":{"background-color":"var(--ast-global-color-5)","background-image":"","background-repeat":"repeat","background-position":"center center","background-size":"auto","background-attachment":"scroll","background-type":"","background-media":"","overlay-type":"","overlay-color":"","overlay-opacity":"","overlay-gradient":""},"mobile":{"background-color":"var(--ast-global-color-5)","background-image":"","background-repeat":"repeat","background-position":"center center","background-size":"auto","background-attachment":"scroll","background-type":"","background-media":"","overlay-type":"","overlay-color":"","overlay-opacity":"","overlay-gradient":""}}},"product_brand":[],"product_cat":[1878],"product_tag":[1880,1881,1879],"class_list":{"0":"post-21744","1":"product","2":"type-product","3":"status-publish","4":"has-post-thumbnail","6":"product_cat-marking-devices","7":"product_tag-marking","8":"product_tag-parking-lot-marking","9":"product_tag-road-marking","10":"desktop-align-center","11":"tablet-align-left","12":"mobile-align-center","13":"ast-product-gallery-layout-horizontal-slider","14":"ast-product-gallery-with-no-image","15":"ast-qv-on-image","17":"first","18":"instock","19":"shipping-taxable","20":"product-type-simple"},"yoast_head":"<!-- This site is optimized with the Yoast SEO Premium plugin v27.4 (Yoast SEO v27.4) - https:\/\/yoast.com\/product\/yoast-seo-premium-wordpress\/ -->\n<title>SureStripe 3350 SP Self-Driving - b&amp;m GmbH - Ihr Partner f\u00fcr alle Marken<\/title>\n<meta name=\"description\" content=\"The Sure Stripe stripers are the perfect choice for any type of marking work. Whether it&#039;s turf or asphalt, the Sure Stripe works reliably and precisely. In addition to the two standard models, there is also our self-propelled SP version. Here you can control the speed manually or set a fixed speed.\" \/>\n<meta name=\"robots\" content=\"index, follow, max-snippet:-1, max-image-preview:large, max-video-preview:-1\" \/>\n<link rel=\"canonical\" href=\"https:\/\/www.bm-gmbh.com\/en\/products\/gasoline-powered-piston-pumps\/marking-devices\/surestripe-3350-sp-self-driving\/\" \/>\n<meta property=\"og:locale\" content=\"en_US\" \/>\n<meta property=\"og:type\" content=\"article\" \/>\n<meta property=\"og:title\" content=\"SureStripe 3350 SP Self-Driving\" \/>\n<meta property=\"og:description\" content=\"The Sure Stripe stripers are the perfect choice for any type of marking work. Whether it&#039;s turf or asphalt, the Sure Stripe works reliably and precisely. In addition to the two standard models, there is also our self-propelled SP version. Here you can control the speed manually or set a fixed speed.\" \/>\n<meta property=\"og:url\" content=\"https:\/\/www.bm-gmbh.com\/en\/products\/gasoline-powered-piston-pumps\/marking-devices\/surestripe-3350-sp-self-driving\/\" \/>\n<meta property=\"og:site_name\" content=\"b&amp;m GmbH - Ihr Partner f\u00fcr alle Marken\" \/>\n<meta property=\"article:modified_time\" content=\"2025-11-25T09:51:43+00:00\" \/>\n<meta property=\"og:image\" content=\"https:\/\/www.bm-gmbh.com\/wp-content\/uploads\/2024\/07\/Sure-Stripe-3350.png\" \/>\n\t<meta property=\"og:image:width\" content=\"1024\" \/>\n\t<meta property=\"og:image:height\" content=\"1024\" \/>\n\t<meta property=\"og:image:type\" content=\"image\/png\" \/>\n<script type=\"application\/ld+json\" class=\"yoast-schema-graph\">{\"@context\":\"https:\\\/\\\/schema.org\",\"@graph\":[{\"@type\":\"WebPage\",\"@id\":\"https:\\\/\\\/www.bm-gmbh.com\\\/en\\\/products\\\/gasoline-powered-piston-pumps\\\/marking-devices\\\/surestripe-3350-sp-self-driving\\\/\",\"url\":\"https:\\\/\\\/www.bm-gmbh.com\\\/en\\\/products\\\/gasoline-powered-piston-pumps\\\/marking-devices\\\/surestripe-3350-sp-self-driving\\\/\",\"name\":\"SureStripe 3350 SP Self-Driving - b&amp;m GmbH - Ihr Partner f\u00fcr alle Marken\",\"isPartOf\":{\"@id\":\"https:\\\/\\\/www.bm-gmbh.com\\\/en\\\/#website\"},\"primaryImageOfPage\":{\"@id\":\"https:\\\/\\\/www.bm-gmbh.com\\\/en\\\/products\\\/gasoline-powered-piston-pumps\\\/marking-devices\\\/surestripe-3350-sp-self-driving\\\/#primaryimage\"},\"image\":{\"@id\":\"https:\\\/\\\/www.bm-gmbh.com\\\/en\\\/products\\\/gasoline-powered-piston-pumps\\\/marking-devices\\\/surestripe-3350-sp-self-driving\\\/#primaryimage\"},\"thumbnailUrl\":\"https:\\\/\\\/www.bm-gmbh.com\\\/wp-content\\\/uploads\\\/2024\\\/07\\\/Sure-Stripe-3350.png\",\"datePublished\":\"2024-07-29T08:42:58+00:00\",\"dateModified\":\"2025-11-25T09:51:43+00:00\",\"description\":\"The Sure Stripe stripers are the perfect choice for any type of marking work. Whether it's turf or asphalt, the Sure Stripe works reliably and precisely. In addition to the two standard models, there is also our self-propelled SP version. Here you can control the speed manually or set a fixed speed.\",\"breadcrumb\":{\"@id\":\"https:\\\/\\\/www.bm-gmbh.com\\\/en\\\/products\\\/gasoline-powered-piston-pumps\\\/marking-devices\\\/surestripe-3350-sp-self-driving\\\/#breadcrumb\"},\"inLanguage\":\"en-US\",\"potentialAction\":[{\"@type\":\"ReadAction\",\"target\":[\"https:\\\/\\\/www.bm-gmbh.com\\\/en\\\/products\\\/gasoline-powered-piston-pumps\\\/marking-devices\\\/surestripe-3350-sp-self-driving\\\/\"]}]},{\"@type\":\"ImageObject\",\"inLanguage\":\"en-US\",\"@id\":\"https:\\\/\\\/www.bm-gmbh.com\\\/en\\\/products\\\/gasoline-powered-piston-pumps\\\/marking-devices\\\/surestripe-3350-sp-self-driving\\\/#primaryimage\",\"url\":\"https:\\\/\\\/www.bm-gmbh.com\\\/wp-content\\\/uploads\\\/2024\\\/07\\\/Sure-Stripe-3350.png\",\"contentUrl\":\"https:\\\/\\\/www.bm-gmbh.com\\\/wp-content\\\/uploads\\\/2024\\\/07\\\/Sure-Stripe-3350.png\",\"width\":1024,\"height\":1024,\"caption\":\"Sure Stripe 3350\"},{\"@type\":\"BreadcrumbList\",\"@id\":\"https:\\\/\\\/www.bm-gmbh.com\\\/en\\\/products\\\/gasoline-powered-piston-pumps\\\/marking-devices\\\/surestripe-3350-sp-self-driving\\\/#breadcrumb\",\"itemListElement\":[{\"@type\":\"ListItem\",\"position\":1,\"name\":\"Startseite\",\"item\":\"https:\\\/\\\/www.bm-gmbh.com\\\/en\\\/home-page\\\/\"},{\"@type\":\"ListItem\",\"position\":2,\"name\":\"Products\",\"item\":\"https:\\\/\\\/www.bm-gmbh.com\\\/en\\\/products-2\\\/\"},{\"@type\":\"ListItem\",\"position\":3,\"name\":\"SureStripe 3350 SP Self-Driving\"}]},{\"@type\":\"WebSite\",\"@id\":\"https:\\\/\\\/www.bm-gmbh.com\\\/en\\\/#website\",\"url\":\"https:\\\/\\\/www.bm-gmbh.com\\\/en\\\/\",\"name\":\"b&m GmbH\",\"description\":\"Ihr Partner f\u00fcr alle Marken\",\"publisher\":{\"@id\":\"https:\\\/\\\/www.bm-gmbh.com\\\/en\\\/#organization\"},\"alternateName\":\"b&m GmbH - Ihr Partner f\u00fcr alle Marken\",\"potentialAction\":[{\"@type\":\"SearchAction\",\"target\":{\"@type\":\"EntryPoint\",\"urlTemplate\":\"https:\\\/\\\/www.bm-gmbh.com\\\/en\\\/?s={search_term_string}\"},\"query-input\":{\"@type\":\"PropertyValueSpecification\",\"valueRequired\":true,\"valueName\":\"search_term_string\"}}],\"inLanguage\":\"en-US\"},{\"@type\":\"Organization\",\"@id\":\"https:\\\/\\\/www.bm-gmbh.com\\\/en\\\/#organization\",\"name\":\"b&m GmbH\",\"alternateName\":\"b&m GmbH - Ihr Partner f\u00fcr alle Marken\",\"url\":\"https:\\\/\\\/www.bm-gmbh.com\\\/en\\\/\",\"logo\":{\"@type\":\"ImageObject\",\"inLanguage\":\"en-US\",\"@id\":\"https:\\\/\\\/www.bm-gmbh.com\\\/en\\\/#\\\/schema\\\/logo\\\/image\\\/\",\"url\":\"https:\\\/\\\/www.bm-gmbh.com\\\/wp-content\\\/uploads\\\/bm-1024.png\",\"contentUrl\":\"https:\\\/\\\/www.bm-gmbh.com\\\/wp-content\\\/uploads\\\/bm-1024.png\",\"width\":1024,\"height\":1024,\"caption\":\"b&m GmbH\"},\"image\":{\"@id\":\"https:\\\/\\\/www.bm-gmbh.com\\\/en\\\/#\\\/schema\\\/logo\\\/image\\\/\"},\"sameAs\":[\"https:\\\/\\\/www.instagram.com\\\/bm.gmbh\",\"https:\\\/\\\/www.youtube.com\\\/@bmgmbh6754\"],\"description\":\"Mittelst\u00e4ndischer Anbieter f\u00fcr Farbspritztechnik, Oberfl\u00e4chentechnik, Pumpentechnik, Bautenschutz- und Injektionstechnik. Bedient prim\u00e4r Handwerk und Industrie Zentrale Produkte & Services: Spritztechnik: Hand- & Automatikpistolen, HD\\\/ND-Ger\u00e4te, 2K-Anlagen, Elektrostatiksysteme. Bautenschutz\\\/Injektionstechnik: Injektionsanlagen, Gelanlagen, Schnecken-\\\/Mischpumpen. Zubeh\u00f6r\\\/Technik: Kompressoren, Filteranlagen, R\u00fchrwerke, Packer & Injektoren. Fokus auf hochwertige, langlebige Profi-Ger\u00e4te \u2192 Interesse an zuverl\u00e4ssigen Partnern, Service & technischem Support.\",\"email\":\"info@bm-gmbh.com\",\"telephone\":\"0049 7546 923120\",\"legalName\":\"b&m GmbH\",\"foundingDate\":\"1997-04-02\",\"numberOfEmployees\":{\"@type\":\"QuantitativeValue\",\"minValue\":\"11\",\"maxValue\":\"50\"}}]}<\/script>\n<meta property=\"product:brand\" content=\"Marking\" \/>\n<meta property=\"product:price:currency\" content=\"EUR\" \/>\n<meta property=\"og:availability\" content=\"instock\" \/>\n<meta property=\"product:availability\" content=\"instock\" \/>\n<meta property=\"product:retailer_item_id\" content=\"BM307-25M232\" \/>\n<meta property=\"product:condition\" content=\"new\" \/>\n<!-- \/ Yoast SEO Premium plugin. -->","yoast_head_json":{"title":"SureStripe 3350 SP Self-Driving - b&amp;m GmbH - Ihr Partner f\u00fcr alle Marken","description":"The Sure Stripe stripers are the perfect choice for any type of marking work. Whether it's turf or asphalt, the Sure Stripe works reliably and precisely. In addition to the two standard models, there is also our self-propelled SP version. Here you can control the speed manually or set a fixed speed.","robots":{"index":"index","follow":"follow","max-snippet":"max-snippet:-1","max-image-preview":"max-image-preview:large","max-video-preview":"max-video-preview:-1"},"canonical":"https:\/\/www.bm-gmbh.com\/en\/products\/gasoline-powered-piston-pumps\/marking-devices\/surestripe-3350-sp-self-driving\/","og_locale":"en_US","og_type":"article","og_title":"SureStripe 3350 SP Self-Driving","og_description":"The Sure Stripe stripers are the perfect choice for any type of marking work. Whether it's turf or asphalt, the Sure Stripe works reliably and precisely. In addition to the two standard models, there is also our self-propelled SP version. Here you can control the speed manually or set a fixed speed.","og_url":"https:\/\/www.bm-gmbh.com\/en\/products\/gasoline-powered-piston-pumps\/marking-devices\/surestripe-3350-sp-self-driving\/","og_site_name":"b&amp;m GmbH - Ihr Partner f\u00fcr alle Marken","article_modified_time":"2025-11-25T09:51:43+00:00","og_image":[{"width":1024,"height":1024,"url":"https:\/\/www.bm-gmbh.com\/wp-content\/uploads\/2024\/07\/Sure-Stripe-3350.png","type":"image\/png"}],"schema":{"@context":"https:\/\/schema.org","@graph":[{"@type":"WebPage","@id":"https:\/\/www.bm-gmbh.com\/en\/products\/gasoline-powered-piston-pumps\/marking-devices\/surestripe-3350-sp-self-driving\/","url":"https:\/\/www.bm-gmbh.com\/en\/products\/gasoline-powered-piston-pumps\/marking-devices\/surestripe-3350-sp-self-driving\/","name":"SureStripe 3350 SP Self-Driving - b&amp;m GmbH - Ihr Partner f\u00fcr alle Marken","isPartOf":{"@id":"https:\/\/www.bm-gmbh.com\/en\/#website"},"primaryImageOfPage":{"@id":"https:\/\/www.bm-gmbh.com\/en\/products\/gasoline-powered-piston-pumps\/marking-devices\/surestripe-3350-sp-self-driving\/#primaryimage"},"image":{"@id":"https:\/\/www.bm-gmbh.com\/en\/products\/gasoline-powered-piston-pumps\/marking-devices\/surestripe-3350-sp-self-driving\/#primaryimage"},"thumbnailUrl":"https:\/\/www.bm-gmbh.com\/wp-content\/uploads\/2024\/07\/Sure-Stripe-3350.png","datePublished":"2024-07-29T08:42:58+00:00","dateModified":"2025-11-25T09:51:43+00:00","description":"The Sure Stripe stripers are the perfect choice for any type of marking work. Whether it's turf or asphalt, the Sure Stripe works reliably and precisely. In addition to the two standard models, there is also our self-propelled SP version. Here you can control the speed manually or set a fixed speed.","breadcrumb":{"@id":"https:\/\/www.bm-gmbh.com\/en\/products\/gasoline-powered-piston-pumps\/marking-devices\/surestripe-3350-sp-self-driving\/#breadcrumb"},"inLanguage":"en-US","potentialAction":[{"@type":"ReadAction","target":["https:\/\/www.bm-gmbh.com\/en\/products\/gasoline-powered-piston-pumps\/marking-devices\/surestripe-3350-sp-self-driving\/"]}]},{"@type":"ImageObject","inLanguage":"en-US","@id":"https:\/\/www.bm-gmbh.com\/en\/products\/gasoline-powered-piston-pumps\/marking-devices\/surestripe-3350-sp-self-driving\/#primaryimage","url":"https:\/\/www.bm-gmbh.com\/wp-content\/uploads\/2024\/07\/Sure-Stripe-3350.png","contentUrl":"https:\/\/www.bm-gmbh.com\/wp-content\/uploads\/2024\/07\/Sure-Stripe-3350.png","width":1024,"height":1024,"caption":"Sure Stripe 3350"},{"@type":"BreadcrumbList","@id":"https:\/\/www.bm-gmbh.com\/en\/products\/gasoline-powered-piston-pumps\/marking-devices\/surestripe-3350-sp-self-driving\/#breadcrumb","itemListElement":[{"@type":"ListItem","position":1,"name":"Startseite","item":"https:\/\/www.bm-gmbh.com\/en\/home-page\/"},{"@type":"ListItem","position":2,"name":"Products","item":"https:\/\/www.bm-gmbh.com\/en\/products-2\/"},{"@type":"ListItem","position":3,"name":"SureStripe 3350 SP Self-Driving"}]},{"@type":"WebSite","@id":"https:\/\/www.bm-gmbh.com\/en\/#website","url":"https:\/\/www.bm-gmbh.com\/en\/","name":"b&m GmbH","description":"Ihr Partner f\u00fcr alle Marken","publisher":{"@id":"https:\/\/www.bm-gmbh.com\/en\/#organization"},"alternateName":"b&m GmbH - Ihr Partner f\u00fcr alle Marken","potentialAction":[{"@type":"SearchAction","target":{"@type":"EntryPoint","urlTemplate":"https:\/\/www.bm-gmbh.com\/en\/?s={search_term_string}"},"query-input":{"@type":"PropertyValueSpecification","valueRequired":true,"valueName":"search_term_string"}}],"inLanguage":"en-US"},{"@type":"Organization","@id":"https:\/\/www.bm-gmbh.com\/en\/#organization","name":"b&m GmbH","alternateName":"b&m GmbH - Ihr Partner f\u00fcr alle Marken","url":"https:\/\/www.bm-gmbh.com\/en\/","logo":{"@type":"ImageObject","inLanguage":"en-US","@id":"https:\/\/www.bm-gmbh.com\/en\/#\/schema\/logo\/image\/","url":"https:\/\/www.bm-gmbh.com\/wp-content\/uploads\/bm-1024.png","contentUrl":"https:\/\/www.bm-gmbh.com\/wp-content\/uploads\/bm-1024.png","width":1024,"height":1024,"caption":"b&m GmbH"},"image":{"@id":"https:\/\/www.bm-gmbh.com\/en\/#\/schema\/logo\/image\/"},"sameAs":["https:\/\/www.instagram.com\/bm.gmbh","https:\/\/www.youtube.com\/@bmgmbh6754"],"description":"Mittelst\u00e4ndischer Anbieter f\u00fcr Farbspritztechnik, Oberfl\u00e4chentechnik, Pumpentechnik, Bautenschutz- und Injektionstechnik. Bedient prim\u00e4r Handwerk und Industrie Zentrale Produkte & Services: Spritztechnik: Hand- & Automatikpistolen, HD\/ND-Ger\u00e4te, 2K-Anlagen, Elektrostatiksysteme. Bautenschutz\/Injektionstechnik: Injektionsanlagen, Gelanlagen, Schnecken-\/Mischpumpen. Zubeh\u00f6r\/Technik: Kompressoren, Filteranlagen, R\u00fchrwerke, Packer & Injektoren. Fokus auf hochwertige, langlebige Profi-Ger\u00e4te \u2192 Interesse an zuverl\u00e4ssigen Partnern, Service & technischem Support.","email":"info@bm-gmbh.com","telephone":"0049 7546 923120","legalName":"b&m GmbH","foundingDate":"1997-04-02","numberOfEmployees":{"@type":"QuantitativeValue","minValue":"11","maxValue":"50"}}]},"product_brand":"Marking","product_price_currency":"EUR","og_availability":"instock","product_availability":"instock","product_retailer_item_id":"BM307-25M232","product_condition":"new"},"_links":{"self":[{"href":"https:\/\/www.bm-gmbh.com\/en\/wp-json\/wp\/v2\/product\/21744","targetHints":{"allow":["GET"]}}],"collection":[{"href":"https:\/\/www.bm-gmbh.com\/en\/wp-json\/wp\/v2\/product"}],"about":[{"href":"https:\/\/www.bm-gmbh.com\/en\/wp-json\/wp\/v2\/types\/product"}],"wp:featuredmedia":[{"embeddable":true,"href":"https:\/\/www.bm-gmbh.com\/en\/wp-json\/wp\/v2\/media\/21859"}],"wp:attachment":[{"href":"https:\/\/www.bm-gmbh.com\/en\/wp-json\/wp\/v2\/media?parent=21744"}],"wp:term":[{"taxonomy":"product_brand","embeddable":true,"href":"https:\/\/www.bm-gmbh.com\/en\/wp-json\/wp\/v2\/product_brand?post=21744"},{"taxonomy":"product_cat","embeddable":true,"href":"https:\/\/www.bm-gmbh.com\/en\/wp-json\/wp\/v2\/product_cat?post=21744"},{"taxonomy":"product_tag","embeddable":true,"href":"https:\/\/www.bm-gmbh.com\/en\/wp-json\/wp\/v2\/product_tag?post=21744"}],"curies":[{"name":"wp","href":"https:\/\/api.w.org\/{rel}","templated":true}]}}