{"id":18510,"date":"2023-11-24T09:56:57","date_gmt":"2023-11-24T07:56:57","guid":{"rendered":"https:\/\/bm-gmbh.com\/produkte\/uncategorized\/electric-piston-pump-mp-455\/"},"modified":"2025-12-18T16:51:03","modified_gmt":"2025-12-18T15:51:03","slug":"electric-piston-pump-mp-455","status":"publish","type":"product","link":"https:\/\/www.bm-gmbh.com\/en\/products\/electric-piston-pumps\/electric-piston-pump-mp455\/electric-piston-pump-mp-455\/","title":{"rendered":"Electric Piston Pump MP 455"},"content":{"rendered":"<p>Thanks to their robust, compact and balanced frame, the MP series sprayers are optimally protected and easy to transport. The pump is at the heart of every airless sprayer \u2013 these are equipped with Airlessco&#8217;s new Pro-Duty Quick Repair pump with externally adjustable seals, ensuring uninterrupted work. The fan-cooled DC motor ensures reliable performance \u2013 day after day.  <\/p>\n","protected":false},"excerpt":{"rendered":"<p class=\"ai-optimize-25 ai-optimize-introduction\">Completely ready to spray in the stand frame with suction hose, 15m material hose, airless gun and reversible nozzle<\/p>\n","protected":false},"featured_media":22861,"template":"","meta":{"site-sidebar-layout":"default","site-content-layout":"","ast-site-content-layout":"default","site-content-style":"default","site-sidebar-style":"default","ast-global-header-display":"","ast-banner-title-visibility":"","ast-main-header-display":"","ast-hfb-above-header-display":"","ast-hfb-below-header-display":"","ast-hfb-mobile-header-display":"","site-post-title":"","ast-breadcrumbs-content":"","ast-featured-img":"","footer-sml-layout":"","ast-disable-related-posts":"","theme-transparent-header-meta":"default","adv-header-id-meta":"","stick-header-meta":"default","header-above-stick-meta":"","header-main-stick-meta":"","header-below-stick-meta":"","astra-migrate-meta-layouts":"set","ast-page-background-enabled":"default","ast-page-background-meta":{"desktop":{"background-color":"var(--ast-global-color-4)","background-image":"","background-repeat":"repeat","background-position":"center center","background-size":"auto","background-attachment":"scroll","background-type":"","background-media":"","overlay-type":"","overlay-color":"","overlay-opacity":"","overlay-gradient":""},"tablet":{"background-color":"","background-image":"","background-repeat":"repeat","background-position":"center center","background-size":"auto","background-attachment":"scroll","background-type":"","background-media":"","overlay-type":"","overlay-color":"","overlay-opacity":"","overlay-gradient":""},"mobile":{"background-color":"","background-image":"","background-repeat":"repeat","background-position":"center center","background-size":"auto","background-attachment":"scroll","background-type":"","background-media":"","overlay-type":"","overlay-color":"","overlay-opacity":"","overlay-gradient":""}},"ast-content-background-meta":{"desktop":{"background-color":"var(--ast-global-color-5)","background-image":"","background-repeat":"repeat","background-position":"center center","background-size":"auto","background-attachment":"scroll","background-type":"","background-media":"","overlay-type":"","overlay-color":"","overlay-opacity":"","overlay-gradient":""},"tablet":{"background-color":"var(--ast-global-color-5)","background-image":"","background-repeat":"repeat","background-position":"center center","background-size":"auto","background-attachment":"scroll","background-type":"","background-media":"","overlay-type":"","overlay-color":"","overlay-opacity":"","overlay-gradient":""},"mobile":{"background-color":"var(--ast-global-color-5)","background-image":"","background-repeat":"repeat","background-position":"center center","background-size":"auto","background-attachment":"scroll","background-type":"","background-media":"","overlay-type":"","overlay-color":"","overlay-opacity":"","overlay-gradient":""}}},"product_brand":[],"product_cat":[1442,1438],"product_tag":[1487,1492,1116,1467],"class_list":{"0":"post-18510","1":"product","2":"type-product","3":"status-publish","4":"has-post-thumbnail","6":"product_cat-electric-piston-pump-mp455","7":"product_cat-electric-piston-pumps","8":"product_tag-acrylic-paints","9":"product_tag-inside-wall-paints","10":"product_tag-pickling","11":"product_tag-puddle","12":"desktop-align-center","13":"tablet-align-left","14":"mobile-align-center","15":"ast-product-gallery-layout-horizontal-slider","16":"ast-product-gallery-with-no-image","17":"ast-qv-on-image","19":"first","20":"instock","21":"shipping-taxable","22":"product-type-simple"},"yoast_head":"<!-- This site is optimized with the Yoast SEO Premium plugin v27.4 (Yoast SEO v27.4) - https:\/\/yoast.com\/product\/yoast-seo-premium-wordpress\/ -->\n<title>Electric Piston Pump Airlessco MP 455<\/title>\n<meta name=\"description\" content=\"Thanks to their robust, compact and balanced frame, the MP series sprayers are optimally protected and easy to transport.\" \/>\n<meta name=\"robots\" content=\"index, follow, max-snippet:-1, max-image-preview:large, max-video-preview:-1\" \/>\n<link rel=\"canonical\" href=\"https:\/\/www.bm-gmbh.com\/en\/products\/electric-piston-pumps\/electric-piston-pump-mp455\/electric-piston-pump-mp-455\/\" \/>\n<meta property=\"og:locale\" content=\"en_US\" \/>\n<meta property=\"og:type\" content=\"article\" \/>\n<meta property=\"og:title\" content=\"Electric Piston Pump MP 455\" \/>\n<meta property=\"og:description\" content=\"Thanks to their robust, compact and balanced frame, the MP series sprayers are optimally protected and easy to transport.\" \/>\n<meta property=\"og:url\" content=\"https:\/\/www.bm-gmbh.com\/en\/products\/electric-piston-pumps\/electric-piston-pump-mp455\/electric-piston-pump-mp-455\/\" \/>\n<meta property=\"og:site_name\" content=\"b&amp;m GmbH - Ihr Partner f\u00fcr alle Marken\" \/>\n<meta property=\"article:modified_time\" content=\"2025-12-18T15:51:03+00:00\" \/>\n<meta property=\"og:image\" content=\"https:\/\/www.bm-gmbh.com\/wp-content\/uploads\/2023\/11\/MP-455-Schlauch-NEU.png\" \/>\n\t<meta property=\"og:image:width\" content=\"1024\" \/>\n\t<meta property=\"og:image:height\" content=\"1024\" \/>\n\t<meta property=\"og:image:type\" content=\"image\/png\" \/>\n<script type=\"application\/ld+json\" class=\"yoast-schema-graph\">{\"@context\":\"https:\\\/\\\/schema.org\",\"@graph\":[{\"@type\":\"WebPage\",\"@id\":\"https:\\\/\\\/www.bm-gmbh.com\\\/en\\\/products\\\/electric-piston-pumps\\\/electric-piston-pump-mp455\\\/electric-piston-pump-mp-455\\\/\",\"url\":\"https:\\\/\\\/www.bm-gmbh.com\\\/en\\\/products\\\/electric-piston-pumps\\\/electric-piston-pump-mp455\\\/electric-piston-pump-mp-455\\\/\",\"name\":\"Electric Piston Pump Airlessco MP 455\",\"isPartOf\":{\"@id\":\"https:\\\/\\\/www.bm-gmbh.com\\\/en\\\/#website\"},\"primaryImageOfPage\":{\"@id\":\"https:\\\/\\\/www.bm-gmbh.com\\\/en\\\/products\\\/electric-piston-pumps\\\/electric-piston-pump-mp455\\\/electric-piston-pump-mp-455\\\/#primaryimage\"},\"image\":{\"@id\":\"https:\\\/\\\/www.bm-gmbh.com\\\/en\\\/products\\\/electric-piston-pumps\\\/electric-piston-pump-mp455\\\/electric-piston-pump-mp-455\\\/#primaryimage\"},\"thumbnailUrl\":\"https:\\\/\\\/www.bm-gmbh.com\\\/wp-content\\\/uploads\\\/2023\\\/11\\\/MP-455-Schlauch-NEU.png\",\"datePublished\":\"2023-11-24T07:56:57+00:00\",\"dateModified\":\"2025-12-18T15:51:03+00:00\",\"description\":\"Thanks to their robust, compact and balanced frame, the MP series sprayers are optimally protected and easy to transport.\",\"breadcrumb\":{\"@id\":\"https:\\\/\\\/www.bm-gmbh.com\\\/en\\\/products\\\/electric-piston-pumps\\\/electric-piston-pump-mp455\\\/electric-piston-pump-mp-455\\\/#breadcrumb\"},\"inLanguage\":\"en-US\",\"potentialAction\":[{\"@type\":\"ReadAction\",\"target\":[\"https:\\\/\\\/www.bm-gmbh.com\\\/en\\\/products\\\/electric-piston-pumps\\\/electric-piston-pump-mp455\\\/electric-piston-pump-mp-455\\\/\"]}]},{\"@type\":\"ImageObject\",\"inLanguage\":\"en-US\",\"@id\":\"https:\\\/\\\/www.bm-gmbh.com\\\/en\\\/products\\\/electric-piston-pumps\\\/electric-piston-pump-mp455\\\/electric-piston-pump-mp-455\\\/#primaryimage\",\"url\":\"https:\\\/\\\/www.bm-gmbh.com\\\/wp-content\\\/uploads\\\/2023\\\/11\\\/MP-455-Schlauch-NEU.png\",\"contentUrl\":\"https:\\\/\\\/www.bm-gmbh.com\\\/wp-content\\\/uploads\\\/2023\\\/11\\\/MP-455-Schlauch-NEU.png\",\"width\":1024,\"height\":1024},{\"@type\":\"BreadcrumbList\",\"@id\":\"https:\\\/\\\/www.bm-gmbh.com\\\/en\\\/products\\\/electric-piston-pumps\\\/electric-piston-pump-mp455\\\/electric-piston-pump-mp-455\\\/#breadcrumb\",\"itemListElement\":[{\"@type\":\"ListItem\",\"position\":1,\"name\":\"Startseite\",\"item\":\"https:\\\/\\\/www.bm-gmbh.com\\\/en\\\/home-page\\\/\"},{\"@type\":\"ListItem\",\"position\":2,\"name\":\"Products\",\"item\":\"https:\\\/\\\/www.bm-gmbh.com\\\/en\\\/products-2\\\/\"},{\"@type\":\"ListItem\",\"position\":3,\"name\":\"Electric Piston Pump MP 455\"}]},{\"@type\":\"WebSite\",\"@id\":\"https:\\\/\\\/www.bm-gmbh.com\\\/en\\\/#website\",\"url\":\"https:\\\/\\\/www.bm-gmbh.com\\\/en\\\/\",\"name\":\"b&m GmbH\",\"description\":\"Ihr Partner f\u00fcr alle Marken\",\"publisher\":{\"@id\":\"https:\\\/\\\/www.bm-gmbh.com\\\/en\\\/#organization\"},\"alternateName\":\"b&m GmbH - Ihr Partner f\u00fcr alle Marken\",\"potentialAction\":[{\"@type\":\"SearchAction\",\"target\":{\"@type\":\"EntryPoint\",\"urlTemplate\":\"https:\\\/\\\/www.bm-gmbh.com\\\/en\\\/?s={search_term_string}\"},\"query-input\":{\"@type\":\"PropertyValueSpecification\",\"valueRequired\":true,\"valueName\":\"search_term_string\"}}],\"inLanguage\":\"en-US\"},{\"@type\":\"Organization\",\"@id\":\"https:\\\/\\\/www.bm-gmbh.com\\\/en\\\/#organization\",\"name\":\"b&m GmbH\",\"alternateName\":\"b&m GmbH - Ihr Partner f\u00fcr alle Marken\",\"url\":\"https:\\\/\\\/www.bm-gmbh.com\\\/en\\\/\",\"logo\":{\"@type\":\"ImageObject\",\"inLanguage\":\"en-US\",\"@id\":\"https:\\\/\\\/www.bm-gmbh.com\\\/en\\\/#\\\/schema\\\/logo\\\/image\\\/\",\"url\":\"https:\\\/\\\/www.bm-gmbh.com\\\/wp-content\\\/uploads\\\/bm-1024.png\",\"contentUrl\":\"https:\\\/\\\/www.bm-gmbh.com\\\/wp-content\\\/uploads\\\/bm-1024.png\",\"width\":1024,\"height\":1024,\"caption\":\"b&m GmbH\"},\"image\":{\"@id\":\"https:\\\/\\\/www.bm-gmbh.com\\\/en\\\/#\\\/schema\\\/logo\\\/image\\\/\"},\"sameAs\":[\"https:\\\/\\\/www.instagram.com\\\/bm.gmbh\",\"https:\\\/\\\/www.youtube.com\\\/@bmgmbh6754\"],\"description\":\"Mittelst\u00e4ndischer Anbieter f\u00fcr Farbspritztechnik, Oberfl\u00e4chentechnik, Pumpentechnik, Bautenschutz- und Injektionstechnik. Bedient prim\u00e4r Handwerk und Industrie Zentrale Produkte & Services: Spritztechnik: Hand- & Automatikpistolen, HD\\\/ND-Ger\u00e4te, 2K-Anlagen, Elektrostatiksysteme. Bautenschutz\\\/Injektionstechnik: Injektionsanlagen, Gelanlagen, Schnecken-\\\/Mischpumpen. Zubeh\u00f6r\\\/Technik: Kompressoren, Filteranlagen, R\u00fchrwerke, Packer & Injektoren. Fokus auf hochwertige, langlebige Profi-Ger\u00e4te \u2192 Interesse an zuverl\u00e4ssigen Partnern, Service & technischem Support.\",\"email\":\"info@bm-gmbh.com\",\"telephone\":\"0049 7546 923120\",\"legalName\":\"b&m GmbH\",\"foundingDate\":\"1997-04-02\",\"numberOfEmployees\":{\"@type\":\"QuantitativeValue\",\"minValue\":\"11\",\"maxValue\":\"50\"}}]}<\/script>\n<meta property=\"product:brand\" content=\"Acrylic paints\" \/>\n<meta property=\"product:price:currency\" content=\"EUR\" \/>\n<meta property=\"og:availability\" content=\"instock\" \/>\n<meta property=\"product:availability\" content=\"instock\" \/>\n<meta property=\"product:retailer_item_id\" content=\"BM307-17M196\" \/>\n<meta property=\"product:condition\" content=\"new\" \/>\n<!-- \/ Yoast SEO Premium plugin. -->","yoast_head_json":{"title":"Electric Piston Pump Airlessco MP 455","description":"Thanks to their robust, compact and balanced frame, the MP series sprayers are optimally protected and easy to transport.","robots":{"index":"index","follow":"follow","max-snippet":"max-snippet:-1","max-image-preview":"max-image-preview:large","max-video-preview":"max-video-preview:-1"},"canonical":"https:\/\/www.bm-gmbh.com\/en\/products\/electric-piston-pumps\/electric-piston-pump-mp455\/electric-piston-pump-mp-455\/","og_locale":"en_US","og_type":"article","og_title":"Electric Piston Pump MP 455","og_description":"Thanks to their robust, compact and balanced frame, the MP series sprayers are optimally protected and easy to transport.","og_url":"https:\/\/www.bm-gmbh.com\/en\/products\/electric-piston-pumps\/electric-piston-pump-mp455\/electric-piston-pump-mp-455\/","og_site_name":"b&amp;m GmbH - Ihr Partner f\u00fcr alle Marken","article_modified_time":"2025-12-18T15:51:03+00:00","og_image":[{"width":1024,"height":1024,"url":"https:\/\/www.bm-gmbh.com\/wp-content\/uploads\/2023\/11\/MP-455-Schlauch-NEU.png","type":"image\/png"}],"schema":{"@context":"https:\/\/schema.org","@graph":[{"@type":"WebPage","@id":"https:\/\/www.bm-gmbh.com\/en\/products\/electric-piston-pumps\/electric-piston-pump-mp455\/electric-piston-pump-mp-455\/","url":"https:\/\/www.bm-gmbh.com\/en\/products\/electric-piston-pumps\/electric-piston-pump-mp455\/electric-piston-pump-mp-455\/","name":"Electric Piston Pump Airlessco MP 455","isPartOf":{"@id":"https:\/\/www.bm-gmbh.com\/en\/#website"},"primaryImageOfPage":{"@id":"https:\/\/www.bm-gmbh.com\/en\/products\/electric-piston-pumps\/electric-piston-pump-mp455\/electric-piston-pump-mp-455\/#primaryimage"},"image":{"@id":"https:\/\/www.bm-gmbh.com\/en\/products\/electric-piston-pumps\/electric-piston-pump-mp455\/electric-piston-pump-mp-455\/#primaryimage"},"thumbnailUrl":"https:\/\/www.bm-gmbh.com\/wp-content\/uploads\/2023\/11\/MP-455-Schlauch-NEU.png","datePublished":"2023-11-24T07:56:57+00:00","dateModified":"2025-12-18T15:51:03+00:00","description":"Thanks to their robust, compact and balanced frame, the MP series sprayers are optimally protected and easy to transport.","breadcrumb":{"@id":"https:\/\/www.bm-gmbh.com\/en\/products\/electric-piston-pumps\/electric-piston-pump-mp455\/electric-piston-pump-mp-455\/#breadcrumb"},"inLanguage":"en-US","potentialAction":[{"@type":"ReadAction","target":["https:\/\/www.bm-gmbh.com\/en\/products\/electric-piston-pumps\/electric-piston-pump-mp455\/electric-piston-pump-mp-455\/"]}]},{"@type":"ImageObject","inLanguage":"en-US","@id":"https:\/\/www.bm-gmbh.com\/en\/products\/electric-piston-pumps\/electric-piston-pump-mp455\/electric-piston-pump-mp-455\/#primaryimage","url":"https:\/\/www.bm-gmbh.com\/wp-content\/uploads\/2023\/11\/MP-455-Schlauch-NEU.png","contentUrl":"https:\/\/www.bm-gmbh.com\/wp-content\/uploads\/2023\/11\/MP-455-Schlauch-NEU.png","width":1024,"height":1024},{"@type":"BreadcrumbList","@id":"https:\/\/www.bm-gmbh.com\/en\/products\/electric-piston-pumps\/electric-piston-pump-mp455\/electric-piston-pump-mp-455\/#breadcrumb","itemListElement":[{"@type":"ListItem","position":1,"name":"Startseite","item":"https:\/\/www.bm-gmbh.com\/en\/home-page\/"},{"@type":"ListItem","position":2,"name":"Products","item":"https:\/\/www.bm-gmbh.com\/en\/products-2\/"},{"@type":"ListItem","position":3,"name":"Electric Piston Pump MP 455"}]},{"@type":"WebSite","@id":"https:\/\/www.bm-gmbh.com\/en\/#website","url":"https:\/\/www.bm-gmbh.com\/en\/","name":"b&m GmbH","description":"Ihr Partner f\u00fcr alle Marken","publisher":{"@id":"https:\/\/www.bm-gmbh.com\/en\/#organization"},"alternateName":"b&m GmbH - Ihr Partner f\u00fcr alle Marken","potentialAction":[{"@type":"SearchAction","target":{"@type":"EntryPoint","urlTemplate":"https:\/\/www.bm-gmbh.com\/en\/?s={search_term_string}"},"query-input":{"@type":"PropertyValueSpecification","valueRequired":true,"valueName":"search_term_string"}}],"inLanguage":"en-US"},{"@type":"Organization","@id":"https:\/\/www.bm-gmbh.com\/en\/#organization","name":"b&m GmbH","alternateName":"b&m GmbH - Ihr Partner f\u00fcr alle Marken","url":"https:\/\/www.bm-gmbh.com\/en\/","logo":{"@type":"ImageObject","inLanguage":"en-US","@id":"https:\/\/www.bm-gmbh.com\/en\/#\/schema\/logo\/image\/","url":"https:\/\/www.bm-gmbh.com\/wp-content\/uploads\/bm-1024.png","contentUrl":"https:\/\/www.bm-gmbh.com\/wp-content\/uploads\/bm-1024.png","width":1024,"height":1024,"caption":"b&m GmbH"},"image":{"@id":"https:\/\/www.bm-gmbh.com\/en\/#\/schema\/logo\/image\/"},"sameAs":["https:\/\/www.instagram.com\/bm.gmbh","https:\/\/www.youtube.com\/@bmgmbh6754"],"description":"Mittelst\u00e4ndischer Anbieter f\u00fcr Farbspritztechnik, Oberfl\u00e4chentechnik, Pumpentechnik, Bautenschutz- und Injektionstechnik. Bedient prim\u00e4r Handwerk und Industrie Zentrale Produkte & Services: Spritztechnik: Hand- & Automatikpistolen, HD\/ND-Ger\u00e4te, 2K-Anlagen, Elektrostatiksysteme. Bautenschutz\/Injektionstechnik: Injektionsanlagen, Gelanlagen, Schnecken-\/Mischpumpen. Zubeh\u00f6r\/Technik: Kompressoren, Filteranlagen, R\u00fchrwerke, Packer & Injektoren. Fokus auf hochwertige, langlebige Profi-Ger\u00e4te \u2192 Interesse an zuverl\u00e4ssigen Partnern, Service & technischem Support.","email":"info@bm-gmbh.com","telephone":"0049 7546 923120","legalName":"b&m GmbH","foundingDate":"1997-04-02","numberOfEmployees":{"@type":"QuantitativeValue","minValue":"11","maxValue":"50"}}]},"product_brand":"Acrylic paints","product_price_currency":"EUR","og_availability":"instock","product_availability":"instock","product_retailer_item_id":"BM307-17M196","product_condition":"new"},"_links":{"self":[{"href":"https:\/\/www.bm-gmbh.com\/en\/wp-json\/wp\/v2\/product\/18510","targetHints":{"allow":["GET"]}}],"collection":[{"href":"https:\/\/www.bm-gmbh.com\/en\/wp-json\/wp\/v2\/product"}],"about":[{"href":"https:\/\/www.bm-gmbh.com\/en\/wp-json\/wp\/v2\/types\/product"}],"wp:featuredmedia":[{"embeddable":true,"href":"https:\/\/www.bm-gmbh.com\/en\/wp-json\/wp\/v2\/media\/22861"}],"wp:attachment":[{"href":"https:\/\/www.bm-gmbh.com\/en\/wp-json\/wp\/v2\/media?parent=18510"}],"wp:term":[{"taxonomy":"product_brand","embeddable":true,"href":"https:\/\/www.bm-gmbh.com\/en\/wp-json\/wp\/v2\/product_brand?post=18510"},{"taxonomy":"product_cat","embeddable":true,"href":"https:\/\/www.bm-gmbh.com\/en\/wp-json\/wp\/v2\/product_cat?post=18510"},{"taxonomy":"product_tag","embeddable":true,"href":"https:\/\/www.bm-gmbh.com\/en\/wp-json\/wp\/v2\/product_tag?post=18510"}],"curies":[{"name":"wp","href":"https:\/\/api.w.org\/{rel}","templated":true}]}}