{"id":18084,"date":"2023-11-24T09:50:15","date_gmt":"2023-11-24T08:50:15","guid":{"rendered":"https:\/\/bm-gmbh.com\/produkte\/uncategorized\/airless-a4000-trolley\/"},"modified":"2025-05-14T15:23:49","modified_gmt":"2025-05-14T13:23:49","slug":"airless-a4000-trolley","status":"publish","type":"product","link":"https:\/\/www.bm-gmbh.com\/en\/products\/electric-diaphragm-pumps\/airless-a4000-trolley\/","title":{"rendered":"Airless A4000 trolley"},"content":{"rendered":"<p>The b&amp;m A 4000 is a high-pressure unit with a working pressure of up to 230 bar. The appliance is optionally available in aluminum or stainless steel. VA is the material of choice for a long service life, especially when alkaline or aggressive media are used. Can be used on any construction site without additional compressed air thanks to the power supply connection. Depending on the accessories, all models can be used as high-pressure injection devices, as flood devices or for airless or aircombi spraying. An inlet valve with valve dabber simplifies commissioning, even if the valve cone should become stuck. The working pressure is steplessly adjustable from 0 &#8211; 230 bar on the pressure regulator of the appliance.       The appliances on the trolley are easy to transport, even up and down stairs thanks to the large wheels. The trolley has an integrated tool compartment for nozzles, filters, packers, etc.<\/p>\n","protected":false},"excerpt":{"rendered":"<p>Completely ready for spraying in the chassis with upper tank 6l<\/p>\n","protected":false},"featured_media":14993,"template":"","meta":{"site-sidebar-layout":"default","site-content-layout":"","ast-site-content-layout":"default","site-content-style":"default","site-sidebar-style":"default","ast-global-header-display":"","ast-banner-title-visibility":"","ast-main-header-display":"","ast-hfb-above-header-display":"","ast-hfb-below-header-display":"","ast-hfb-mobile-header-display":"","site-post-title":"","ast-breadcrumbs-content":"","ast-featured-img":"","footer-sml-layout":"","ast-disable-related-posts":"","theme-transparent-header-meta":"default","adv-header-id-meta":"","stick-header-meta":"default","header-above-stick-meta":"","header-main-stick-meta":"","header-below-stick-meta":"","astra-migrate-meta-layouts":"set","ast-page-background-enabled":"default","ast-page-background-meta":{"desktop":{"background-color":"var(--ast-global-color-4)","background-image":"","background-repeat":"repeat","background-position":"center center","background-size":"auto","background-attachment":"scroll","background-type":"","background-media":"","overlay-type":"","overlay-color":"","overlay-opacity":"","overlay-gradient":""},"tablet":{"background-color":"","background-image":"","background-repeat":"repeat","background-position":"center center","background-size":"auto","background-attachment":"scroll","background-type":"","background-media":"","overlay-type":"","overlay-color":"","overlay-opacity":"","overlay-gradient":""},"mobile":{"background-color":"","background-image":"","background-repeat":"repeat","background-position":"center center","background-size":"auto","background-attachment":"scroll","background-type":"","background-media":"","overlay-type":"","overlay-color":"","overlay-opacity":"","overlay-gradient":""}},"ast-content-background-meta":{"desktop":{"background-color":"var(--ast-global-color-5)","background-image":"","background-repeat":"repeat","background-position":"center center","background-size":"auto","background-attachment":"scroll","background-type":"","background-media":"","overlay-type":"","overlay-color":"","overlay-opacity":"","overlay-gradient":""},"tablet":{"background-color":"var(--ast-global-color-5)","background-image":"","background-repeat":"repeat","background-position":"center center","background-size":"auto","background-attachment":"scroll","background-type":"","background-media":"","overlay-type":"","overlay-color":"","overlay-opacity":"","overlay-gradient":""},"mobile":{"background-color":"var(--ast-global-color-5)","background-image":"","background-repeat":"repeat","background-position":"center center","background-size":"auto","background-attachment":"scroll","background-type":"","background-media":"","overlay-type":"","overlay-color":"","overlay-opacity":"","overlay-gradient":""}}},"product_brand":[],"product_cat":[1445],"product_tag":[1110,1470,1468,1471,1467,1469,1129],"class_list":{"0":"post-18084","1":"product","2":"type-product","3":"status-publish","4":"has-post-thumbnail","6":"product_cat-electric-diaphragm-pumps","7":"product_tag-facade-paints","8":"product_tag-filler-en","9":"product_tag-glazes","10":"product_tag-hydrophobic-treatment","11":"product_tag-puddle","12":"product_tag-undercoats","13":"product_tag-wood-preservation","14":"desktop-align-center","15":"tablet-align-left","16":"mobile-align-center","17":"ast-product-gallery-layout-horizontal-slider","18":"ast-product-gallery-with-no-image","19":"ast-qv-on-image","21":"first","22":"instock","23":"shipping-taxable","24":"product-type-simple"},"yoast_head":"<!-- This site is optimized with the Yoast SEO Premium plugin v27.4 (Yoast SEO v27.4) - https:\/\/yoast.com\/product\/yoast-seo-premium-wordpress\/ -->\n<title>Airless A4000 trolley<\/title>\n<meta name=\"description\" content=\"The b&amp;m A 4000 is a high-pressure unit with a working pressure of up to 230 bar. The appliance is optionally available in aluminum or stainless steel. VA is the material of choice for a long service life, especially when alkaline or aggressive media are used. Can be used on any construction site without additional compressed air thanks to the power supply connection. Depending on the accessories, all models can be used as high-pressure injection devices, as flood devices or for airless or aircombi spraying. An inlet valve with valve dabber simplifies commissioning, even if the valve cone should become stuck. The working pressure is steplessly adjustable from 0 - 230 bar on the pressure regulator of the appliance. The appliances on the trolley are easy to transport, even up and down stairs thanks to the large wheels. The trolley has an integrated tool compartment for nozzles, filters, packers, etc.\" \/>\n<meta name=\"robots\" content=\"index, follow, max-snippet:-1, max-image-preview:large, max-video-preview:-1\" \/>\n<link rel=\"canonical\" href=\"https:\/\/www.bm-gmbh.com\/en\/products\/electric-diaphragm-pumps\/airless-a4000-trolley\/\" \/>\n<meta property=\"og:locale\" content=\"en_US\" \/>\n<meta property=\"og:type\" content=\"article\" \/>\n<meta property=\"og:title\" content=\"Airless A4000 trolley\" \/>\n<meta property=\"og:description\" content=\"The b&amp;m A 4000 is a high-pressure unit with a working pressure of up to 230 bar. The appliance is optionally available in aluminum or stainless steel. VA is the material of choice for a long service life, especially when alkaline or aggressive media are used. Can be used on any construction site without additional compressed air thanks to the power supply connection. Depending on the accessories, all models can be used as high-pressure injection devices, as flood devices or for airless or aircombi spraying. An inlet valve with valve dabber simplifies commissioning, even if the valve cone should become stuck. The working pressure is steplessly adjustable from 0 - 230 bar on the pressure regulator of the appliance. The appliances on the trolley are easy to transport, even up and down stairs thanks to the large wheels. The trolley has an integrated tool compartment for nozzles, filters, packers, etc.\" \/>\n<meta property=\"og:url\" content=\"https:\/\/www.bm-gmbh.com\/en\/products\/electric-diaphragm-pumps\/airless-a4000-trolley\/\" \/>\n<meta property=\"og:site_name\" content=\"b&amp;m GmbH - Ihr Partner f\u00fcr alle Marken\" \/>\n<meta property=\"article:modified_time\" content=\"2025-05-14T13:23:49+00:00\" \/>\n<meta property=\"og:image\" content=\"https:\/\/www.bm-gmbh.com\/wp-content\/uploads\/PNG_A4000_trolley_OB6L-3.png\" \/>\n\t<meta property=\"og:image:width\" content=\"1024\" \/>\n\t<meta property=\"og:image:height\" content=\"1024\" \/>\n\t<meta property=\"og:image:type\" content=\"image\/png\" \/>\n<script type=\"application\/ld+json\" class=\"yoast-schema-graph\">{\"@context\":\"https:\\\/\\\/schema.org\",\"@graph\":[{\"@type\":\"WebPage\",\"@id\":\"https:\\\/\\\/www.bm-gmbh.com\\\/en\\\/products\\\/electric-diaphragm-pumps\\\/airless-a4000-trolley\\\/\",\"url\":\"https:\\\/\\\/www.bm-gmbh.com\\\/en\\\/products\\\/electric-diaphragm-pumps\\\/airless-a4000-trolley\\\/\",\"name\":\"Airless A4000 trolley\",\"isPartOf\":{\"@id\":\"https:\\\/\\\/www.bm-gmbh.com\\\/en\\\/#website\"},\"primaryImageOfPage\":{\"@id\":\"https:\\\/\\\/www.bm-gmbh.com\\\/en\\\/products\\\/electric-diaphragm-pumps\\\/airless-a4000-trolley\\\/#primaryimage\"},\"image\":{\"@id\":\"https:\\\/\\\/www.bm-gmbh.com\\\/en\\\/products\\\/electric-diaphragm-pumps\\\/airless-a4000-trolley\\\/#primaryimage\"},\"thumbnailUrl\":\"https:\\\/\\\/www.bm-gmbh.com\\\/wp-content\\\/uploads\\\/PNG_A4000_trolley_OB6L-3.png\",\"datePublished\":\"2023-11-24T08:50:15+00:00\",\"dateModified\":\"2025-05-14T13:23:49+00:00\",\"description\":\"The b&m A 4000 is a high-pressure unit with a working pressure of up to 230 bar. The appliance is optionally available in aluminum or stainless steel. VA is the material of choice for a long service life, especially when alkaline or aggressive media are used. Can be used on any construction site without additional compressed air thanks to the power supply connection. Depending on the accessories, all models can be used as high-pressure injection devices, as flood devices or for airless or aircombi spraying. An inlet valve with valve dabber simplifies commissioning, even if the valve cone should become stuck. The working pressure is steplessly adjustable from 0 - 230 bar on the pressure regulator of the appliance. The appliances on the trolley are easy to transport, even up and down stairs thanks to the large wheels. The trolley has an integrated tool compartment for nozzles, filters, packers, etc.\",\"breadcrumb\":{\"@id\":\"https:\\\/\\\/www.bm-gmbh.com\\\/en\\\/products\\\/electric-diaphragm-pumps\\\/airless-a4000-trolley\\\/#breadcrumb\"},\"inLanguage\":\"en-US\",\"potentialAction\":[{\"@type\":\"ReadAction\",\"target\":[\"https:\\\/\\\/www.bm-gmbh.com\\\/en\\\/products\\\/electric-diaphragm-pumps\\\/airless-a4000-trolley\\\/\"]}]},{\"@type\":\"ImageObject\",\"inLanguage\":\"en-US\",\"@id\":\"https:\\\/\\\/www.bm-gmbh.com\\\/en\\\/products\\\/electric-diaphragm-pumps\\\/airless-a4000-trolley\\\/#primaryimage\",\"url\":\"https:\\\/\\\/www.bm-gmbh.com\\\/wp-content\\\/uploads\\\/PNG_A4000_trolley_OB6L-3.png\",\"contentUrl\":\"https:\\\/\\\/www.bm-gmbh.com\\\/wp-content\\\/uploads\\\/PNG_A4000_trolley_OB6L-3.png\",\"width\":1024,\"height\":1024,\"caption\":\"Airless A4000 trolley\"},{\"@type\":\"BreadcrumbList\",\"@id\":\"https:\\\/\\\/www.bm-gmbh.com\\\/en\\\/products\\\/electric-diaphragm-pumps\\\/airless-a4000-trolley\\\/#breadcrumb\",\"itemListElement\":[{\"@type\":\"ListItem\",\"position\":1,\"name\":\"Startseite\",\"item\":\"https:\\\/\\\/www.bm-gmbh.com\\\/en\\\/home-page\\\/\"},{\"@type\":\"ListItem\",\"position\":2,\"name\":\"Products\",\"item\":\"https:\\\/\\\/www.bm-gmbh.com\\\/en\\\/products-2\\\/\"},{\"@type\":\"ListItem\",\"position\":3,\"name\":\"Airless A4000 trolley\"}]},{\"@type\":\"WebSite\",\"@id\":\"https:\\\/\\\/www.bm-gmbh.com\\\/en\\\/#website\",\"url\":\"https:\\\/\\\/www.bm-gmbh.com\\\/en\\\/\",\"name\":\"b&m GmbH\",\"description\":\"Ihr Partner f\u00fcr alle Marken\",\"publisher\":{\"@id\":\"https:\\\/\\\/www.bm-gmbh.com\\\/en\\\/#organization\"},\"alternateName\":\"b&m GmbH - Ihr Partner f\u00fcr alle Marken\",\"potentialAction\":[{\"@type\":\"SearchAction\",\"target\":{\"@type\":\"EntryPoint\",\"urlTemplate\":\"https:\\\/\\\/www.bm-gmbh.com\\\/en\\\/?s={search_term_string}\"},\"query-input\":{\"@type\":\"PropertyValueSpecification\",\"valueRequired\":true,\"valueName\":\"search_term_string\"}}],\"inLanguage\":\"en-US\"},{\"@type\":\"Organization\",\"@id\":\"https:\\\/\\\/www.bm-gmbh.com\\\/en\\\/#organization\",\"name\":\"b&m GmbH\",\"alternateName\":\"b&m GmbH - Ihr Partner f\u00fcr alle Marken\",\"url\":\"https:\\\/\\\/www.bm-gmbh.com\\\/en\\\/\",\"logo\":{\"@type\":\"ImageObject\",\"inLanguage\":\"en-US\",\"@id\":\"https:\\\/\\\/www.bm-gmbh.com\\\/en\\\/#\\\/schema\\\/logo\\\/image\\\/\",\"url\":\"https:\\\/\\\/www.bm-gmbh.com\\\/wp-content\\\/uploads\\\/bm-1024.png\",\"contentUrl\":\"https:\\\/\\\/www.bm-gmbh.com\\\/wp-content\\\/uploads\\\/bm-1024.png\",\"width\":1024,\"height\":1024,\"caption\":\"b&m GmbH\"},\"image\":{\"@id\":\"https:\\\/\\\/www.bm-gmbh.com\\\/en\\\/#\\\/schema\\\/logo\\\/image\\\/\"},\"sameAs\":[\"https:\\\/\\\/www.instagram.com\\\/bm.gmbh\",\"https:\\\/\\\/www.youtube.com\\\/@bmgmbh6754\"],\"description\":\"Mittelst\u00e4ndischer Anbieter f\u00fcr Farbspritztechnik, Oberfl\u00e4chentechnik, Pumpentechnik, Bautenschutz- und Injektionstechnik. Bedient prim\u00e4r Handwerk und Industrie Zentrale Produkte & Services: Spritztechnik: Hand- & Automatikpistolen, HD\\\/ND-Ger\u00e4te, 2K-Anlagen, Elektrostatiksysteme. Bautenschutz\\\/Injektionstechnik: Injektionsanlagen, Gelanlagen, Schnecken-\\\/Mischpumpen. Zubeh\u00f6r\\\/Technik: Kompressoren, Filteranlagen, R\u00fchrwerke, Packer & Injektoren. Fokus auf hochwertige, langlebige Profi-Ger\u00e4te \u2192 Interesse an zuverl\u00e4ssigen Partnern, Service & technischem Support.\",\"email\":\"info@bm-gmbh.com\",\"telephone\":\"0049 7546 923120\",\"legalName\":\"b&m GmbH\",\"foundingDate\":\"1997-04-02\",\"numberOfEmployees\":{\"@type\":\"QuantitativeValue\",\"minValue\":\"11\",\"maxValue\":\"50\"}}]}<\/script>\n<meta property=\"product:brand\" content=\"facade paints\" \/>\n<meta property=\"product:price:currency\" content=\"EUR\" \/>\n<meta property=\"og:availability\" content=\"instock\" \/>\n<meta property=\"product:availability\" content=\"instock\" \/>\n<meta property=\"product:retailer_item_id\" content=\"BM4101\" \/>\n<meta property=\"product:condition\" content=\"new\" \/>\n<!-- \/ Yoast SEO Premium plugin. -->","yoast_head_json":{"title":"Airless A4000 trolley","description":"The b&m A 4000 is a high-pressure unit with a working pressure of up to 230 bar. The appliance is optionally available in aluminum or stainless steel. VA is the material of choice for a long service life, especially when alkaline or aggressive media are used. Can be used on any construction site without additional compressed air thanks to the power supply connection. Depending on the accessories, all models can be used as high-pressure injection devices, as flood devices or for airless or aircombi spraying. An inlet valve with valve dabber simplifies commissioning, even if the valve cone should become stuck. The working pressure is steplessly adjustable from 0 - 230 bar on the pressure regulator of the appliance. The appliances on the trolley are easy to transport, even up and down stairs thanks to the large wheels. The trolley has an integrated tool compartment for nozzles, filters, packers, etc.","robots":{"index":"index","follow":"follow","max-snippet":"max-snippet:-1","max-image-preview":"max-image-preview:large","max-video-preview":"max-video-preview:-1"},"canonical":"https:\/\/www.bm-gmbh.com\/en\/products\/electric-diaphragm-pumps\/airless-a4000-trolley\/","og_locale":"en_US","og_type":"article","og_title":"Airless A4000 trolley","og_description":"The b&m A 4000 is a high-pressure unit with a working pressure of up to 230 bar. The appliance is optionally available in aluminum or stainless steel. VA is the material of choice for a long service life, especially when alkaline or aggressive media are used. Can be used on any construction site without additional compressed air thanks to the power supply connection. Depending on the accessories, all models can be used as high-pressure injection devices, as flood devices or for airless or aircombi spraying. An inlet valve with valve dabber simplifies commissioning, even if the valve cone should become stuck. The working pressure is steplessly adjustable from 0 - 230 bar on the pressure regulator of the appliance. The appliances on the trolley are easy to transport, even up and down stairs thanks to the large wheels. The trolley has an integrated tool compartment for nozzles, filters, packers, etc.","og_url":"https:\/\/www.bm-gmbh.com\/en\/products\/electric-diaphragm-pumps\/airless-a4000-trolley\/","og_site_name":"b&amp;m GmbH - Ihr Partner f\u00fcr alle Marken","article_modified_time":"2025-05-14T13:23:49+00:00","og_image":[{"width":1024,"height":1024,"url":"https:\/\/www.bm-gmbh.com\/wp-content\/uploads\/PNG_A4000_trolley_OB6L-3.png","type":"image\/png"}],"schema":{"@context":"https:\/\/schema.org","@graph":[{"@type":"WebPage","@id":"https:\/\/www.bm-gmbh.com\/en\/products\/electric-diaphragm-pumps\/airless-a4000-trolley\/","url":"https:\/\/www.bm-gmbh.com\/en\/products\/electric-diaphragm-pumps\/airless-a4000-trolley\/","name":"Airless A4000 trolley","isPartOf":{"@id":"https:\/\/www.bm-gmbh.com\/en\/#website"},"primaryImageOfPage":{"@id":"https:\/\/www.bm-gmbh.com\/en\/products\/electric-diaphragm-pumps\/airless-a4000-trolley\/#primaryimage"},"image":{"@id":"https:\/\/www.bm-gmbh.com\/en\/products\/electric-diaphragm-pumps\/airless-a4000-trolley\/#primaryimage"},"thumbnailUrl":"https:\/\/www.bm-gmbh.com\/wp-content\/uploads\/PNG_A4000_trolley_OB6L-3.png","datePublished":"2023-11-24T08:50:15+00:00","dateModified":"2025-05-14T13:23:49+00:00","description":"The b&m A 4000 is a high-pressure unit with a working pressure of up to 230 bar. The appliance is optionally available in aluminum or stainless steel. VA is the material of choice for a long service life, especially when alkaline or aggressive media are used. Can be used on any construction site without additional compressed air thanks to the power supply connection. Depending on the accessories, all models can be used as high-pressure injection devices, as flood devices or for airless or aircombi spraying. An inlet valve with valve dabber simplifies commissioning, even if the valve cone should become stuck. The working pressure is steplessly adjustable from 0 - 230 bar on the pressure regulator of the appliance. The appliances on the trolley are easy to transport, even up and down stairs thanks to the large wheels. The trolley has an integrated tool compartment for nozzles, filters, packers, etc.","breadcrumb":{"@id":"https:\/\/www.bm-gmbh.com\/en\/products\/electric-diaphragm-pumps\/airless-a4000-trolley\/#breadcrumb"},"inLanguage":"en-US","potentialAction":[{"@type":"ReadAction","target":["https:\/\/www.bm-gmbh.com\/en\/products\/electric-diaphragm-pumps\/airless-a4000-trolley\/"]}]},{"@type":"ImageObject","inLanguage":"en-US","@id":"https:\/\/www.bm-gmbh.com\/en\/products\/electric-diaphragm-pumps\/airless-a4000-trolley\/#primaryimage","url":"https:\/\/www.bm-gmbh.com\/wp-content\/uploads\/PNG_A4000_trolley_OB6L-3.png","contentUrl":"https:\/\/www.bm-gmbh.com\/wp-content\/uploads\/PNG_A4000_trolley_OB6L-3.png","width":1024,"height":1024,"caption":"Airless A4000 trolley"},{"@type":"BreadcrumbList","@id":"https:\/\/www.bm-gmbh.com\/en\/products\/electric-diaphragm-pumps\/airless-a4000-trolley\/#breadcrumb","itemListElement":[{"@type":"ListItem","position":1,"name":"Startseite","item":"https:\/\/www.bm-gmbh.com\/en\/home-page\/"},{"@type":"ListItem","position":2,"name":"Products","item":"https:\/\/www.bm-gmbh.com\/en\/products-2\/"},{"@type":"ListItem","position":3,"name":"Airless A4000 trolley"}]},{"@type":"WebSite","@id":"https:\/\/www.bm-gmbh.com\/en\/#website","url":"https:\/\/www.bm-gmbh.com\/en\/","name":"b&m GmbH","description":"Ihr Partner f\u00fcr alle Marken","publisher":{"@id":"https:\/\/www.bm-gmbh.com\/en\/#organization"},"alternateName":"b&m GmbH - Ihr Partner f\u00fcr alle Marken","potentialAction":[{"@type":"SearchAction","target":{"@type":"EntryPoint","urlTemplate":"https:\/\/www.bm-gmbh.com\/en\/?s={search_term_string}"},"query-input":{"@type":"PropertyValueSpecification","valueRequired":true,"valueName":"search_term_string"}}],"inLanguage":"en-US"},{"@type":"Organization","@id":"https:\/\/www.bm-gmbh.com\/en\/#organization","name":"b&m GmbH","alternateName":"b&m GmbH - Ihr Partner f\u00fcr alle Marken","url":"https:\/\/www.bm-gmbh.com\/en\/","logo":{"@type":"ImageObject","inLanguage":"en-US","@id":"https:\/\/www.bm-gmbh.com\/en\/#\/schema\/logo\/image\/","url":"https:\/\/www.bm-gmbh.com\/wp-content\/uploads\/bm-1024.png","contentUrl":"https:\/\/www.bm-gmbh.com\/wp-content\/uploads\/bm-1024.png","width":1024,"height":1024,"caption":"b&m GmbH"},"image":{"@id":"https:\/\/www.bm-gmbh.com\/en\/#\/schema\/logo\/image\/"},"sameAs":["https:\/\/www.instagram.com\/bm.gmbh","https:\/\/www.youtube.com\/@bmgmbh6754"],"description":"Mittelst\u00e4ndischer Anbieter f\u00fcr Farbspritztechnik, Oberfl\u00e4chentechnik, Pumpentechnik, Bautenschutz- und Injektionstechnik. Bedient prim\u00e4r Handwerk und Industrie Zentrale Produkte & Services: Spritztechnik: Hand- & Automatikpistolen, HD\/ND-Ger\u00e4te, 2K-Anlagen, Elektrostatiksysteme. Bautenschutz\/Injektionstechnik: Injektionsanlagen, Gelanlagen, Schnecken-\/Mischpumpen. Zubeh\u00f6r\/Technik: Kompressoren, Filteranlagen, R\u00fchrwerke, Packer & Injektoren. Fokus auf hochwertige, langlebige Profi-Ger\u00e4te \u2192 Interesse an zuverl\u00e4ssigen Partnern, Service & technischem Support.","email":"info@bm-gmbh.com","telephone":"0049 7546 923120","legalName":"b&m GmbH","foundingDate":"1997-04-02","numberOfEmployees":{"@type":"QuantitativeValue","minValue":"11","maxValue":"50"}}]},"product_brand":"facade paints","product_price_currency":"EUR","og_availability":"instock","product_availability":"instock","product_retailer_item_id":"BM4101","product_condition":"new"},"_links":{"self":[{"href":"https:\/\/www.bm-gmbh.com\/en\/wp-json\/wp\/v2\/product\/18084","targetHints":{"allow":["GET"]}}],"collection":[{"href":"https:\/\/www.bm-gmbh.com\/en\/wp-json\/wp\/v2\/product"}],"about":[{"href":"https:\/\/www.bm-gmbh.com\/en\/wp-json\/wp\/v2\/types\/product"}],"wp:featuredmedia":[{"embeddable":true,"href":"https:\/\/www.bm-gmbh.com\/en\/wp-json\/wp\/v2\/media\/14993"}],"wp:attachment":[{"href":"https:\/\/www.bm-gmbh.com\/en\/wp-json\/wp\/v2\/media?parent=18084"}],"wp:term":[{"taxonomy":"product_brand","embeddable":true,"href":"https:\/\/www.bm-gmbh.com\/en\/wp-json\/wp\/v2\/product_brand?post=18084"},{"taxonomy":"product_cat","embeddable":true,"href":"https:\/\/www.bm-gmbh.com\/en\/wp-json\/wp\/v2\/product_cat?post=18084"},{"taxonomy":"product_tag","embeddable":true,"href":"https:\/\/www.bm-gmbh.com\/en\/wp-json\/wp\/v2\/product_tag?post=18084"}],"curies":[{"name":"wp","href":"https:\/\/api.w.org\/{rel}","templated":true}]}}