{"id":15977,"date":"2023-12-20T12:04:32","date_gmt":"2023-12-20T11:04:32","guid":{"rendered":"https:\/\/bm-gmbh.com\/produkte\/uncategorized\/feed-pumps-da-series\/"},"modified":"2025-05-14T17:18:10","modified_gmt":"2025-05-14T15:18:10","slug":"feed-pumps-da-series","status":"publish","type":"product","link":"https:\/\/www.bm-gmbh.com\/en\/products\/low-pressure-pumps\/low-pressure-piston-pumps\/feed-pumps-da-series\/","title":{"rendered":"supply pumps DA series"},"content":{"rendered":"<ul>\n<li>with spring-loaded packing<\/li>\n<li>Stainless steel<\/li>\n<li>long and short versions<\/li>\n<\/ul>\n<p>Variants:<br \/>\nFDP 2:1 &#8211; 165 ccm<br \/>\nFDP 4:1 &#8211; 84 ccm<br \/>\nFDP 4,5:1 &#8211; 288 ccm<br \/>\nFDP 7:1 &#8211; 41 ccm<br \/>\nFDP 9:1 &#8211; 288 ccm<br \/>\nFDP 10:1 &#8211; 72 ccm (not stainless)<\/p>\n","protected":false},"excerpt":{"rendered":"<p>with spring-loaded packing Stainless steel long and short versions Variants: FDP 2:1 &#8211; 165 ccm FDP 4:1 &#8211; 84 ccm FDP 4,5:1 &#8211; 288 ccm FDP 7:1 &#8211; 41 ccm FDP 9:1 &#8211; 288 ccm FDP 10:1 &#8211; 72 ccm (not stainless)<\/p>\n","protected":false},"featured_media":15171,"template":"","meta":{"site-sidebar-layout":"default","site-content-layout":"","ast-site-content-layout":"default","site-content-style":"default","site-sidebar-style":"default","ast-global-header-display":"","ast-banner-title-visibility":"","ast-main-header-display":"","ast-hfb-above-header-display":"","ast-hfb-below-header-display":"","ast-hfb-mobile-header-display":"","site-post-title":"","ast-breadcrumbs-content":"","ast-featured-img":"","footer-sml-layout":"","ast-disable-related-posts":"","theme-transparent-header-meta":"default","adv-header-id-meta":"","stick-header-meta":"default","header-above-stick-meta":"","header-main-stick-meta":"","header-below-stick-meta":"","astra-migrate-meta-layouts":"set","ast-page-background-enabled":"default","ast-page-background-meta":{"desktop":{"background-color":"var(--ast-global-color-4)","background-image":"","background-repeat":"repeat","background-position":"center center","background-size":"auto","background-attachment":"scroll","background-type":"","background-media":"","overlay-type":"","overlay-color":"","overlay-opacity":"","overlay-gradient":""},"tablet":{"background-color":"","background-image":"","background-repeat":"repeat","background-position":"center center","background-size":"auto","background-attachment":"scroll","background-type":"","background-media":"","overlay-type":"","overlay-color":"","overlay-opacity":"","overlay-gradient":""},"mobile":{"background-color":"","background-image":"","background-repeat":"repeat","background-position":"center center","background-size":"auto","background-attachment":"scroll","background-type":"","background-media":"","overlay-type":"","overlay-color":"","overlay-opacity":"","overlay-gradient":""}},"ast-content-background-meta":{"desktop":{"background-color":"var(--ast-global-color-5)","background-image":"","background-repeat":"repeat","background-position":"center center","background-size":"auto","background-attachment":"scroll","background-type":"","background-media":"","overlay-type":"","overlay-color":"","overlay-opacity":"","overlay-gradient":""},"tablet":{"background-color":"var(--ast-global-color-5)","background-image":"","background-repeat":"repeat","background-position":"center center","background-size":"auto","background-attachment":"scroll","background-type":"","background-media":"","overlay-type":"","overlay-color":"","overlay-opacity":"","overlay-gradient":""},"mobile":{"background-color":"var(--ast-global-color-5)","background-image":"","background-repeat":"repeat","background-position":"center center","background-size":"auto","background-attachment":"scroll","background-type":"","background-media":"","overlay-type":"","overlay-color":"","overlay-opacity":"","overlay-gradient":""}}},"product_brand":[],"product_cat":[1115],"product_tag":[1118,1119,1121,1116,1122,1120,1117],"class_list":{"0":"post-15977","1":"product","2":"type-product","3":"status-publish","4":"has-post-thumbnail","6":"product_cat-low-pressure-piston-pumps","7":"product_tag-glue","8":"product_tag-lacquers-and-paints","9":"product_tag-oils-and-fats","10":"product_tag-pickling","11":"product_tag-sealants","12":"product_tag-solvent","13":"product_tag-water-based-paints","14":"desktop-align-center","15":"tablet-align-left","16":"mobile-align-center","17":"ast-product-gallery-layout-horizontal-slider","18":"ast-product-gallery-with-no-image","19":"ast-qv-on-image","21":"first","22":"instock","23":"shipping-taxable","24":"product-type-simple"},"yoast_head":"<!-- This site is optimized with the Yoast SEO Premium plugin v27.4 (Yoast SEO v27.4) - https:\/\/yoast.com\/product\/yoast-seo-premium-wordpress\/ -->\n<title>supply pumps DA series<\/title>\n<meta name=\"description\" content=\"With spring-loaded packing, rust-proof, long and short versions Variants: FDP 2:1 - 165 ccm FDP 4:1 - 84 ccm FDP 4,5:1 - 288 ccm FDP 7:1 - 41 ccm FDP 9:1 - 288 ccm FDP 10:1 - 72 ccm (not stainless)\" \/>\n<meta name=\"robots\" content=\"index, follow, max-snippet:-1, max-image-preview:large, max-video-preview:-1\" \/>\n<link rel=\"canonical\" href=\"https:\/\/www.bm-gmbh.com\/en\/products\/low-pressure-pumps\/low-pressure-piston-pumps\/feed-pumps-da-series\/\" \/>\n<meta property=\"og:locale\" content=\"en_US\" \/>\n<meta property=\"og:type\" content=\"article\" \/>\n<meta property=\"og:title\" content=\"supply pumps DA series\" \/>\n<meta property=\"og:description\" content=\"With spring-loaded packing, rust-proof, long and short versions Variants: FDP 2:1 - 165 ccm FDP 4:1 - 84 ccm FDP 4,5:1 - 288 ccm FDP 7:1 - 41 ccm FDP 9:1 - 288 ccm FDP 10:1 - 72 ccm (not stainless)\" \/>\n<meta property=\"og:url\" content=\"https:\/\/www.bm-gmbh.com\/en\/products\/low-pressure-pumps\/low-pressure-piston-pumps\/feed-pumps-da-series\/\" \/>\n<meta property=\"og:site_name\" content=\"b&amp;m GmbH - Ihr Partner f\u00fcr alle Marken\" \/>\n<meta property=\"article:modified_time\" content=\"2025-05-14T15:18:10+00:00\" \/>\n<meta property=\"og:image\" content=\"https:\/\/www.bm-gmbh.com\/wp-content\/uploads\/WIWA-ND-Pumpen-1.png\" \/>\n\t<meta property=\"og:image:width\" content=\"1024\" \/>\n\t<meta property=\"og:image:height\" content=\"1024\" \/>\n\t<meta property=\"og:image:type\" content=\"image\/png\" \/>\n<script type=\"application\/ld+json\" class=\"yoast-schema-graph\">{\"@context\":\"https:\\\/\\\/schema.org\",\"@graph\":[{\"@type\":\"WebPage\",\"@id\":\"https:\\\/\\\/www.bm-gmbh.com\\\/en\\\/products\\\/low-pressure-pumps\\\/low-pressure-piston-pumps\\\/feed-pumps-da-series\\\/\",\"url\":\"https:\\\/\\\/www.bm-gmbh.com\\\/en\\\/products\\\/low-pressure-pumps\\\/low-pressure-piston-pumps\\\/feed-pumps-da-series\\\/\",\"name\":\"supply pumps DA series\",\"isPartOf\":{\"@id\":\"https:\\\/\\\/www.bm-gmbh.com\\\/en\\\/#website\"},\"primaryImageOfPage\":{\"@id\":\"https:\\\/\\\/www.bm-gmbh.com\\\/en\\\/products\\\/low-pressure-pumps\\\/low-pressure-piston-pumps\\\/feed-pumps-da-series\\\/#primaryimage\"},\"image\":{\"@id\":\"https:\\\/\\\/www.bm-gmbh.com\\\/en\\\/products\\\/low-pressure-pumps\\\/low-pressure-piston-pumps\\\/feed-pumps-da-series\\\/#primaryimage\"},\"thumbnailUrl\":\"https:\\\/\\\/www.bm-gmbh.com\\\/wp-content\\\/uploads\\\/WIWA-ND-Pumpen-1.png\",\"datePublished\":\"2023-12-20T11:04:32+00:00\",\"dateModified\":\"2025-05-14T15:18:10+00:00\",\"description\":\"With spring-loaded packing, rust-proof, long and short versions Variants: FDP 2:1 - 165 ccm FDP 4:1 - 84 ccm FDP 4,5:1 - 288 ccm FDP 7:1 - 41 ccm FDP 9:1 - 288 ccm FDP 10:1 - 72 ccm (not stainless)\",\"breadcrumb\":{\"@id\":\"https:\\\/\\\/www.bm-gmbh.com\\\/en\\\/products\\\/low-pressure-pumps\\\/low-pressure-piston-pumps\\\/feed-pumps-da-series\\\/#breadcrumb\"},\"inLanguage\":\"en-US\",\"potentialAction\":[{\"@type\":\"ReadAction\",\"target\":[\"https:\\\/\\\/www.bm-gmbh.com\\\/en\\\/products\\\/low-pressure-pumps\\\/low-pressure-piston-pumps\\\/feed-pumps-da-series\\\/\"]}]},{\"@type\":\"ImageObject\",\"inLanguage\":\"en-US\",\"@id\":\"https:\\\/\\\/www.bm-gmbh.com\\\/en\\\/products\\\/low-pressure-pumps\\\/low-pressure-piston-pumps\\\/feed-pumps-da-series\\\/#primaryimage\",\"url\":\"https:\\\/\\\/www.bm-gmbh.com\\\/wp-content\\\/uploads\\\/WIWA-ND-Pumpen-1.png\",\"contentUrl\":\"https:\\\/\\\/www.bm-gmbh.com\\\/wp-content\\\/uploads\\\/WIWA-ND-Pumpen-1.png\",\"width\":1024,\"height\":1024,\"caption\":\"Pneumatic low-pressure pumps\"},{\"@type\":\"BreadcrumbList\",\"@id\":\"https:\\\/\\\/www.bm-gmbh.com\\\/en\\\/products\\\/low-pressure-pumps\\\/low-pressure-piston-pumps\\\/feed-pumps-da-series\\\/#breadcrumb\",\"itemListElement\":[{\"@type\":\"ListItem\",\"position\":1,\"name\":\"Startseite\",\"item\":\"https:\\\/\\\/www.bm-gmbh.com\\\/en\\\/home-page\\\/\"},{\"@type\":\"ListItem\",\"position\":2,\"name\":\"Products\",\"item\":\"https:\\\/\\\/www.bm-gmbh.com\\\/en\\\/products-2\\\/\"},{\"@type\":\"ListItem\",\"position\":3,\"name\":\"supply pumps DA series\"}]},{\"@type\":\"WebSite\",\"@id\":\"https:\\\/\\\/www.bm-gmbh.com\\\/en\\\/#website\",\"url\":\"https:\\\/\\\/www.bm-gmbh.com\\\/en\\\/\",\"name\":\"b&m GmbH\",\"description\":\"Ihr Partner f\u00fcr alle Marken\",\"publisher\":{\"@id\":\"https:\\\/\\\/www.bm-gmbh.com\\\/en\\\/#organization\"},\"alternateName\":\"b&m GmbH - Ihr Partner f\u00fcr alle Marken\",\"potentialAction\":[{\"@type\":\"SearchAction\",\"target\":{\"@type\":\"EntryPoint\",\"urlTemplate\":\"https:\\\/\\\/www.bm-gmbh.com\\\/en\\\/?s={search_term_string}\"},\"query-input\":{\"@type\":\"PropertyValueSpecification\",\"valueRequired\":true,\"valueName\":\"search_term_string\"}}],\"inLanguage\":\"en-US\"},{\"@type\":\"Organization\",\"@id\":\"https:\\\/\\\/www.bm-gmbh.com\\\/en\\\/#organization\",\"name\":\"b&m GmbH\",\"alternateName\":\"b&m GmbH - Ihr Partner f\u00fcr alle Marken\",\"url\":\"https:\\\/\\\/www.bm-gmbh.com\\\/en\\\/\",\"logo\":{\"@type\":\"ImageObject\",\"inLanguage\":\"en-US\",\"@id\":\"https:\\\/\\\/www.bm-gmbh.com\\\/en\\\/#\\\/schema\\\/logo\\\/image\\\/\",\"url\":\"https:\\\/\\\/www.bm-gmbh.com\\\/wp-content\\\/uploads\\\/bm-1024.png\",\"contentUrl\":\"https:\\\/\\\/www.bm-gmbh.com\\\/wp-content\\\/uploads\\\/bm-1024.png\",\"width\":1024,\"height\":1024,\"caption\":\"b&m GmbH\"},\"image\":{\"@id\":\"https:\\\/\\\/www.bm-gmbh.com\\\/en\\\/#\\\/schema\\\/logo\\\/image\\\/\"},\"sameAs\":[\"https:\\\/\\\/www.instagram.com\\\/bm.gmbh\",\"https:\\\/\\\/www.youtube.com\\\/@bmgmbh6754\"],\"description\":\"Mittelst\u00e4ndischer Anbieter f\u00fcr Farbspritztechnik, Oberfl\u00e4chentechnik, Pumpentechnik, Bautenschutz- und Injektionstechnik. Bedient prim\u00e4r Handwerk und Industrie Zentrale Produkte & Services: Spritztechnik: Hand- & Automatikpistolen, HD\\\/ND-Ger\u00e4te, 2K-Anlagen, Elektrostatiksysteme. Bautenschutz\\\/Injektionstechnik: Injektionsanlagen, Gelanlagen, Schnecken-\\\/Mischpumpen. Zubeh\u00f6r\\\/Technik: Kompressoren, Filteranlagen, R\u00fchrwerke, Packer & Injektoren. Fokus auf hochwertige, langlebige Profi-Ger\u00e4te \u2192 Interesse an zuverl\u00e4ssigen Partnern, Service & technischem Support.\",\"email\":\"info@bm-gmbh.com\",\"telephone\":\"0049 7546 923120\",\"legalName\":\"b&m GmbH\",\"foundingDate\":\"1997-04-02\",\"numberOfEmployees\":{\"@type\":\"QuantitativeValue\",\"minValue\":\"11\",\"maxValue\":\"50\"}}]}<\/script>\n<meta property=\"product:brand\" content=\"Glue\" \/>\n<meta property=\"product:price:currency\" content=\"EUR\" \/>\n<meta property=\"og:availability\" content=\"instock\" \/>\n<meta property=\"product:availability\" content=\"instock\" \/>\n<meta property=\"product:condition\" content=\"new\" \/>\n<!-- \/ Yoast SEO Premium plugin. -->","yoast_head_json":{"title":"supply pumps DA series","description":"With spring-loaded packing, rust-proof, long and short versions Variants: FDP 2:1 - 165 ccm FDP 4:1 - 84 ccm FDP 4,5:1 - 288 ccm FDP 7:1 - 41 ccm FDP 9:1 - 288 ccm FDP 10:1 - 72 ccm (not stainless)","robots":{"index":"index","follow":"follow","max-snippet":"max-snippet:-1","max-image-preview":"max-image-preview:large","max-video-preview":"max-video-preview:-1"},"canonical":"https:\/\/www.bm-gmbh.com\/en\/products\/low-pressure-pumps\/low-pressure-piston-pumps\/feed-pumps-da-series\/","og_locale":"en_US","og_type":"article","og_title":"supply pumps DA series","og_description":"With spring-loaded packing, rust-proof, long and short versions Variants: FDP 2:1 - 165 ccm FDP 4:1 - 84 ccm FDP 4,5:1 - 288 ccm FDP 7:1 - 41 ccm FDP 9:1 - 288 ccm FDP 10:1 - 72 ccm (not stainless)","og_url":"https:\/\/www.bm-gmbh.com\/en\/products\/low-pressure-pumps\/low-pressure-piston-pumps\/feed-pumps-da-series\/","og_site_name":"b&amp;m GmbH - Ihr Partner f\u00fcr alle Marken","article_modified_time":"2025-05-14T15:18:10+00:00","og_image":[{"width":1024,"height":1024,"url":"https:\/\/www.bm-gmbh.com\/wp-content\/uploads\/WIWA-ND-Pumpen-1.png","type":"image\/png"}],"schema":{"@context":"https:\/\/schema.org","@graph":[{"@type":"WebPage","@id":"https:\/\/www.bm-gmbh.com\/en\/products\/low-pressure-pumps\/low-pressure-piston-pumps\/feed-pumps-da-series\/","url":"https:\/\/www.bm-gmbh.com\/en\/products\/low-pressure-pumps\/low-pressure-piston-pumps\/feed-pumps-da-series\/","name":"supply pumps DA series","isPartOf":{"@id":"https:\/\/www.bm-gmbh.com\/en\/#website"},"primaryImageOfPage":{"@id":"https:\/\/www.bm-gmbh.com\/en\/products\/low-pressure-pumps\/low-pressure-piston-pumps\/feed-pumps-da-series\/#primaryimage"},"image":{"@id":"https:\/\/www.bm-gmbh.com\/en\/products\/low-pressure-pumps\/low-pressure-piston-pumps\/feed-pumps-da-series\/#primaryimage"},"thumbnailUrl":"https:\/\/www.bm-gmbh.com\/wp-content\/uploads\/WIWA-ND-Pumpen-1.png","datePublished":"2023-12-20T11:04:32+00:00","dateModified":"2025-05-14T15:18:10+00:00","description":"With spring-loaded packing, rust-proof, long and short versions Variants: FDP 2:1 - 165 ccm FDP 4:1 - 84 ccm FDP 4,5:1 - 288 ccm FDP 7:1 - 41 ccm FDP 9:1 - 288 ccm FDP 10:1 - 72 ccm (not stainless)","breadcrumb":{"@id":"https:\/\/www.bm-gmbh.com\/en\/products\/low-pressure-pumps\/low-pressure-piston-pumps\/feed-pumps-da-series\/#breadcrumb"},"inLanguage":"en-US","potentialAction":[{"@type":"ReadAction","target":["https:\/\/www.bm-gmbh.com\/en\/products\/low-pressure-pumps\/low-pressure-piston-pumps\/feed-pumps-da-series\/"]}]},{"@type":"ImageObject","inLanguage":"en-US","@id":"https:\/\/www.bm-gmbh.com\/en\/products\/low-pressure-pumps\/low-pressure-piston-pumps\/feed-pumps-da-series\/#primaryimage","url":"https:\/\/www.bm-gmbh.com\/wp-content\/uploads\/WIWA-ND-Pumpen-1.png","contentUrl":"https:\/\/www.bm-gmbh.com\/wp-content\/uploads\/WIWA-ND-Pumpen-1.png","width":1024,"height":1024,"caption":"Pneumatic low-pressure pumps"},{"@type":"BreadcrumbList","@id":"https:\/\/www.bm-gmbh.com\/en\/products\/low-pressure-pumps\/low-pressure-piston-pumps\/feed-pumps-da-series\/#breadcrumb","itemListElement":[{"@type":"ListItem","position":1,"name":"Startseite","item":"https:\/\/www.bm-gmbh.com\/en\/home-page\/"},{"@type":"ListItem","position":2,"name":"Products","item":"https:\/\/www.bm-gmbh.com\/en\/products-2\/"},{"@type":"ListItem","position":3,"name":"supply pumps DA series"}]},{"@type":"WebSite","@id":"https:\/\/www.bm-gmbh.com\/en\/#website","url":"https:\/\/www.bm-gmbh.com\/en\/","name":"b&m GmbH","description":"Ihr Partner f\u00fcr alle Marken","publisher":{"@id":"https:\/\/www.bm-gmbh.com\/en\/#organization"},"alternateName":"b&m GmbH - Ihr Partner f\u00fcr alle Marken","potentialAction":[{"@type":"SearchAction","target":{"@type":"EntryPoint","urlTemplate":"https:\/\/www.bm-gmbh.com\/en\/?s={search_term_string}"},"query-input":{"@type":"PropertyValueSpecification","valueRequired":true,"valueName":"search_term_string"}}],"inLanguage":"en-US"},{"@type":"Organization","@id":"https:\/\/www.bm-gmbh.com\/en\/#organization","name":"b&m GmbH","alternateName":"b&m GmbH - Ihr Partner f\u00fcr alle Marken","url":"https:\/\/www.bm-gmbh.com\/en\/","logo":{"@type":"ImageObject","inLanguage":"en-US","@id":"https:\/\/www.bm-gmbh.com\/en\/#\/schema\/logo\/image\/","url":"https:\/\/www.bm-gmbh.com\/wp-content\/uploads\/bm-1024.png","contentUrl":"https:\/\/www.bm-gmbh.com\/wp-content\/uploads\/bm-1024.png","width":1024,"height":1024,"caption":"b&m GmbH"},"image":{"@id":"https:\/\/www.bm-gmbh.com\/en\/#\/schema\/logo\/image\/"},"sameAs":["https:\/\/www.instagram.com\/bm.gmbh","https:\/\/www.youtube.com\/@bmgmbh6754"],"description":"Mittelst\u00e4ndischer Anbieter f\u00fcr Farbspritztechnik, Oberfl\u00e4chentechnik, Pumpentechnik, Bautenschutz- und Injektionstechnik. Bedient prim\u00e4r Handwerk und Industrie Zentrale Produkte & Services: Spritztechnik: Hand- & Automatikpistolen, HD\/ND-Ger\u00e4te, 2K-Anlagen, Elektrostatiksysteme. Bautenschutz\/Injektionstechnik: Injektionsanlagen, Gelanlagen, Schnecken-\/Mischpumpen. Zubeh\u00f6r\/Technik: Kompressoren, Filteranlagen, R\u00fchrwerke, Packer & Injektoren. Fokus auf hochwertige, langlebige Profi-Ger\u00e4te \u2192 Interesse an zuverl\u00e4ssigen Partnern, Service & technischem Support.","email":"info@bm-gmbh.com","telephone":"0049 7546 923120","legalName":"b&m GmbH","foundingDate":"1997-04-02","numberOfEmployees":{"@type":"QuantitativeValue","minValue":"11","maxValue":"50"}}]},"product_brand":"Glue","product_price_currency":"EUR","og_availability":"instock","product_availability":"instock","product_condition":"new"},"_links":{"self":[{"href":"https:\/\/www.bm-gmbh.com\/en\/wp-json\/wp\/v2\/product\/15977","targetHints":{"allow":["GET"]}}],"collection":[{"href":"https:\/\/www.bm-gmbh.com\/en\/wp-json\/wp\/v2\/product"}],"about":[{"href":"https:\/\/www.bm-gmbh.com\/en\/wp-json\/wp\/v2\/types\/product"}],"wp:featuredmedia":[{"embeddable":true,"href":"https:\/\/www.bm-gmbh.com\/en\/wp-json\/wp\/v2\/media\/15171"}],"wp:attachment":[{"href":"https:\/\/www.bm-gmbh.com\/en\/wp-json\/wp\/v2\/media?parent=15977"}],"wp:term":[{"taxonomy":"product_brand","embeddable":true,"href":"https:\/\/www.bm-gmbh.com\/en\/wp-json\/wp\/v2\/product_brand?post=15977"},{"taxonomy":"product_cat","embeddable":true,"href":"https:\/\/www.bm-gmbh.com\/en\/wp-json\/wp\/v2\/product_cat?post=15977"},{"taxonomy":"product_tag","embeddable":true,"href":"https:\/\/www.bm-gmbh.com\/en\/wp-json\/wp\/v2\/product_tag?post=15977"}],"curies":[{"name":"wp","href":"https:\/\/api.w.org\/{rel}","templated":true}]}}