{"id":15960,"date":"2024-01-16T10:40:10","date_gmt":"2024-01-16T09:40:10","guid":{"rendered":"https:\/\/bm-gmbh.com\/produkte\/uncategorized\/dissolver-washer-d-150-mm-for-shaft-sw-14\/"},"modified":"2025-05-14T17:18:07","modified_gmt":"2025-05-14T15:18:07","slug":"dissolver-washer-d-150-mm-for-shaft-sw-14","status":"publish","type":"product","link":"https:\/\/www.bm-gmbh.com\/en\/products\/mixers-and-agitators\/dissolver-system\/dissolver-washer-d-150-mm-for-shaft-sw-14\/","title":{"rendered":"Dissolver plate D 150 mm for shaft SW 14"},"content":{"rendered":"<p>Our dissolvers (disc stirrers) are very effective tools for mixing and stirring liquids and suspensions such as paints, varnishes, adhesives, epoxy resin mixtures, various fillers, gypsum, lime, cement or clay plasters.<\/p>\n<p>The dissolver disc can be quickly and easily attached to the corresponding dissolver shaft and also removed again.<\/p>\n<p>Standard drills or cordless screwdrivers with drill chuck can be used as drive machines.<\/p>\n<p>Diameter 150 mm<\/p>\n<p>for dissolver shaft SW 14<\/p>\n","protected":false},"excerpt":{"rendered":"<p>Our dissolvers (disc stirrers) are very effective tools for mixing and stirring liquids and suspensions such as paints, varnishes, adhesives, epoxy resin mixtures, various fillers, gypsum, lime, cement or clay plasters. The dissolver disc can be quickly and easily attached to the corresponding dissolver shaft and also removed again. Standard drills or cordless screwdrivers with [&hellip;]<\/p>\n","protected":false},"featured_media":15597,"template":"","meta":{"site-sidebar-layout":"default","site-content-layout":"","ast-site-content-layout":"default","site-content-style":"default","site-sidebar-style":"default","ast-global-header-display":"","ast-banner-title-visibility":"","ast-main-header-display":"","ast-hfb-above-header-display":"","ast-hfb-below-header-display":"","ast-hfb-mobile-header-display":"","site-post-title":"","ast-breadcrumbs-content":"","ast-featured-img":"","footer-sml-layout":"","ast-disable-related-posts":"","theme-transparent-header-meta":"default","adv-header-id-meta":"","stick-header-meta":"default","header-above-stick-meta":"","header-main-stick-meta":"","header-below-stick-meta":"","astra-migrate-meta-layouts":"set","ast-page-background-enabled":"default","ast-page-background-meta":{"desktop":{"background-color":"var(--ast-global-color-4)","background-image":"","background-repeat":"repeat","background-position":"center center","background-size":"auto","background-attachment":"scroll","background-type":"","background-media":"","overlay-type":"","overlay-color":"","overlay-opacity":"","overlay-gradient":""},"tablet":{"background-color":"","background-image":"","background-repeat":"repeat","background-position":"center center","background-size":"auto","background-attachment":"scroll","background-type":"","background-media":"","overlay-type":"","overlay-color":"","overlay-opacity":"","overlay-gradient":""},"mobile":{"background-color":"","background-image":"","background-repeat":"repeat","background-position":"center center","background-size":"auto","background-attachment":"scroll","background-type":"","background-media":"","overlay-type":"","overlay-color":"","overlay-opacity":"","overlay-gradient":""}},"ast-content-background-meta":{"desktop":{"background-color":"var(--ast-global-color-5)","background-image":"","background-repeat":"repeat","background-position":"center center","background-size":"auto","background-attachment":"scroll","background-type":"","background-media":"","overlay-type":"","overlay-color":"","overlay-opacity":"","overlay-gradient":""},"tablet":{"background-color":"var(--ast-global-color-5)","background-image":"","background-repeat":"repeat","background-position":"center center","background-size":"auto","background-attachment":"scroll","background-type":"","background-media":"","overlay-type":"","overlay-color":"","overlay-opacity":"","overlay-gradient":""},"mobile":{"background-color":"var(--ast-global-color-5)","background-image":"","background-repeat":"repeat","background-position":"center center","background-size":"auto","background-attachment":"scroll","background-type":"","background-media":"","overlay-type":"","overlay-color":"","overlay-opacity":"","overlay-gradient":""}}},"product_brand":[],"product_cat":[1226],"product_tag":[],"class_list":{"0":"post-15960","1":"product","2":"type-product","3":"status-publish","4":"has-post-thumbnail","6":"product_cat-dissolver-system","7":"desktop-align-center","8":"tablet-align-left","9":"mobile-align-center","10":"ast-product-gallery-layout-horizontal-slider","11":"ast-product-gallery-with-no-image","12":"ast-qv-on-image","14":"first","15":"instock","16":"shipping-taxable","17":"product-type-simple"},"yoast_head":"<!-- This site is optimized with the Yoast SEO Premium plugin v27.4 (Yoast SEO v27.4) - https:\/\/yoast.com\/product\/yoast-seo-premium-wordpress\/ -->\n<title>Dissolver plate D 150 mm for shaft SW 14<\/title>\n<meta name=\"description\" content=\"Our dissolvers (disk mixers) are very effective tools for mixing and stirring liquids and suspensions such as paints, varnishes, adhesives, epoxy resin mixtures, various fillers, plaster, lime, cement or clay plasters. The dissolver disk can be quickly and easily attached to the corresponding dissolver shaft and removed again. Commercially available drills or cordless screwdrivers with drill chucks can be used as power tools.\" \/>\n<meta name=\"robots\" content=\"index, follow, max-snippet:-1, max-image-preview:large, max-video-preview:-1\" \/>\n<link rel=\"canonical\" href=\"https:\/\/www.bm-gmbh.com\/en\/products\/mixers-and-agitators\/dissolver-system\/dissolver-washer-d-150-mm-for-shaft-sw-14\/\" \/>\n<meta property=\"og:locale\" content=\"en_US\" \/>\n<meta property=\"og:type\" content=\"article\" \/>\n<meta property=\"og:title\" content=\"Dissolver plate D 150 mm for shaft SW 14\" \/>\n<meta property=\"og:description\" content=\"Our dissolvers (disk mixers) are very effective tools for mixing and stirring liquids and suspensions such as paints, varnishes, adhesives, epoxy resin mixtures, various fillers, plaster, lime, cement or clay plasters. The dissolver disk can be quickly and easily attached to the corresponding dissolver shaft and removed again. Commercially available drills or cordless screwdrivers with drill chucks can be used as power tools.\" \/>\n<meta property=\"og:url\" content=\"https:\/\/www.bm-gmbh.com\/en\/products\/mixers-and-agitators\/dissolver-system\/dissolver-washer-d-150-mm-for-shaft-sw-14\/\" \/>\n<meta property=\"og:site_name\" content=\"b&amp;m GmbH - Ihr Partner f\u00fcr alle Marken\" \/>\n<meta property=\"article:modified_time\" content=\"2025-05-14T15:18:07+00:00\" \/>\n<meta property=\"og:image\" content=\"https:\/\/www.bm-gmbh.com\/wp-content\/uploads\/BM177-Schreibe-1.png\" \/>\n\t<meta property=\"og:image:width\" content=\"1024\" \/>\n\t<meta property=\"og:image:height\" content=\"1024\" \/>\n\t<meta property=\"og:image:type\" content=\"image\/png\" \/>\n<script type=\"application\/ld+json\" class=\"yoast-schema-graph\">{\"@context\":\"https:\\\/\\\/schema.org\",\"@graph\":[{\"@type\":\"WebPage\",\"@id\":\"https:\\\/\\\/www.bm-gmbh.com\\\/en\\\/products\\\/mixers-and-agitators\\\/dissolver-system\\\/dissolver-washer-d-150-mm-for-shaft-sw-14\\\/\",\"url\":\"https:\\\/\\\/www.bm-gmbh.com\\\/en\\\/products\\\/mixers-and-agitators\\\/dissolver-system\\\/dissolver-washer-d-150-mm-for-shaft-sw-14\\\/\",\"name\":\"Dissolver plate D 150 mm for shaft SW 14\",\"isPartOf\":{\"@id\":\"https:\\\/\\\/www.bm-gmbh.com\\\/en\\\/#website\"},\"primaryImageOfPage\":{\"@id\":\"https:\\\/\\\/www.bm-gmbh.com\\\/en\\\/products\\\/mixers-and-agitators\\\/dissolver-system\\\/dissolver-washer-d-150-mm-for-shaft-sw-14\\\/#primaryimage\"},\"image\":{\"@id\":\"https:\\\/\\\/www.bm-gmbh.com\\\/en\\\/products\\\/mixers-and-agitators\\\/dissolver-system\\\/dissolver-washer-d-150-mm-for-shaft-sw-14\\\/#primaryimage\"},\"thumbnailUrl\":\"https:\\\/\\\/www.bm-gmbh.com\\\/wp-content\\\/uploads\\\/BM177-Schreibe-1.png\",\"datePublished\":\"2024-01-16T09:40:10+00:00\",\"dateModified\":\"2025-05-14T15:18:07+00:00\",\"description\":\"Our dissolvers (disk mixers) are very effective tools for mixing and stirring liquids and suspensions such as paints, varnishes, adhesives, epoxy resin mixtures, various fillers, plaster, lime, cement or clay plasters. The dissolver disk can be quickly and easily attached to the corresponding dissolver shaft and removed again. Commercially available drills or cordless screwdrivers with drill chucks can be used as power tools.\",\"breadcrumb\":{\"@id\":\"https:\\\/\\\/www.bm-gmbh.com\\\/en\\\/products\\\/mixers-and-agitators\\\/dissolver-system\\\/dissolver-washer-d-150-mm-for-shaft-sw-14\\\/#breadcrumb\"},\"inLanguage\":\"en-US\",\"potentialAction\":[{\"@type\":\"ReadAction\",\"target\":[\"https:\\\/\\\/www.bm-gmbh.com\\\/en\\\/products\\\/mixers-and-agitators\\\/dissolver-system\\\/dissolver-washer-d-150-mm-for-shaft-sw-14\\\/\"]}]},{\"@type\":\"ImageObject\",\"inLanguage\":\"en-US\",\"@id\":\"https:\\\/\\\/www.bm-gmbh.com\\\/en\\\/products\\\/mixers-and-agitators\\\/dissolver-system\\\/dissolver-washer-d-150-mm-for-shaft-sw-14\\\/#primaryimage\",\"url\":\"https:\\\/\\\/www.bm-gmbh.com\\\/wp-content\\\/uploads\\\/BM177-Schreibe-1.png\",\"contentUrl\":\"https:\\\/\\\/www.bm-gmbh.com\\\/wp-content\\\/uploads\\\/BM177-Schreibe-1.png\",\"width\":1024,\"height\":1024,\"caption\":\"Dissolver disc\"},{\"@type\":\"BreadcrumbList\",\"@id\":\"https:\\\/\\\/www.bm-gmbh.com\\\/en\\\/products\\\/mixers-and-agitators\\\/dissolver-system\\\/dissolver-washer-d-150-mm-for-shaft-sw-14\\\/#breadcrumb\",\"itemListElement\":[{\"@type\":\"ListItem\",\"position\":1,\"name\":\"Startseite\",\"item\":\"https:\\\/\\\/www.bm-gmbh.com\\\/en\\\/home-page\\\/\"},{\"@type\":\"ListItem\",\"position\":2,\"name\":\"Products\",\"item\":\"https:\\\/\\\/www.bm-gmbh.com\\\/en\\\/products-2\\\/\"},{\"@type\":\"ListItem\",\"position\":3,\"name\":\"Dissolver plate D 150 mm for shaft SW 14\"}]},{\"@type\":\"WebSite\",\"@id\":\"https:\\\/\\\/www.bm-gmbh.com\\\/en\\\/#website\",\"url\":\"https:\\\/\\\/www.bm-gmbh.com\\\/en\\\/\",\"name\":\"b&m GmbH\",\"description\":\"Ihr Partner f\u00fcr alle Marken\",\"publisher\":{\"@id\":\"https:\\\/\\\/www.bm-gmbh.com\\\/en\\\/#organization\"},\"alternateName\":\"b&m GmbH - Ihr Partner f\u00fcr alle Marken\",\"potentialAction\":[{\"@type\":\"SearchAction\",\"target\":{\"@type\":\"EntryPoint\",\"urlTemplate\":\"https:\\\/\\\/www.bm-gmbh.com\\\/en\\\/?s={search_term_string}\"},\"query-input\":{\"@type\":\"PropertyValueSpecification\",\"valueRequired\":true,\"valueName\":\"search_term_string\"}}],\"inLanguage\":\"en-US\"},{\"@type\":\"Organization\",\"@id\":\"https:\\\/\\\/www.bm-gmbh.com\\\/en\\\/#organization\",\"name\":\"b&m GmbH\",\"alternateName\":\"b&m GmbH - Ihr Partner f\u00fcr alle Marken\",\"url\":\"https:\\\/\\\/www.bm-gmbh.com\\\/en\\\/\",\"logo\":{\"@type\":\"ImageObject\",\"inLanguage\":\"en-US\",\"@id\":\"https:\\\/\\\/www.bm-gmbh.com\\\/en\\\/#\\\/schema\\\/logo\\\/image\\\/\",\"url\":\"https:\\\/\\\/www.bm-gmbh.com\\\/wp-content\\\/uploads\\\/bm-1024.png\",\"contentUrl\":\"https:\\\/\\\/www.bm-gmbh.com\\\/wp-content\\\/uploads\\\/bm-1024.png\",\"width\":1024,\"height\":1024,\"caption\":\"b&m GmbH\"},\"image\":{\"@id\":\"https:\\\/\\\/www.bm-gmbh.com\\\/en\\\/#\\\/schema\\\/logo\\\/image\\\/\"},\"sameAs\":[\"https:\\\/\\\/www.instagram.com\\\/bm.gmbh\",\"https:\\\/\\\/www.youtube.com\\\/@bmgmbh6754\"],\"description\":\"Mittelst\u00e4ndischer Anbieter f\u00fcr Farbspritztechnik, Oberfl\u00e4chentechnik, Pumpentechnik, Bautenschutz- und Injektionstechnik. Bedient prim\u00e4r Handwerk und Industrie Zentrale Produkte & Services: Spritztechnik: Hand- & Automatikpistolen, HD\\\/ND-Ger\u00e4te, 2K-Anlagen, Elektrostatiksysteme. Bautenschutz\\\/Injektionstechnik: Injektionsanlagen, Gelanlagen, Schnecken-\\\/Mischpumpen. Zubeh\u00f6r\\\/Technik: Kompressoren, Filteranlagen, R\u00fchrwerke, Packer & Injektoren. Fokus auf hochwertige, langlebige Profi-Ger\u00e4te \u2192 Interesse an zuverl\u00e4ssigen Partnern, Service & technischem Support.\",\"email\":\"info@bm-gmbh.com\",\"telephone\":\"0049 7546 923120\",\"legalName\":\"b&m GmbH\",\"foundingDate\":\"1997-04-02\",\"numberOfEmployees\":{\"@type\":\"QuantitativeValue\",\"minValue\":\"11\",\"maxValue\":\"50\"}}]}<\/script>\n<meta property=\"product:price:currency\" content=\"EUR\" \/>\n<meta property=\"og:availability\" content=\"instock\" \/>\n<meta property=\"product:availability\" content=\"instock\" \/>\n<meta property=\"product:retailer_item_id\" content=\"BM177-0DSS150\" \/>\n<meta property=\"product:condition\" content=\"new\" \/>\n<!-- \/ Yoast SEO Premium plugin. -->","yoast_head_json":{"title":"Dissolver plate D 150 mm for shaft SW 14","description":"Our dissolvers (disk mixers) are very effective tools for mixing and stirring liquids and suspensions such as paints, varnishes, adhesives, epoxy resin mixtures, various fillers, plaster, lime, cement or clay plasters. The dissolver disk can be quickly and easily attached to the corresponding dissolver shaft and removed again. Commercially available drills or cordless screwdrivers with drill chucks can be used as power tools.","robots":{"index":"index","follow":"follow","max-snippet":"max-snippet:-1","max-image-preview":"max-image-preview:large","max-video-preview":"max-video-preview:-1"},"canonical":"https:\/\/www.bm-gmbh.com\/en\/products\/mixers-and-agitators\/dissolver-system\/dissolver-washer-d-150-mm-for-shaft-sw-14\/","og_locale":"en_US","og_type":"article","og_title":"Dissolver plate D 150 mm for shaft SW 14","og_description":"Our dissolvers (disk mixers) are very effective tools for mixing and stirring liquids and suspensions such as paints, varnishes, adhesives, epoxy resin mixtures, various fillers, plaster, lime, cement or clay plasters. The dissolver disk can be quickly and easily attached to the corresponding dissolver shaft and removed again. Commercially available drills or cordless screwdrivers with drill chucks can be used as power tools.","og_url":"https:\/\/www.bm-gmbh.com\/en\/products\/mixers-and-agitators\/dissolver-system\/dissolver-washer-d-150-mm-for-shaft-sw-14\/","og_site_name":"b&amp;m GmbH - Ihr Partner f\u00fcr alle Marken","article_modified_time":"2025-05-14T15:18:07+00:00","og_image":[{"width":1024,"height":1024,"url":"https:\/\/www.bm-gmbh.com\/wp-content\/uploads\/BM177-Schreibe-1.png","type":"image\/png"}],"schema":{"@context":"https:\/\/schema.org","@graph":[{"@type":"WebPage","@id":"https:\/\/www.bm-gmbh.com\/en\/products\/mixers-and-agitators\/dissolver-system\/dissolver-washer-d-150-mm-for-shaft-sw-14\/","url":"https:\/\/www.bm-gmbh.com\/en\/products\/mixers-and-agitators\/dissolver-system\/dissolver-washer-d-150-mm-for-shaft-sw-14\/","name":"Dissolver plate D 150 mm for shaft SW 14","isPartOf":{"@id":"https:\/\/www.bm-gmbh.com\/en\/#website"},"primaryImageOfPage":{"@id":"https:\/\/www.bm-gmbh.com\/en\/products\/mixers-and-agitators\/dissolver-system\/dissolver-washer-d-150-mm-for-shaft-sw-14\/#primaryimage"},"image":{"@id":"https:\/\/www.bm-gmbh.com\/en\/products\/mixers-and-agitators\/dissolver-system\/dissolver-washer-d-150-mm-for-shaft-sw-14\/#primaryimage"},"thumbnailUrl":"https:\/\/www.bm-gmbh.com\/wp-content\/uploads\/BM177-Schreibe-1.png","datePublished":"2024-01-16T09:40:10+00:00","dateModified":"2025-05-14T15:18:07+00:00","description":"Our dissolvers (disk mixers) are very effective tools for mixing and stirring liquids and suspensions such as paints, varnishes, adhesives, epoxy resin mixtures, various fillers, plaster, lime, cement or clay plasters. The dissolver disk can be quickly and easily attached to the corresponding dissolver shaft and removed again. Commercially available drills or cordless screwdrivers with drill chucks can be used as power tools.","breadcrumb":{"@id":"https:\/\/www.bm-gmbh.com\/en\/products\/mixers-and-agitators\/dissolver-system\/dissolver-washer-d-150-mm-for-shaft-sw-14\/#breadcrumb"},"inLanguage":"en-US","potentialAction":[{"@type":"ReadAction","target":["https:\/\/www.bm-gmbh.com\/en\/products\/mixers-and-agitators\/dissolver-system\/dissolver-washer-d-150-mm-for-shaft-sw-14\/"]}]},{"@type":"ImageObject","inLanguage":"en-US","@id":"https:\/\/www.bm-gmbh.com\/en\/products\/mixers-and-agitators\/dissolver-system\/dissolver-washer-d-150-mm-for-shaft-sw-14\/#primaryimage","url":"https:\/\/www.bm-gmbh.com\/wp-content\/uploads\/BM177-Schreibe-1.png","contentUrl":"https:\/\/www.bm-gmbh.com\/wp-content\/uploads\/BM177-Schreibe-1.png","width":1024,"height":1024,"caption":"Dissolver disc"},{"@type":"BreadcrumbList","@id":"https:\/\/www.bm-gmbh.com\/en\/products\/mixers-and-agitators\/dissolver-system\/dissolver-washer-d-150-mm-for-shaft-sw-14\/#breadcrumb","itemListElement":[{"@type":"ListItem","position":1,"name":"Startseite","item":"https:\/\/www.bm-gmbh.com\/en\/home-page\/"},{"@type":"ListItem","position":2,"name":"Products","item":"https:\/\/www.bm-gmbh.com\/en\/products-2\/"},{"@type":"ListItem","position":3,"name":"Dissolver plate D 150 mm for shaft SW 14"}]},{"@type":"WebSite","@id":"https:\/\/www.bm-gmbh.com\/en\/#website","url":"https:\/\/www.bm-gmbh.com\/en\/","name":"b&m GmbH","description":"Ihr Partner f\u00fcr alle Marken","publisher":{"@id":"https:\/\/www.bm-gmbh.com\/en\/#organization"},"alternateName":"b&m GmbH - Ihr Partner f\u00fcr alle Marken","potentialAction":[{"@type":"SearchAction","target":{"@type":"EntryPoint","urlTemplate":"https:\/\/www.bm-gmbh.com\/en\/?s={search_term_string}"},"query-input":{"@type":"PropertyValueSpecification","valueRequired":true,"valueName":"search_term_string"}}],"inLanguage":"en-US"},{"@type":"Organization","@id":"https:\/\/www.bm-gmbh.com\/en\/#organization","name":"b&m GmbH","alternateName":"b&m GmbH - Ihr Partner f\u00fcr alle Marken","url":"https:\/\/www.bm-gmbh.com\/en\/","logo":{"@type":"ImageObject","inLanguage":"en-US","@id":"https:\/\/www.bm-gmbh.com\/en\/#\/schema\/logo\/image\/","url":"https:\/\/www.bm-gmbh.com\/wp-content\/uploads\/bm-1024.png","contentUrl":"https:\/\/www.bm-gmbh.com\/wp-content\/uploads\/bm-1024.png","width":1024,"height":1024,"caption":"b&m GmbH"},"image":{"@id":"https:\/\/www.bm-gmbh.com\/en\/#\/schema\/logo\/image\/"},"sameAs":["https:\/\/www.instagram.com\/bm.gmbh","https:\/\/www.youtube.com\/@bmgmbh6754"],"description":"Mittelst\u00e4ndischer Anbieter f\u00fcr Farbspritztechnik, Oberfl\u00e4chentechnik, Pumpentechnik, Bautenschutz- und Injektionstechnik. Bedient prim\u00e4r Handwerk und Industrie Zentrale Produkte & Services: Spritztechnik: Hand- & Automatikpistolen, HD\/ND-Ger\u00e4te, 2K-Anlagen, Elektrostatiksysteme. Bautenschutz\/Injektionstechnik: Injektionsanlagen, Gelanlagen, Schnecken-\/Mischpumpen. Zubeh\u00f6r\/Technik: Kompressoren, Filteranlagen, R\u00fchrwerke, Packer & Injektoren. Fokus auf hochwertige, langlebige Profi-Ger\u00e4te \u2192 Interesse an zuverl\u00e4ssigen Partnern, Service & technischem Support.","email":"info@bm-gmbh.com","telephone":"0049 7546 923120","legalName":"b&m GmbH","foundingDate":"1997-04-02","numberOfEmployees":{"@type":"QuantitativeValue","minValue":"11","maxValue":"50"}}]},"product_price_currency":"EUR","og_availability":"instock","product_availability":"instock","product_retailer_item_id":"BM177-0DSS150","product_condition":"new"},"_links":{"self":[{"href":"https:\/\/www.bm-gmbh.com\/en\/wp-json\/wp\/v2\/product\/15960","targetHints":{"allow":["GET"]}}],"collection":[{"href":"https:\/\/www.bm-gmbh.com\/en\/wp-json\/wp\/v2\/product"}],"about":[{"href":"https:\/\/www.bm-gmbh.com\/en\/wp-json\/wp\/v2\/types\/product"}],"wp:featuredmedia":[{"embeddable":true,"href":"https:\/\/www.bm-gmbh.com\/en\/wp-json\/wp\/v2\/media\/15597"}],"wp:attachment":[{"href":"https:\/\/www.bm-gmbh.com\/en\/wp-json\/wp\/v2\/media?parent=15960"}],"wp:term":[{"taxonomy":"product_brand","embeddable":true,"href":"https:\/\/www.bm-gmbh.com\/en\/wp-json\/wp\/v2\/product_brand?post=15960"},{"taxonomy":"product_cat","embeddable":true,"href":"https:\/\/www.bm-gmbh.com\/en\/wp-json\/wp\/v2\/product_cat?post=15960"},{"taxonomy":"product_tag","embeddable":true,"href":"https:\/\/www.bm-gmbh.com\/en\/wp-json\/wp\/v2\/product_tag?post=15960"}],"curies":[{"name":"wp","href":"https:\/\/api.w.org\/{rel}","templated":true}]}}