{"id":15945,"date":"2024-01-16T10:47:05","date_gmt":"2024-01-16T09:47:05","guid":{"rendered":"https:\/\/bm-gmbh.com\/produkte\/uncategorized\/mixing-valve-eco-va\/"},"modified":"2025-05-14T17:18:28","modified_gmt":"2025-05-14T15:18:28","slug":"mixing-valve-eco-va","status":"publish","type":"product","link":"https:\/\/www.bm-gmbh.com\/en\/products\/high-pressure-injection-packer-accessories\/mixing-valve-eco-va\/","title":{"rendered":"Mixing valve Eco VA"},"content":{"rendered":"<p>A trapezoidal mixer is used for fast-reactive injection media, in which all material-carrying parts are made of the highest quality stainless steel to prevent corrosion. Two material hoses transport components A + B to the static mixer in the mixing pipe via 2 ball valves. During injection, both valves are opened and closed simultaneously via a one-hand mixing lever. The two ball valves can be used to flush the valves of the A and B components separately.<\/p>\n","protected":false},"excerpt":{"rendered":"<p>Combined Flush valve for A+B, Incl. Hose whip, quick coupling, mat. Connection NPS1\/4&#8243;<\/p>\n","protected":false},"featured_media":17640,"template":"","meta":{"site-sidebar-layout":"default","site-content-layout":"","ast-site-content-layout":"default","site-content-style":"default","site-sidebar-style":"default","ast-global-header-display":"","ast-banner-title-visibility":"","ast-main-header-display":"","ast-hfb-above-header-display":"","ast-hfb-below-header-display":"","ast-hfb-mobile-header-display":"","site-post-title":"","ast-breadcrumbs-content":"","ast-featured-img":"","footer-sml-layout":"","ast-disable-related-posts":"","theme-transparent-header-meta":"default","adv-header-id-meta":"","stick-header-meta":"default","header-above-stick-meta":"","header-main-stick-meta":"","header-below-stick-meta":"","astra-migrate-meta-layouts":"set","ast-page-background-enabled":"default","ast-page-background-meta":{"desktop":{"background-color":"var(--ast-global-color-4)","background-image":"","background-repeat":"repeat","background-position":"center center","background-size":"auto","background-attachment":"scroll","background-type":"","background-media":"","overlay-type":"","overlay-color":"","overlay-opacity":"","overlay-gradient":""},"tablet":{"background-color":"","background-image":"","background-repeat":"repeat","background-position":"center center","background-size":"auto","background-attachment":"scroll","background-type":"","background-media":"","overlay-type":"","overlay-color":"","overlay-opacity":"","overlay-gradient":""},"mobile":{"background-color":"","background-image":"","background-repeat":"repeat","background-position":"center center","background-size":"auto","background-attachment":"scroll","background-type":"","background-media":"","overlay-type":"","overlay-color":"","overlay-opacity":"","overlay-gradient":""}},"ast-content-background-meta":{"desktop":{"background-color":"var(--ast-global-color-5)","background-image":"","background-repeat":"repeat","background-position":"center center","background-size":"auto","background-attachment":"scroll","background-type":"","background-media":"","overlay-type":"","overlay-color":"","overlay-opacity":"","overlay-gradient":""},"tablet":{"background-color":"var(--ast-global-color-5)","background-image":"","background-repeat":"repeat","background-position":"center center","background-size":"auto","background-attachment":"scroll","background-type":"","background-media":"","overlay-type":"","overlay-color":"","overlay-opacity":"","overlay-gradient":""},"mobile":{"background-color":"var(--ast-global-color-5)","background-image":"","background-repeat":"repeat","background-position":"center center","background-size":"auto","background-attachment":"scroll","background-type":"","background-media":"","overlay-type":"","overlay-color":"","overlay-opacity":"","overlay-gradient":""}}},"product_brand":[],"product_cat":[1174],"product_tag":[1214,1213,1216,1215,1212],"class_list":{"0":"post-15945","1":"product","2":"type-product","3":"status-publish","4":"has-post-thumbnail","6":"product_cat-high-pressure-injection-packer-accessories","7":"product_tag-1-hand-lever-mixer","8":"product_tag-all-material-carrying-parts-v4a","9":"product_tag-combined-flushing-unit-for-ab","10":"product_tag-mixing-tube-with-static-mixer","11":"product_tag-trapezoidal-mixer-for-2-k-injections-11","12":"desktop-align-center","13":"tablet-align-left","14":"mobile-align-center","15":"ast-product-gallery-layout-horizontal-slider","16":"ast-product-gallery-with-no-image","17":"ast-qv-on-image","19":"first","20":"instock","21":"shipping-taxable","22":"product-type-simple"},"yoast_head":"<!-- This site is optimized with the Yoast SEO Premium plugin v27.4 (Yoast SEO v27.4) - https:\/\/yoast.com\/product\/yoast-seo-premium-wordpress\/ -->\n<title>Mixing valve Eco VA<\/title>\n<meta name=\"description\" content=\"A trapezoidal mixer is used for fast-reactive injection media, in which all material-carrying parts are made of the highest quality stainless steel to prevent corrosion. Two material hoses transport components A + B to the static mixer in the mixing pipe via 2 ball valves. During injection, both valves are opened and closed simultaneously via a one-hand mixing lever. The two ball valves can be used to flush the valves of the A and B components separately.\" \/>\n<meta name=\"robots\" content=\"index, follow, max-snippet:-1, max-image-preview:large, max-video-preview:-1\" \/>\n<link rel=\"canonical\" href=\"https:\/\/www.bm-gmbh.com\/en\/products\/high-pressure-injection-packer-accessories\/mixing-valve-eco-va\/\" \/>\n<meta property=\"og:locale\" content=\"en_US\" \/>\n<meta property=\"og:type\" content=\"article\" \/>\n<meta property=\"og:title\" content=\"Mixing valve Eco VA\" \/>\n<meta property=\"og:description\" content=\"A trapezoidal mixer is used for fast-reactive injection media, in which all material-carrying parts are made of the highest quality stainless steel to prevent corrosion. Two material hoses transport components A + B to the static mixer in the mixing pipe via 2 ball valves. During injection, both valves are opened and closed simultaneously via a one-hand mixing lever. The two ball valves can be used to flush the valves of the A and B components separately.\" \/>\n<meta property=\"og:url\" content=\"https:\/\/www.bm-gmbh.com\/en\/products\/high-pressure-injection-packer-accessories\/mixing-valve-eco-va\/\" \/>\n<meta property=\"og:site_name\" content=\"b&amp;m GmbH - Ihr Partner f\u00fcr alle Marken\" \/>\n<meta property=\"article:modified_time\" content=\"2025-05-14T15:18:28+00:00\" \/>\n<meta property=\"og:image\" content=\"https:\/\/www.bm-gmbh.com\/wp-content\/uploads\/PNG_Mischventil-ECO-Neu-2.png\" \/>\n\t<meta property=\"og:image:width\" content=\"1024\" \/>\n\t<meta property=\"og:image:height\" content=\"1024\" \/>\n\t<meta property=\"og:image:type\" content=\"image\/png\" \/>\n<script type=\"application\/ld+json\" class=\"yoast-schema-graph\">{\"@context\":\"https:\\\/\\\/schema.org\",\"@graph\":[{\"@type\":\"WebPage\",\"@id\":\"https:\\\/\\\/www.bm-gmbh.com\\\/en\\\/products\\\/high-pressure-injection-packer-accessories\\\/mixing-valve-eco-va\\\/\",\"url\":\"https:\\\/\\\/www.bm-gmbh.com\\\/en\\\/products\\\/high-pressure-injection-packer-accessories\\\/mixing-valve-eco-va\\\/\",\"name\":\"Mixing valve Eco VA\",\"isPartOf\":{\"@id\":\"https:\\\/\\\/www.bm-gmbh.com\\\/en\\\/#website\"},\"primaryImageOfPage\":{\"@id\":\"https:\\\/\\\/www.bm-gmbh.com\\\/en\\\/products\\\/high-pressure-injection-packer-accessories\\\/mixing-valve-eco-va\\\/#primaryimage\"},\"image\":{\"@id\":\"https:\\\/\\\/www.bm-gmbh.com\\\/en\\\/products\\\/high-pressure-injection-packer-accessories\\\/mixing-valve-eco-va\\\/#primaryimage\"},\"thumbnailUrl\":\"https:\\\/\\\/www.bm-gmbh.com\\\/wp-content\\\/uploads\\\/PNG_Mischventil-ECO-Neu-2.png\",\"datePublished\":\"2024-01-16T09:47:05+00:00\",\"dateModified\":\"2025-05-14T15:18:28+00:00\",\"description\":\"A trapezoidal mixer is used for fast-reactive injection media, in which all material-carrying parts are made of the highest quality stainless steel to prevent corrosion. Two material hoses transport components A + B to the static mixer in the mixing pipe via 2 ball valves. During injection, both valves are opened and closed simultaneously via a one-hand mixing lever. The two ball valves can be used to flush the valves of the A and B components separately.\",\"breadcrumb\":{\"@id\":\"https:\\\/\\\/www.bm-gmbh.com\\\/en\\\/products\\\/high-pressure-injection-packer-accessories\\\/mixing-valve-eco-va\\\/#breadcrumb\"},\"inLanguage\":\"en-US\",\"potentialAction\":[{\"@type\":\"ReadAction\",\"target\":[\"https:\\\/\\\/www.bm-gmbh.com\\\/en\\\/products\\\/high-pressure-injection-packer-accessories\\\/mixing-valve-eco-va\\\/\"]}]},{\"@type\":\"ImageObject\",\"inLanguage\":\"en-US\",\"@id\":\"https:\\\/\\\/www.bm-gmbh.com\\\/en\\\/products\\\/high-pressure-injection-packer-accessories\\\/mixing-valve-eco-va\\\/#primaryimage\",\"url\":\"https:\\\/\\\/www.bm-gmbh.com\\\/wp-content\\\/uploads\\\/PNG_Mischventil-ECO-Neu-2.png\",\"contentUrl\":\"https:\\\/\\\/www.bm-gmbh.com\\\/wp-content\\\/uploads\\\/PNG_Mischventil-ECO-Neu-2.png\",\"width\":1024,\"height\":1024,\"caption\":\"Mixing valve Eco VA\"},{\"@type\":\"BreadcrumbList\",\"@id\":\"https:\\\/\\\/www.bm-gmbh.com\\\/en\\\/products\\\/high-pressure-injection-packer-accessories\\\/mixing-valve-eco-va\\\/#breadcrumb\",\"itemListElement\":[{\"@type\":\"ListItem\",\"position\":1,\"name\":\"Startseite\",\"item\":\"https:\\\/\\\/www.bm-gmbh.com\\\/en\\\/home-page\\\/\"},{\"@type\":\"ListItem\",\"position\":2,\"name\":\"Products\",\"item\":\"https:\\\/\\\/www.bm-gmbh.com\\\/en\\\/products-2\\\/\"},{\"@type\":\"ListItem\",\"position\":3,\"name\":\"Mixing valve Eco VA\"}]},{\"@type\":\"WebSite\",\"@id\":\"https:\\\/\\\/www.bm-gmbh.com\\\/en\\\/#website\",\"url\":\"https:\\\/\\\/www.bm-gmbh.com\\\/en\\\/\",\"name\":\"b&m GmbH\",\"description\":\"Ihr Partner f\u00fcr alle Marken\",\"publisher\":{\"@id\":\"https:\\\/\\\/www.bm-gmbh.com\\\/en\\\/#organization\"},\"alternateName\":\"b&m GmbH - Ihr Partner f\u00fcr alle Marken\",\"potentialAction\":[{\"@type\":\"SearchAction\",\"target\":{\"@type\":\"EntryPoint\",\"urlTemplate\":\"https:\\\/\\\/www.bm-gmbh.com\\\/en\\\/?s={search_term_string}\"},\"query-input\":{\"@type\":\"PropertyValueSpecification\",\"valueRequired\":true,\"valueName\":\"search_term_string\"}}],\"inLanguage\":\"en-US\"},{\"@type\":\"Organization\",\"@id\":\"https:\\\/\\\/www.bm-gmbh.com\\\/en\\\/#organization\",\"name\":\"b&m GmbH\",\"alternateName\":\"b&m GmbH - Ihr Partner f\u00fcr alle Marken\",\"url\":\"https:\\\/\\\/www.bm-gmbh.com\\\/en\\\/\",\"logo\":{\"@type\":\"ImageObject\",\"inLanguage\":\"en-US\",\"@id\":\"https:\\\/\\\/www.bm-gmbh.com\\\/en\\\/#\\\/schema\\\/logo\\\/image\\\/\",\"url\":\"https:\\\/\\\/www.bm-gmbh.com\\\/wp-content\\\/uploads\\\/bm-1024.png\",\"contentUrl\":\"https:\\\/\\\/www.bm-gmbh.com\\\/wp-content\\\/uploads\\\/bm-1024.png\",\"width\":1024,\"height\":1024,\"caption\":\"b&m GmbH\"},\"image\":{\"@id\":\"https:\\\/\\\/www.bm-gmbh.com\\\/en\\\/#\\\/schema\\\/logo\\\/image\\\/\"},\"sameAs\":[\"https:\\\/\\\/www.instagram.com\\\/bm.gmbh\",\"https:\\\/\\\/www.youtube.com\\\/@bmgmbh6754\"],\"description\":\"Mittelst\u00e4ndischer Anbieter f\u00fcr Farbspritztechnik, Oberfl\u00e4chentechnik, Pumpentechnik, Bautenschutz- und Injektionstechnik. Bedient prim\u00e4r Handwerk und Industrie Zentrale Produkte & Services: Spritztechnik: Hand- & Automatikpistolen, HD\\\/ND-Ger\u00e4te, 2K-Anlagen, Elektrostatiksysteme. Bautenschutz\\\/Injektionstechnik: Injektionsanlagen, Gelanlagen, Schnecken-\\\/Mischpumpen. Zubeh\u00f6r\\\/Technik: Kompressoren, Filteranlagen, R\u00fchrwerke, Packer & Injektoren. Fokus auf hochwertige, langlebige Profi-Ger\u00e4te \u2192 Interesse an zuverl\u00e4ssigen Partnern, Service & technischem Support.\",\"email\":\"info@bm-gmbh.com\",\"telephone\":\"0049 7546 923120\",\"legalName\":\"b&m GmbH\",\"foundingDate\":\"1997-04-02\",\"numberOfEmployees\":{\"@type\":\"QuantitativeValue\",\"minValue\":\"11\",\"maxValue\":\"50\"}}]}<\/script>\n<meta property=\"product:brand\" content=\"1-hand lever mixer\" \/>\n<meta property=\"product:price:currency\" content=\"EUR\" \/>\n<meta property=\"og:availability\" content=\"instock\" \/>\n<meta property=\"product:availability\" content=\"instock\" \/>\n<meta property=\"product:retailer_item_id\" content=\"BM179-0140001\" \/>\n<meta property=\"product:condition\" content=\"new\" \/>\n<!-- \/ Yoast SEO Premium plugin. -->","yoast_head_json":{"title":"Mixing valve Eco VA","description":"A trapezoidal mixer is used for fast-reactive injection media, in which all material-carrying parts are made of the highest quality stainless steel to prevent corrosion. Two material hoses transport components A + B to the static mixer in the mixing pipe via 2 ball valves. During injection, both valves are opened and closed simultaneously via a one-hand mixing lever. The two ball valves can be used to flush the valves of the A and B components separately.","robots":{"index":"index","follow":"follow","max-snippet":"max-snippet:-1","max-image-preview":"max-image-preview:large","max-video-preview":"max-video-preview:-1"},"canonical":"https:\/\/www.bm-gmbh.com\/en\/products\/high-pressure-injection-packer-accessories\/mixing-valve-eco-va\/","og_locale":"en_US","og_type":"article","og_title":"Mixing valve Eco VA","og_description":"A trapezoidal mixer is used for fast-reactive injection media, in which all material-carrying parts are made of the highest quality stainless steel to prevent corrosion. Two material hoses transport components A + B to the static mixer in the mixing pipe via 2 ball valves. During injection, both valves are opened and closed simultaneously via a one-hand mixing lever. The two ball valves can be used to flush the valves of the A and B components separately.","og_url":"https:\/\/www.bm-gmbh.com\/en\/products\/high-pressure-injection-packer-accessories\/mixing-valve-eco-va\/","og_site_name":"b&amp;m GmbH - Ihr Partner f\u00fcr alle Marken","article_modified_time":"2025-05-14T15:18:28+00:00","og_image":[{"width":1024,"height":1024,"url":"https:\/\/www.bm-gmbh.com\/wp-content\/uploads\/PNG_Mischventil-ECO-Neu-2.png","type":"image\/png"}],"schema":{"@context":"https:\/\/schema.org","@graph":[{"@type":"WebPage","@id":"https:\/\/www.bm-gmbh.com\/en\/products\/high-pressure-injection-packer-accessories\/mixing-valve-eco-va\/","url":"https:\/\/www.bm-gmbh.com\/en\/products\/high-pressure-injection-packer-accessories\/mixing-valve-eco-va\/","name":"Mixing valve Eco VA","isPartOf":{"@id":"https:\/\/www.bm-gmbh.com\/en\/#website"},"primaryImageOfPage":{"@id":"https:\/\/www.bm-gmbh.com\/en\/products\/high-pressure-injection-packer-accessories\/mixing-valve-eco-va\/#primaryimage"},"image":{"@id":"https:\/\/www.bm-gmbh.com\/en\/products\/high-pressure-injection-packer-accessories\/mixing-valve-eco-va\/#primaryimage"},"thumbnailUrl":"https:\/\/www.bm-gmbh.com\/wp-content\/uploads\/PNG_Mischventil-ECO-Neu-2.png","datePublished":"2024-01-16T09:47:05+00:00","dateModified":"2025-05-14T15:18:28+00:00","description":"A trapezoidal mixer is used for fast-reactive injection media, in which all material-carrying parts are made of the highest quality stainless steel to prevent corrosion. Two material hoses transport components A + B to the static mixer in the mixing pipe via 2 ball valves. During injection, both valves are opened and closed simultaneously via a one-hand mixing lever. The two ball valves can be used to flush the valves of the A and B components separately.","breadcrumb":{"@id":"https:\/\/www.bm-gmbh.com\/en\/products\/high-pressure-injection-packer-accessories\/mixing-valve-eco-va\/#breadcrumb"},"inLanguage":"en-US","potentialAction":[{"@type":"ReadAction","target":["https:\/\/www.bm-gmbh.com\/en\/products\/high-pressure-injection-packer-accessories\/mixing-valve-eco-va\/"]}]},{"@type":"ImageObject","inLanguage":"en-US","@id":"https:\/\/www.bm-gmbh.com\/en\/products\/high-pressure-injection-packer-accessories\/mixing-valve-eco-va\/#primaryimage","url":"https:\/\/www.bm-gmbh.com\/wp-content\/uploads\/PNG_Mischventil-ECO-Neu-2.png","contentUrl":"https:\/\/www.bm-gmbh.com\/wp-content\/uploads\/PNG_Mischventil-ECO-Neu-2.png","width":1024,"height":1024,"caption":"Mixing valve Eco VA"},{"@type":"BreadcrumbList","@id":"https:\/\/www.bm-gmbh.com\/en\/products\/high-pressure-injection-packer-accessories\/mixing-valve-eco-va\/#breadcrumb","itemListElement":[{"@type":"ListItem","position":1,"name":"Startseite","item":"https:\/\/www.bm-gmbh.com\/en\/home-page\/"},{"@type":"ListItem","position":2,"name":"Products","item":"https:\/\/www.bm-gmbh.com\/en\/products-2\/"},{"@type":"ListItem","position":3,"name":"Mixing valve Eco VA"}]},{"@type":"WebSite","@id":"https:\/\/www.bm-gmbh.com\/en\/#website","url":"https:\/\/www.bm-gmbh.com\/en\/","name":"b&m GmbH","description":"Ihr Partner f\u00fcr alle Marken","publisher":{"@id":"https:\/\/www.bm-gmbh.com\/en\/#organization"},"alternateName":"b&m GmbH - Ihr Partner f\u00fcr alle Marken","potentialAction":[{"@type":"SearchAction","target":{"@type":"EntryPoint","urlTemplate":"https:\/\/www.bm-gmbh.com\/en\/?s={search_term_string}"},"query-input":{"@type":"PropertyValueSpecification","valueRequired":true,"valueName":"search_term_string"}}],"inLanguage":"en-US"},{"@type":"Organization","@id":"https:\/\/www.bm-gmbh.com\/en\/#organization","name":"b&m GmbH","alternateName":"b&m GmbH - Ihr Partner f\u00fcr alle Marken","url":"https:\/\/www.bm-gmbh.com\/en\/","logo":{"@type":"ImageObject","inLanguage":"en-US","@id":"https:\/\/www.bm-gmbh.com\/en\/#\/schema\/logo\/image\/","url":"https:\/\/www.bm-gmbh.com\/wp-content\/uploads\/bm-1024.png","contentUrl":"https:\/\/www.bm-gmbh.com\/wp-content\/uploads\/bm-1024.png","width":1024,"height":1024,"caption":"b&m GmbH"},"image":{"@id":"https:\/\/www.bm-gmbh.com\/en\/#\/schema\/logo\/image\/"},"sameAs":["https:\/\/www.instagram.com\/bm.gmbh","https:\/\/www.youtube.com\/@bmgmbh6754"],"description":"Mittelst\u00e4ndischer Anbieter f\u00fcr Farbspritztechnik, Oberfl\u00e4chentechnik, Pumpentechnik, Bautenschutz- und Injektionstechnik. Bedient prim\u00e4r Handwerk und Industrie Zentrale Produkte & Services: Spritztechnik: Hand- & Automatikpistolen, HD\/ND-Ger\u00e4te, 2K-Anlagen, Elektrostatiksysteme. Bautenschutz\/Injektionstechnik: Injektionsanlagen, Gelanlagen, Schnecken-\/Mischpumpen. Zubeh\u00f6r\/Technik: Kompressoren, Filteranlagen, R\u00fchrwerke, Packer & Injektoren. Fokus auf hochwertige, langlebige Profi-Ger\u00e4te \u2192 Interesse an zuverl\u00e4ssigen Partnern, Service & technischem Support.","email":"info@bm-gmbh.com","telephone":"0049 7546 923120","legalName":"b&m GmbH","foundingDate":"1997-04-02","numberOfEmployees":{"@type":"QuantitativeValue","minValue":"11","maxValue":"50"}}]},"product_brand":"1-hand lever mixer","product_price_currency":"EUR","og_availability":"instock","product_availability":"instock","product_retailer_item_id":"BM179-0140001","product_condition":"new"},"_links":{"self":[{"href":"https:\/\/www.bm-gmbh.com\/en\/wp-json\/wp\/v2\/product\/15945","targetHints":{"allow":["GET"]}}],"collection":[{"href":"https:\/\/www.bm-gmbh.com\/en\/wp-json\/wp\/v2\/product"}],"about":[{"href":"https:\/\/www.bm-gmbh.com\/en\/wp-json\/wp\/v2\/types\/product"}],"wp:featuredmedia":[{"embeddable":true,"href":"https:\/\/www.bm-gmbh.com\/en\/wp-json\/wp\/v2\/media\/17640"}],"wp:attachment":[{"href":"https:\/\/www.bm-gmbh.com\/en\/wp-json\/wp\/v2\/media?parent=15945"}],"wp:term":[{"taxonomy":"product_brand","embeddable":true,"href":"https:\/\/www.bm-gmbh.com\/en\/wp-json\/wp\/v2\/product_brand?post=15945"},{"taxonomy":"product_cat","embeddable":true,"href":"https:\/\/www.bm-gmbh.com\/en\/wp-json\/wp\/v2\/product_cat?post=15945"},{"taxonomy":"product_tag","embeddable":true,"href":"https:\/\/www.bm-gmbh.com\/en\/wp-json\/wp\/v2\/product_tag?post=15945"}],"curies":[{"name":"wp","href":"https:\/\/api.w.org\/{rel}","templated":true}]}}