{"id":15893,"date":"2024-01-16T10:58:29","date_gmt":"2024-01-16T09:58:29","guid":{"rendered":"https:\/\/bm-gmbh.com\/produkte\/uncategorized\/electric-piston-pump-sp-380-vp-battery\/"},"modified":"2025-05-14T16:12:44","modified_gmt":"2025-05-14T14:12:44","slug":"electric-piston-pump-sp-380-vp-battery","status":"publish","type":"product","link":"https:\/\/www.bm-gmbh.com\/en\/products\/injection-devices_1k\/electric-piston-pumps-vp\/electric-piston-pump-sp-380-vp-battery\/","title":{"rendered":"Electric piston pump SP 380 VP Akku"},"content":{"rendered":"<p>The SP 380 Akku is ideal for construction sites that are difficult to reach or where no electricity is available. Thanks to the short charging time of 50 minutes and the spare battery, there is no downtime. The pressure and the delivery volume can be steplessly adjusted from 0 &#8211; 207 bar. Opposite to electric diaphragm pumps the motor of these units stops as soon as required and pre-adjusted working pressure is reached. Therefore also an accustic control during injection is possible.<\/p>\n","protected":false},"excerpt":{"rendered":"<p>Frame, Hopper 6 ltr., 7,5m material hose, S93 pistol 4-finger trigger 7\/8\u00b4\u00b4, Injections set flex with manometer, 4-jaw-grip, 2x accu with fast charger<\/p>\n","protected":false},"featured_media":14983,"template":"","meta":{"site-sidebar-layout":"default","site-content-layout":"","ast-site-content-layout":"default","site-content-style":"default","site-sidebar-style":"default","ast-global-header-display":"","ast-banner-title-visibility":"","ast-main-header-display":"","ast-hfb-above-header-display":"","ast-hfb-below-header-display":"","ast-hfb-mobile-header-display":"","site-post-title":"","ast-breadcrumbs-content":"","ast-featured-img":"","footer-sml-layout":"","ast-disable-related-posts":"","theme-transparent-header-meta":"default","adv-header-id-meta":"","stick-header-meta":"default","header-above-stick-meta":"","header-main-stick-meta":"","header-below-stick-meta":"","astra-migrate-meta-layouts":"set","ast-page-background-enabled":"default","ast-page-background-meta":{"desktop":{"background-color":"var(--ast-global-color-4)","background-image":"","background-repeat":"repeat","background-position":"center center","background-size":"auto","background-attachment":"scroll","background-type":"","background-media":"","overlay-type":"","overlay-color":"","overlay-opacity":"","overlay-gradient":""},"tablet":{"background-color":"","background-image":"","background-repeat":"repeat","background-position":"center center","background-size":"auto","background-attachment":"scroll","background-type":"","background-media":"","overlay-type":"","overlay-color":"","overlay-opacity":"","overlay-gradient":""},"mobile":{"background-color":"","background-image":"","background-repeat":"repeat","background-position":"center center","background-size":"auto","background-attachment":"scroll","background-type":"","background-media":"","overlay-type":"","overlay-color":"","overlay-opacity":"","overlay-gradient":""}},"ast-content-background-meta":{"desktop":{"background-color":"var(--ast-global-color-5)","background-image":"","background-repeat":"repeat","background-position":"center center","background-size":"auto","background-attachment":"scroll","background-type":"","background-media":"","overlay-type":"","overlay-color":"","overlay-opacity":"","overlay-gradient":""},"tablet":{"background-color":"var(--ast-global-color-5)","background-image":"","background-repeat":"repeat","background-position":"center center","background-size":"auto","background-attachment":"scroll","background-type":"","background-media":"","overlay-type":"","overlay-color":"","overlay-opacity":"","overlay-gradient":""},"mobile":{"background-color":"var(--ast-global-color-5)","background-image":"","background-repeat":"repeat","background-position":"center center","background-size":"auto","background-attachment":"scroll","background-type":"","background-media":"","overlay-type":"","overlay-color":"","overlay-opacity":"","overlay-gradient":""}}},"product_brand":[],"product_cat":[1154],"product_tag":[1130,1137,1131,1132],"class_list":{"0":"post-15893","1":"product","2":"type-product","3":"status-publish","4":"has-post-thumbnail","6":"product_cat-electric-piston-pumps-vp","7":"product_tag-1-k-pur-resin","8":"product_tag-1-component-epoxy","9":"product_tag-2-k-pur-resin","10":"product_tag-2-component-epoxy","11":"desktop-align-center","12":"tablet-align-left","13":"mobile-align-center","14":"ast-product-gallery-layout-horizontal-slider","15":"ast-product-gallery-with-no-image","16":"ast-qv-on-image","18":"first","19":"instock","20":"shipping-taxable","21":"product-type-simple"},"yoast_head":"<!-- This site is optimized with the Yoast SEO Premium plugin v27.4 (Yoast SEO v27.4) - https:\/\/yoast.com\/product\/yoast-seo-premium-wordpress\/ -->\n<title>Electric piston pump SP 380 VP Akku<\/title>\n<meta name=\"description\" content=\"The SP 380 Akku is ideal for construction sites that are difficult to reach or where no electricity is available. Thanks to the short charging time of 50 minutes and the spare battery, there is no downtime. The pressure and the delivery volume can be steplessly adjusted from 0 - 207 bar. Opposite to electric diaphragm pumps the motor of these units stops as soon as required and pre-adjusted working pressure is reached. Therefore also an accustic control during injection is possible.\" \/>\n<meta name=\"robots\" content=\"index, follow, max-snippet:-1, max-image-preview:large, max-video-preview:-1\" \/>\n<link rel=\"canonical\" href=\"https:\/\/www.bm-gmbh.com\/en\/products\/injection-devices_1k\/electric-piston-pumps-vp\/electric-piston-pump-sp-380-vp-battery\/\" \/>\n<meta property=\"og:locale\" content=\"en_US\" \/>\n<meta property=\"og:type\" content=\"article\" \/>\n<meta property=\"og:title\" content=\"Electric piston pump SP 380 VP Akku\" \/>\n<meta property=\"og:description\" content=\"The SP 380 Akku is ideal for construction sites that are difficult to reach or where no electricity is available. Thanks to the short charging time of 50 minutes and the spare battery, there is no downtime. The pressure and the delivery volume can be steplessly adjusted from 0 - 207 bar. Opposite to electric diaphragm pumps the motor of these units stops as soon as required and pre-adjusted working pressure is reached. Therefore also an accustic control during injection is possible.\" \/>\n<meta property=\"og:url\" content=\"https:\/\/www.bm-gmbh.com\/en\/products\/injection-devices_1k\/electric-piston-pumps-vp\/electric-piston-pump-sp-380-vp-battery\/\" \/>\n<meta property=\"og:site_name\" content=\"b&amp;m GmbH - Ihr Partner f\u00fcr alle Marken\" \/>\n<meta property=\"article:modified_time\" content=\"2025-05-14T14:12:44+00:00\" \/>\n<meta property=\"og:image\" content=\"https:\/\/www.bm-gmbh.com\/wp-content\/uploads\/PNG_SP380_akku-1.png\" \/>\n\t<meta property=\"og:image:width\" content=\"1024\" \/>\n\t<meta property=\"og:image:height\" content=\"1024\" \/>\n\t<meta property=\"og:image:type\" content=\"image\/png\" \/>\n<script type=\"application\/ld+json\" class=\"yoast-schema-graph\">{\"@context\":\"https:\\\/\\\/schema.org\",\"@graph\":[{\"@type\":\"WebPage\",\"@id\":\"https:\\\/\\\/www.bm-gmbh.com\\\/en\\\/products\\\/injection-devices_1k\\\/electric-piston-pumps-vp\\\/electric-piston-pump-sp-380-vp-battery\\\/\",\"url\":\"https:\\\/\\\/www.bm-gmbh.com\\\/en\\\/products\\\/injection-devices_1k\\\/electric-piston-pumps-vp\\\/electric-piston-pump-sp-380-vp-battery\\\/\",\"name\":\"Electric piston pump SP 380 VP Akku\",\"isPartOf\":{\"@id\":\"https:\\\/\\\/www.bm-gmbh.com\\\/en\\\/#website\"},\"primaryImageOfPage\":{\"@id\":\"https:\\\/\\\/www.bm-gmbh.com\\\/en\\\/products\\\/injection-devices_1k\\\/electric-piston-pumps-vp\\\/electric-piston-pump-sp-380-vp-battery\\\/#primaryimage\"},\"image\":{\"@id\":\"https:\\\/\\\/www.bm-gmbh.com\\\/en\\\/products\\\/injection-devices_1k\\\/electric-piston-pumps-vp\\\/electric-piston-pump-sp-380-vp-battery\\\/#primaryimage\"},\"thumbnailUrl\":\"https:\\\/\\\/www.bm-gmbh.com\\\/wp-content\\\/uploads\\\/PNG_SP380_akku-1.png\",\"datePublished\":\"2024-01-16T09:58:29+00:00\",\"dateModified\":\"2025-05-14T14:12:44+00:00\",\"description\":\"The SP 380 Akku is ideal for construction sites that are difficult to reach or where no electricity is available. Thanks to the short charging time of 50 minutes and the spare battery, there is no downtime. The pressure and the delivery volume can be steplessly adjusted from 0 - 207 bar. Opposite to electric diaphragm pumps the motor of these units stops as soon as required and pre-adjusted working pressure is reached. Therefore also an accustic control during injection is possible.\",\"breadcrumb\":{\"@id\":\"https:\\\/\\\/www.bm-gmbh.com\\\/en\\\/products\\\/injection-devices_1k\\\/electric-piston-pumps-vp\\\/electric-piston-pump-sp-380-vp-battery\\\/#breadcrumb\"},\"inLanguage\":\"en-US\",\"potentialAction\":[{\"@type\":\"ReadAction\",\"target\":[\"https:\\\/\\\/www.bm-gmbh.com\\\/en\\\/products\\\/injection-devices_1k\\\/electric-piston-pumps-vp\\\/electric-piston-pump-sp-380-vp-battery\\\/\"]}]},{\"@type\":\"ImageObject\",\"inLanguage\":\"en-US\",\"@id\":\"https:\\\/\\\/www.bm-gmbh.com\\\/en\\\/products\\\/injection-devices_1k\\\/electric-piston-pumps-vp\\\/electric-piston-pump-sp-380-vp-battery\\\/#primaryimage\",\"url\":\"https:\\\/\\\/www.bm-gmbh.com\\\/wp-content\\\/uploads\\\/PNG_SP380_akku-1.png\",\"contentUrl\":\"https:\\\/\\\/www.bm-gmbh.com\\\/wp-content\\\/uploads\\\/PNG_SP380_akku-1.png\",\"width\":1024,\"height\":1024,\"caption\":\"Electric piston pump SP 380 VP Akku\"},{\"@type\":\"BreadcrumbList\",\"@id\":\"https:\\\/\\\/www.bm-gmbh.com\\\/en\\\/products\\\/injection-devices_1k\\\/electric-piston-pumps-vp\\\/electric-piston-pump-sp-380-vp-battery\\\/#breadcrumb\",\"itemListElement\":[{\"@type\":\"ListItem\",\"position\":1,\"name\":\"Startseite\",\"item\":\"https:\\\/\\\/www.bm-gmbh.com\\\/en\\\/home-page\\\/\"},{\"@type\":\"ListItem\",\"position\":2,\"name\":\"Products\",\"item\":\"https:\\\/\\\/www.bm-gmbh.com\\\/en\\\/products-2\\\/\"},{\"@type\":\"ListItem\",\"position\":3,\"name\":\"Electric piston pump SP 380 VP Akku\"}]},{\"@type\":\"WebSite\",\"@id\":\"https:\\\/\\\/www.bm-gmbh.com\\\/en\\\/#website\",\"url\":\"https:\\\/\\\/www.bm-gmbh.com\\\/en\\\/\",\"name\":\"b&m GmbH\",\"description\":\"Ihr Partner f\u00fcr alle Marken\",\"publisher\":{\"@id\":\"https:\\\/\\\/www.bm-gmbh.com\\\/en\\\/#organization\"},\"alternateName\":\"b&m GmbH - Ihr Partner f\u00fcr alle Marken\",\"potentialAction\":[{\"@type\":\"SearchAction\",\"target\":{\"@type\":\"EntryPoint\",\"urlTemplate\":\"https:\\\/\\\/www.bm-gmbh.com\\\/en\\\/?s={search_term_string}\"},\"query-input\":{\"@type\":\"PropertyValueSpecification\",\"valueRequired\":true,\"valueName\":\"search_term_string\"}}],\"inLanguage\":\"en-US\"},{\"@type\":\"Organization\",\"@id\":\"https:\\\/\\\/www.bm-gmbh.com\\\/en\\\/#organization\",\"name\":\"b&m GmbH\",\"alternateName\":\"b&m GmbH - Ihr Partner f\u00fcr alle Marken\",\"url\":\"https:\\\/\\\/www.bm-gmbh.com\\\/en\\\/\",\"logo\":{\"@type\":\"ImageObject\",\"inLanguage\":\"en-US\",\"@id\":\"https:\\\/\\\/www.bm-gmbh.com\\\/en\\\/#\\\/schema\\\/logo\\\/image\\\/\",\"url\":\"https:\\\/\\\/www.bm-gmbh.com\\\/wp-content\\\/uploads\\\/bm-1024.png\",\"contentUrl\":\"https:\\\/\\\/www.bm-gmbh.com\\\/wp-content\\\/uploads\\\/bm-1024.png\",\"width\":1024,\"height\":1024,\"caption\":\"b&m GmbH\"},\"image\":{\"@id\":\"https:\\\/\\\/www.bm-gmbh.com\\\/en\\\/#\\\/schema\\\/logo\\\/image\\\/\"},\"sameAs\":[\"https:\\\/\\\/www.instagram.com\\\/bm.gmbh\",\"https:\\\/\\\/www.youtube.com\\\/@bmgmbh6754\"],\"description\":\"Mittelst\u00e4ndischer Anbieter f\u00fcr Farbspritztechnik, Oberfl\u00e4chentechnik, Pumpentechnik, Bautenschutz- und Injektionstechnik. Bedient prim\u00e4r Handwerk und Industrie Zentrale Produkte & Services: Spritztechnik: Hand- & Automatikpistolen, HD\\\/ND-Ger\u00e4te, 2K-Anlagen, Elektrostatiksysteme. Bautenschutz\\\/Injektionstechnik: Injektionsanlagen, Gelanlagen, Schnecken-\\\/Mischpumpen. Zubeh\u00f6r\\\/Technik: Kompressoren, Filteranlagen, R\u00fchrwerke, Packer & Injektoren. Fokus auf hochwertige, langlebige Profi-Ger\u00e4te \u2192 Interesse an zuverl\u00e4ssigen Partnern, Service & technischem Support.\",\"email\":\"info@bm-gmbh.com\",\"telephone\":\"0049 7546 923120\",\"legalName\":\"b&m GmbH\",\"foundingDate\":\"1997-04-02\",\"numberOfEmployees\":{\"@type\":\"QuantitativeValue\",\"minValue\":\"11\",\"maxValue\":\"50\"}}]}<\/script>\n<meta property=\"product:brand\" content=\"1 K-PUR resin\" \/>\n<meta property=\"product:price:currency\" content=\"EUR\" \/>\n<meta property=\"og:availability\" content=\"instock\" \/>\n<meta property=\"product:availability\" content=\"instock\" \/>\n<meta property=\"product:retailer_item_id\" content=\"*BM307-201009\" \/>\n<meta property=\"product:condition\" content=\"new\" \/>\n<!-- \/ Yoast SEO Premium plugin. -->","yoast_head_json":{"title":"Electric piston pump SP 380 VP Akku","description":"The SP 380 Akku is ideal for construction sites that are difficult to reach or where no electricity is available. Thanks to the short charging time of 50 minutes and the spare battery, there is no downtime. The pressure and the delivery volume can be steplessly adjusted from 0 - 207 bar. Opposite to electric diaphragm pumps the motor of these units stops as soon as required and pre-adjusted working pressure is reached. Therefore also an accustic control during injection is possible.","robots":{"index":"index","follow":"follow","max-snippet":"max-snippet:-1","max-image-preview":"max-image-preview:large","max-video-preview":"max-video-preview:-1"},"canonical":"https:\/\/www.bm-gmbh.com\/en\/products\/injection-devices_1k\/electric-piston-pumps-vp\/electric-piston-pump-sp-380-vp-battery\/","og_locale":"en_US","og_type":"article","og_title":"Electric piston pump SP 380 VP Akku","og_description":"The SP 380 Akku is ideal for construction sites that are difficult to reach or where no electricity is available. Thanks to the short charging time of 50 minutes and the spare battery, there is no downtime. The pressure and the delivery volume can be steplessly adjusted from 0 - 207 bar. Opposite to electric diaphragm pumps the motor of these units stops as soon as required and pre-adjusted working pressure is reached. Therefore also an accustic control during injection is possible.","og_url":"https:\/\/www.bm-gmbh.com\/en\/products\/injection-devices_1k\/electric-piston-pumps-vp\/electric-piston-pump-sp-380-vp-battery\/","og_site_name":"b&amp;m GmbH - Ihr Partner f\u00fcr alle Marken","article_modified_time":"2025-05-14T14:12:44+00:00","og_image":[{"width":1024,"height":1024,"url":"https:\/\/www.bm-gmbh.com\/wp-content\/uploads\/PNG_SP380_akku-1.png","type":"image\/png"}],"schema":{"@context":"https:\/\/schema.org","@graph":[{"@type":"WebPage","@id":"https:\/\/www.bm-gmbh.com\/en\/products\/injection-devices_1k\/electric-piston-pumps-vp\/electric-piston-pump-sp-380-vp-battery\/","url":"https:\/\/www.bm-gmbh.com\/en\/products\/injection-devices_1k\/electric-piston-pumps-vp\/electric-piston-pump-sp-380-vp-battery\/","name":"Electric piston pump SP 380 VP Akku","isPartOf":{"@id":"https:\/\/www.bm-gmbh.com\/en\/#website"},"primaryImageOfPage":{"@id":"https:\/\/www.bm-gmbh.com\/en\/products\/injection-devices_1k\/electric-piston-pumps-vp\/electric-piston-pump-sp-380-vp-battery\/#primaryimage"},"image":{"@id":"https:\/\/www.bm-gmbh.com\/en\/products\/injection-devices_1k\/electric-piston-pumps-vp\/electric-piston-pump-sp-380-vp-battery\/#primaryimage"},"thumbnailUrl":"https:\/\/www.bm-gmbh.com\/wp-content\/uploads\/PNG_SP380_akku-1.png","datePublished":"2024-01-16T09:58:29+00:00","dateModified":"2025-05-14T14:12:44+00:00","description":"The SP 380 Akku is ideal for construction sites that are difficult to reach or where no electricity is available. Thanks to the short charging time of 50 minutes and the spare battery, there is no downtime. The pressure and the delivery volume can be steplessly adjusted from 0 - 207 bar. Opposite to electric diaphragm pumps the motor of these units stops as soon as required and pre-adjusted working pressure is reached. Therefore also an accustic control during injection is possible.","breadcrumb":{"@id":"https:\/\/www.bm-gmbh.com\/en\/products\/injection-devices_1k\/electric-piston-pumps-vp\/electric-piston-pump-sp-380-vp-battery\/#breadcrumb"},"inLanguage":"en-US","potentialAction":[{"@type":"ReadAction","target":["https:\/\/www.bm-gmbh.com\/en\/products\/injection-devices_1k\/electric-piston-pumps-vp\/electric-piston-pump-sp-380-vp-battery\/"]}]},{"@type":"ImageObject","inLanguage":"en-US","@id":"https:\/\/www.bm-gmbh.com\/en\/products\/injection-devices_1k\/electric-piston-pumps-vp\/electric-piston-pump-sp-380-vp-battery\/#primaryimage","url":"https:\/\/www.bm-gmbh.com\/wp-content\/uploads\/PNG_SP380_akku-1.png","contentUrl":"https:\/\/www.bm-gmbh.com\/wp-content\/uploads\/PNG_SP380_akku-1.png","width":1024,"height":1024,"caption":"Electric piston pump SP 380 VP Akku"},{"@type":"BreadcrumbList","@id":"https:\/\/www.bm-gmbh.com\/en\/products\/injection-devices_1k\/electric-piston-pumps-vp\/electric-piston-pump-sp-380-vp-battery\/#breadcrumb","itemListElement":[{"@type":"ListItem","position":1,"name":"Startseite","item":"https:\/\/www.bm-gmbh.com\/en\/home-page\/"},{"@type":"ListItem","position":2,"name":"Products","item":"https:\/\/www.bm-gmbh.com\/en\/products-2\/"},{"@type":"ListItem","position":3,"name":"Electric piston pump SP 380 VP Akku"}]},{"@type":"WebSite","@id":"https:\/\/www.bm-gmbh.com\/en\/#website","url":"https:\/\/www.bm-gmbh.com\/en\/","name":"b&m GmbH","description":"Ihr Partner f\u00fcr alle Marken","publisher":{"@id":"https:\/\/www.bm-gmbh.com\/en\/#organization"},"alternateName":"b&m GmbH - Ihr Partner f\u00fcr alle Marken","potentialAction":[{"@type":"SearchAction","target":{"@type":"EntryPoint","urlTemplate":"https:\/\/www.bm-gmbh.com\/en\/?s={search_term_string}"},"query-input":{"@type":"PropertyValueSpecification","valueRequired":true,"valueName":"search_term_string"}}],"inLanguage":"en-US"},{"@type":"Organization","@id":"https:\/\/www.bm-gmbh.com\/en\/#organization","name":"b&m GmbH","alternateName":"b&m GmbH - Ihr Partner f\u00fcr alle Marken","url":"https:\/\/www.bm-gmbh.com\/en\/","logo":{"@type":"ImageObject","inLanguage":"en-US","@id":"https:\/\/www.bm-gmbh.com\/en\/#\/schema\/logo\/image\/","url":"https:\/\/www.bm-gmbh.com\/wp-content\/uploads\/bm-1024.png","contentUrl":"https:\/\/www.bm-gmbh.com\/wp-content\/uploads\/bm-1024.png","width":1024,"height":1024,"caption":"b&m GmbH"},"image":{"@id":"https:\/\/www.bm-gmbh.com\/en\/#\/schema\/logo\/image\/"},"sameAs":["https:\/\/www.instagram.com\/bm.gmbh","https:\/\/www.youtube.com\/@bmgmbh6754"],"description":"Mittelst\u00e4ndischer Anbieter f\u00fcr Farbspritztechnik, Oberfl\u00e4chentechnik, Pumpentechnik, Bautenschutz- und Injektionstechnik. Bedient prim\u00e4r Handwerk und Industrie Zentrale Produkte & Services: Spritztechnik: Hand- & Automatikpistolen, HD\/ND-Ger\u00e4te, 2K-Anlagen, Elektrostatiksysteme. Bautenschutz\/Injektionstechnik: Injektionsanlagen, Gelanlagen, Schnecken-\/Mischpumpen. Zubeh\u00f6r\/Technik: Kompressoren, Filteranlagen, R\u00fchrwerke, Packer & Injektoren. Fokus auf hochwertige, langlebige Profi-Ger\u00e4te \u2192 Interesse an zuverl\u00e4ssigen Partnern, Service & technischem Support.","email":"info@bm-gmbh.com","telephone":"0049 7546 923120","legalName":"b&m GmbH","foundingDate":"1997-04-02","numberOfEmployees":{"@type":"QuantitativeValue","minValue":"11","maxValue":"50"}}]},"product_brand":"1 K-PUR resin","product_price_currency":"EUR","og_availability":"instock","product_availability":"instock","product_retailer_item_id":"*BM307-201009","product_condition":"new"},"_links":{"self":[{"href":"https:\/\/www.bm-gmbh.com\/en\/wp-json\/wp\/v2\/product\/15893","targetHints":{"allow":["GET"]}}],"collection":[{"href":"https:\/\/www.bm-gmbh.com\/en\/wp-json\/wp\/v2\/product"}],"about":[{"href":"https:\/\/www.bm-gmbh.com\/en\/wp-json\/wp\/v2\/types\/product"}],"wp:featuredmedia":[{"embeddable":true,"href":"https:\/\/www.bm-gmbh.com\/en\/wp-json\/wp\/v2\/media\/14983"}],"wp:attachment":[{"href":"https:\/\/www.bm-gmbh.com\/en\/wp-json\/wp\/v2\/media?parent=15893"}],"wp:term":[{"taxonomy":"product_brand","embeddable":true,"href":"https:\/\/www.bm-gmbh.com\/en\/wp-json\/wp\/v2\/product_brand?post=15893"},{"taxonomy":"product_cat","embeddable":true,"href":"https:\/\/www.bm-gmbh.com\/en\/wp-json\/wp\/v2\/product_cat?post=15893"},{"taxonomy":"product_tag","embeddable":true,"href":"https:\/\/www.bm-gmbh.com\/en\/wp-json\/wp\/v2\/product_tag?post=15893"}],"curies":[{"name":"wp","href":"https:\/\/api.w.org\/{rel}","templated":true}]}}