{"id":15884,"date":"2024-01-16T11:21:45","date_gmt":"2024-01-16T10:21:45","guid":{"rendered":"https:\/\/bm-gmbh.com\/produkte\/uncategorized\/bmp-433-2-vp-264-bar\/"},"modified":"2025-05-14T16:14:16","modified_gmt":"2025-05-14T14:14:16","slug":"bmp-433-2-vp-264-bar","status":"publish","type":"product","link":"https:\/\/www.bm-gmbh.com\/en\/products\/injection-devices_1k\/pneumatic-piston-pumps-vp\/bmp-433-2-vp-264-bar\/","title":{"rendered":"BMP 433-2 VP 264 bar"},"content":{"rendered":"<p>In contrast to the electric piston device, the pneumatic device is powered by compressed air via an air motor.<br \/>\nTherefore, this technology can also be used in explosion-proof areas. The material transport is made by a material piston. All material leading parts of those pumps are made out of stainless steel. Also these pumps are suitable for resins with high viscosity as well as for liquids and also lacquers and stains. Mineral grouts should only be used in very small quantities and only if the grain size is very small (micro cement). Opposite to electric driven diaphragm pumps the pneumatic motors stop as soon as the injection or spray gun is closed or the pre-adjusted pressure level is reached.<\/p>\n<p>Thanks to the special pump design, the 433-2 is also suitable for very small quantities.<\/p>\n","protected":false},"excerpt":{"rendered":"<p>In trolley, pressure regulator, top tank 6 l, HP hose NW4-7.5-NPS1\/4&#8243;, HP gun swivel joint NPS 1\/4&#8243;, compression set complete with pressure gauge, without compressor<\/p>\n","protected":false},"featured_media":14981,"template":"","meta":{"site-sidebar-layout":"default","site-content-layout":"","ast-site-content-layout":"default","site-content-style":"default","site-sidebar-style":"default","ast-global-header-display":"","ast-banner-title-visibility":"","ast-main-header-display":"","ast-hfb-above-header-display":"","ast-hfb-below-header-display":"","ast-hfb-mobile-header-display":"","site-post-title":"","ast-breadcrumbs-content":"","ast-featured-img":"","footer-sml-layout":"","ast-disable-related-posts":"","theme-transparent-header-meta":"default","adv-header-id-meta":"","stick-header-meta":"default","header-above-stick-meta":"","header-main-stick-meta":"","header-below-stick-meta":"","astra-migrate-meta-layouts":"set","ast-page-background-enabled":"default","ast-page-background-meta":{"desktop":{"background-color":"var(--ast-global-color-4)","background-image":"","background-repeat":"repeat","background-position":"center center","background-size":"auto","background-attachment":"scroll","background-type":"","background-media":"","overlay-type":"","overlay-color":"","overlay-opacity":"","overlay-gradient":""},"tablet":{"background-color":"","background-image":"","background-repeat":"repeat","background-position":"center center","background-size":"auto","background-attachment":"scroll","background-type":"","background-media":"","overlay-type":"","overlay-color":"","overlay-opacity":"","overlay-gradient":""},"mobile":{"background-color":"","background-image":"","background-repeat":"repeat","background-position":"center center","background-size":"auto","background-attachment":"scroll","background-type":"","background-media":"","overlay-type":"","overlay-color":"","overlay-opacity":"","overlay-gradient":""}},"ast-content-background-meta":{"desktop":{"background-color":"var(--ast-global-color-5)","background-image":"","background-repeat":"repeat","background-position":"center center","background-size":"auto","background-attachment":"scroll","background-type":"","background-media":"","overlay-type":"","overlay-color":"","overlay-opacity":"","overlay-gradient":""},"tablet":{"background-color":"var(--ast-global-color-5)","background-image":"","background-repeat":"repeat","background-position":"center center","background-size":"auto","background-attachment":"scroll","background-type":"","background-media":"","overlay-type":"","overlay-color":"","overlay-opacity":"","overlay-gradient":""},"mobile":{"background-color":"var(--ast-global-color-5)","background-image":"","background-repeat":"repeat","background-position":"center center","background-size":"auto","background-attachment":"scroll","background-type":"","background-media":"","overlay-type":"","overlay-color":"","overlay-opacity":"","overlay-gradient":""}}},"product_brand":[],"product_cat":[1128],"product_tag":[1130,1137,1131,1132,1136,1134,1135,1133,1129],"class_list":{"0":"post-15884","1":"product","2":"type-product","3":"status-publish","4":"has-post-thumbnail","6":"product_cat-pneumatic-piston-pumps-vp","7":"product_tag-1-k-pur-resin","8":"product_tag-1-component-epoxy","9":"product_tag-2-k-pur-resin","10":"product_tag-2-component-epoxy","11":"product_tag-acrylate-resins","12":"product_tag-injection-cream","13":"product_tag-smk-en","14":"product_tag-sponge-protection","15":"product_tag-wood-preservation","16":"desktop-align-center","17":"tablet-align-left","18":"mobile-align-center","19":"ast-product-gallery-layout-horizontal-slider","20":"ast-product-gallery-with-no-image","21":"ast-qv-on-image","23":"first","24":"instock","25":"shipping-taxable","26":"product-type-simple"},"yoast_head":"<!-- This site is optimized with the Yoast SEO Premium plugin v27.4 (Yoast SEO v27.4) - https:\/\/yoast.com\/product\/yoast-seo-premium-wordpress\/ -->\n<title>BMP 433-2 VP 264 bar<\/title>\n<meta name=\"description\" content=\"Opposite to the electric driven Airless units the pneumatic pumps are operated by an air motor and compressed air. Therefore this equipment is also suitable for explosion proof areas. The material transport is made by a material piston. All material leading parts of those pumps are made out of stainless steel. Also these pumps are suitable for resins with high viscosity as well as for liquids and also lacquers and stains. Mineral grouts should only be used in very small quantities and only if the grain size is very small (micro cement). Opposite to electric driven diaphragm pumps the pneumatic motors stop as soon as the injection or spray gun is closed or the pre-adjusted pressure level is reached. Thanks to the special pump design, the 433-2 is also suitable for very small quantities.\" \/>\n<meta name=\"robots\" content=\"index, follow, max-snippet:-1, max-image-preview:large, max-video-preview:-1\" \/>\n<link rel=\"canonical\" href=\"https:\/\/www.bm-gmbh.com\/en\/products\/injection-devices_1k\/pneumatic-piston-pumps-vp\/bmp-433-2-vp-264-bar\/\" \/>\n<meta property=\"og:locale\" content=\"en_US\" \/>\n<meta property=\"og:type\" content=\"article\" \/>\n<meta property=\"og:title\" content=\"BMP 433-2 VP 264 bar\" \/>\n<meta property=\"og:description\" content=\"Opposite to the electric driven Airless units the pneumatic pumps are operated by an air motor and compressed air. Therefore this equipment is also suitable for explosion proof areas. The material transport is made by a material piston. All material leading parts of those pumps are made out of stainless steel. Also these pumps are suitable for resins with high viscosity as well as for liquids and also lacquers and stains. Mineral grouts should only be used in very small quantities and only if the grain size is very small (micro cement). Opposite to electric driven diaphragm pumps the pneumatic motors stop as soon as the injection or spray gun is closed or the pre-adjusted pressure level is reached. Thanks to the special pump design, the 433-2 is also suitable for very small quantities.\" \/>\n<meta property=\"og:url\" content=\"https:\/\/www.bm-gmbh.com\/en\/products\/injection-devices_1k\/pneumatic-piston-pumps-vp\/bmp-433-2-vp-264-bar\/\" \/>\n<meta property=\"og:site_name\" content=\"b&amp;m GmbH - Ihr Partner f\u00fcr alle Marken\" \/>\n<meta property=\"article:modified_time\" content=\"2025-05-14T14:14:16+00:00\" \/>\n<meta property=\"og:image\" content=\"https:\/\/www.bm-gmbh.com\/wp-content\/uploads\/BMP-433-2-1.png\" \/>\n\t<meta property=\"og:image:width\" content=\"1024\" \/>\n\t<meta property=\"og:image:height\" content=\"1024\" \/>\n\t<meta property=\"og:image:type\" content=\"image\/png\" \/>\n<script type=\"application\/ld+json\" class=\"yoast-schema-graph\">{\"@context\":\"https:\\\/\\\/schema.org\",\"@graph\":[{\"@type\":\"WebPage\",\"@id\":\"https:\\\/\\\/www.bm-gmbh.com\\\/en\\\/products\\\/injection-devices_1k\\\/pneumatic-piston-pumps-vp\\\/bmp-433-2-vp-264-bar\\\/\",\"url\":\"https:\\\/\\\/www.bm-gmbh.com\\\/en\\\/products\\\/injection-devices_1k\\\/pneumatic-piston-pumps-vp\\\/bmp-433-2-vp-264-bar\\\/\",\"name\":\"BMP 433-2 VP 264 bar\",\"isPartOf\":{\"@id\":\"https:\\\/\\\/www.bm-gmbh.com\\\/en\\\/#website\"},\"primaryImageOfPage\":{\"@id\":\"https:\\\/\\\/www.bm-gmbh.com\\\/en\\\/products\\\/injection-devices_1k\\\/pneumatic-piston-pumps-vp\\\/bmp-433-2-vp-264-bar\\\/#primaryimage\"},\"image\":{\"@id\":\"https:\\\/\\\/www.bm-gmbh.com\\\/en\\\/products\\\/injection-devices_1k\\\/pneumatic-piston-pumps-vp\\\/bmp-433-2-vp-264-bar\\\/#primaryimage\"},\"thumbnailUrl\":\"https:\\\/\\\/www.bm-gmbh.com\\\/wp-content\\\/uploads\\\/BMP-433-2-1.png\",\"datePublished\":\"2024-01-16T10:21:45+00:00\",\"dateModified\":\"2025-05-14T14:14:16+00:00\",\"description\":\"Opposite to the electric driven Airless units the pneumatic pumps are operated by an air motor and compressed air. Therefore this equipment is also suitable for explosion proof areas. The material transport is made by a material piston. All material leading parts of those pumps are made out of stainless steel. Also these pumps are suitable for resins with high viscosity as well as for liquids and also lacquers and stains. Mineral grouts should only be used in very small quantities and only if the grain size is very small (micro cement). Opposite to electric driven diaphragm pumps the pneumatic motors stop as soon as the injection or spray gun is closed or the pre-adjusted pressure level is reached. Thanks to the special pump design, the 433-2 is also suitable for very small quantities.\",\"breadcrumb\":{\"@id\":\"https:\\\/\\\/www.bm-gmbh.com\\\/en\\\/products\\\/injection-devices_1k\\\/pneumatic-piston-pumps-vp\\\/bmp-433-2-vp-264-bar\\\/#breadcrumb\"},\"inLanguage\":\"en-US\",\"potentialAction\":[{\"@type\":\"ReadAction\",\"target\":[\"https:\\\/\\\/www.bm-gmbh.com\\\/en\\\/products\\\/injection-devices_1k\\\/pneumatic-piston-pumps-vp\\\/bmp-433-2-vp-264-bar\\\/\"]}]},{\"@type\":\"ImageObject\",\"inLanguage\":\"en-US\",\"@id\":\"https:\\\/\\\/www.bm-gmbh.com\\\/en\\\/products\\\/injection-devices_1k\\\/pneumatic-piston-pumps-vp\\\/bmp-433-2-vp-264-bar\\\/#primaryimage\",\"url\":\"https:\\\/\\\/www.bm-gmbh.com\\\/wp-content\\\/uploads\\\/BMP-433-2-1.png\",\"contentUrl\":\"https:\\\/\\\/www.bm-gmbh.com\\\/wp-content\\\/uploads\\\/BMP-433-2-1.png\",\"width\":1024,\"height\":1024,\"caption\":\"Pneumatic Piston Pump BMP 433-2 (Headstand)\"},{\"@type\":\"BreadcrumbList\",\"@id\":\"https:\\\/\\\/www.bm-gmbh.com\\\/en\\\/products\\\/injection-devices_1k\\\/pneumatic-piston-pumps-vp\\\/bmp-433-2-vp-264-bar\\\/#breadcrumb\",\"itemListElement\":[{\"@type\":\"ListItem\",\"position\":1,\"name\":\"Startseite\",\"item\":\"https:\\\/\\\/www.bm-gmbh.com\\\/en\\\/home-page\\\/\"},{\"@type\":\"ListItem\",\"position\":2,\"name\":\"Products\",\"item\":\"https:\\\/\\\/www.bm-gmbh.com\\\/en\\\/products-2\\\/\"},{\"@type\":\"ListItem\",\"position\":3,\"name\":\"BMP 433-2 VP 264 bar\"}]},{\"@type\":\"WebSite\",\"@id\":\"https:\\\/\\\/www.bm-gmbh.com\\\/en\\\/#website\",\"url\":\"https:\\\/\\\/www.bm-gmbh.com\\\/en\\\/\",\"name\":\"b&m GmbH\",\"description\":\"Ihr Partner f\u00fcr alle Marken\",\"publisher\":{\"@id\":\"https:\\\/\\\/www.bm-gmbh.com\\\/en\\\/#organization\"},\"alternateName\":\"b&m GmbH - Ihr Partner f\u00fcr alle Marken\",\"potentialAction\":[{\"@type\":\"SearchAction\",\"target\":{\"@type\":\"EntryPoint\",\"urlTemplate\":\"https:\\\/\\\/www.bm-gmbh.com\\\/en\\\/?s={search_term_string}\"},\"query-input\":{\"@type\":\"PropertyValueSpecification\",\"valueRequired\":true,\"valueName\":\"search_term_string\"}}],\"inLanguage\":\"en-US\"},{\"@type\":\"Organization\",\"@id\":\"https:\\\/\\\/www.bm-gmbh.com\\\/en\\\/#organization\",\"name\":\"b&m GmbH\",\"alternateName\":\"b&m GmbH - Ihr Partner f\u00fcr alle Marken\",\"url\":\"https:\\\/\\\/www.bm-gmbh.com\\\/en\\\/\",\"logo\":{\"@type\":\"ImageObject\",\"inLanguage\":\"en-US\",\"@id\":\"https:\\\/\\\/www.bm-gmbh.com\\\/en\\\/#\\\/schema\\\/logo\\\/image\\\/\",\"url\":\"https:\\\/\\\/www.bm-gmbh.com\\\/wp-content\\\/uploads\\\/bm-1024.png\",\"contentUrl\":\"https:\\\/\\\/www.bm-gmbh.com\\\/wp-content\\\/uploads\\\/bm-1024.png\",\"width\":1024,\"height\":1024,\"caption\":\"b&m GmbH\"},\"image\":{\"@id\":\"https:\\\/\\\/www.bm-gmbh.com\\\/en\\\/#\\\/schema\\\/logo\\\/image\\\/\"},\"sameAs\":[\"https:\\\/\\\/www.instagram.com\\\/bm.gmbh\",\"https:\\\/\\\/www.youtube.com\\\/@bmgmbh6754\"],\"description\":\"Mittelst\u00e4ndischer Anbieter f\u00fcr Farbspritztechnik, Oberfl\u00e4chentechnik, Pumpentechnik, Bautenschutz- und Injektionstechnik. Bedient prim\u00e4r Handwerk und Industrie Zentrale Produkte & Services: Spritztechnik: Hand- & Automatikpistolen, HD\\\/ND-Ger\u00e4te, 2K-Anlagen, Elektrostatiksysteme. Bautenschutz\\\/Injektionstechnik: Injektionsanlagen, Gelanlagen, Schnecken-\\\/Mischpumpen. Zubeh\u00f6r\\\/Technik: Kompressoren, Filteranlagen, R\u00fchrwerke, Packer & Injektoren. Fokus auf hochwertige, langlebige Profi-Ger\u00e4te \u2192 Interesse an zuverl\u00e4ssigen Partnern, Service & technischem Support.\",\"email\":\"info@bm-gmbh.com\",\"telephone\":\"0049 7546 923120\",\"legalName\":\"b&m GmbH\",\"foundingDate\":\"1997-04-02\",\"numberOfEmployees\":{\"@type\":\"QuantitativeValue\",\"minValue\":\"11\",\"maxValue\":\"50\"}}]}<\/script>\n<meta property=\"product:brand\" content=\"1 K-PUR resin\" \/>\n<meta property=\"product:price:currency\" content=\"EUR\" \/>\n<meta property=\"og:availability\" content=\"instock\" \/>\n<meta property=\"product:availability\" content=\"instock\" \/>\n<meta property=\"product:retailer_item_id\" content=\"H\u00dc81-BM80V26\" \/>\n<meta property=\"product:condition\" content=\"new\" \/>\n<!-- \/ Yoast SEO Premium plugin. -->","yoast_head_json":{"title":"BMP 433-2 VP 264 bar","description":"Opposite to the electric driven Airless units the pneumatic pumps are operated by an air motor and compressed air. Therefore this equipment is also suitable for explosion proof areas. The material transport is made by a material piston. All material leading parts of those pumps are made out of stainless steel. Also these pumps are suitable for resins with high viscosity as well as for liquids and also lacquers and stains. Mineral grouts should only be used in very small quantities and only if the grain size is very small (micro cement). Opposite to electric driven diaphragm pumps the pneumatic motors stop as soon as the injection or spray gun is closed or the pre-adjusted pressure level is reached. Thanks to the special pump design, the 433-2 is also suitable for very small quantities.","robots":{"index":"index","follow":"follow","max-snippet":"max-snippet:-1","max-image-preview":"max-image-preview:large","max-video-preview":"max-video-preview:-1"},"canonical":"https:\/\/www.bm-gmbh.com\/en\/products\/injection-devices_1k\/pneumatic-piston-pumps-vp\/bmp-433-2-vp-264-bar\/","og_locale":"en_US","og_type":"article","og_title":"BMP 433-2 VP 264 bar","og_description":"Opposite to the electric driven Airless units the pneumatic pumps are operated by an air motor and compressed air. Therefore this equipment is also suitable for explosion proof areas. The material transport is made by a material piston. All material leading parts of those pumps are made out of stainless steel. Also these pumps are suitable for resins with high viscosity as well as for liquids and also lacquers and stains. Mineral grouts should only be used in very small quantities and only if the grain size is very small (micro cement). Opposite to electric driven diaphragm pumps the pneumatic motors stop as soon as the injection or spray gun is closed or the pre-adjusted pressure level is reached. Thanks to the special pump design, the 433-2 is also suitable for very small quantities.","og_url":"https:\/\/www.bm-gmbh.com\/en\/products\/injection-devices_1k\/pneumatic-piston-pumps-vp\/bmp-433-2-vp-264-bar\/","og_site_name":"b&amp;m GmbH - Ihr Partner f\u00fcr alle Marken","article_modified_time":"2025-05-14T14:14:16+00:00","og_image":[{"width":1024,"height":1024,"url":"https:\/\/www.bm-gmbh.com\/wp-content\/uploads\/BMP-433-2-1.png","type":"image\/png"}],"schema":{"@context":"https:\/\/schema.org","@graph":[{"@type":"WebPage","@id":"https:\/\/www.bm-gmbh.com\/en\/products\/injection-devices_1k\/pneumatic-piston-pumps-vp\/bmp-433-2-vp-264-bar\/","url":"https:\/\/www.bm-gmbh.com\/en\/products\/injection-devices_1k\/pneumatic-piston-pumps-vp\/bmp-433-2-vp-264-bar\/","name":"BMP 433-2 VP 264 bar","isPartOf":{"@id":"https:\/\/www.bm-gmbh.com\/en\/#website"},"primaryImageOfPage":{"@id":"https:\/\/www.bm-gmbh.com\/en\/products\/injection-devices_1k\/pneumatic-piston-pumps-vp\/bmp-433-2-vp-264-bar\/#primaryimage"},"image":{"@id":"https:\/\/www.bm-gmbh.com\/en\/products\/injection-devices_1k\/pneumatic-piston-pumps-vp\/bmp-433-2-vp-264-bar\/#primaryimage"},"thumbnailUrl":"https:\/\/www.bm-gmbh.com\/wp-content\/uploads\/BMP-433-2-1.png","datePublished":"2024-01-16T10:21:45+00:00","dateModified":"2025-05-14T14:14:16+00:00","description":"Opposite to the electric driven Airless units the pneumatic pumps are operated by an air motor and compressed air. Therefore this equipment is also suitable for explosion proof areas. The material transport is made by a material piston. All material leading parts of those pumps are made out of stainless steel. Also these pumps are suitable for resins with high viscosity as well as for liquids and also lacquers and stains. Mineral grouts should only be used in very small quantities and only if the grain size is very small (micro cement). Opposite to electric driven diaphragm pumps the pneumatic motors stop as soon as the injection or spray gun is closed or the pre-adjusted pressure level is reached. Thanks to the special pump design, the 433-2 is also suitable for very small quantities.","breadcrumb":{"@id":"https:\/\/www.bm-gmbh.com\/en\/products\/injection-devices_1k\/pneumatic-piston-pumps-vp\/bmp-433-2-vp-264-bar\/#breadcrumb"},"inLanguage":"en-US","potentialAction":[{"@type":"ReadAction","target":["https:\/\/www.bm-gmbh.com\/en\/products\/injection-devices_1k\/pneumatic-piston-pumps-vp\/bmp-433-2-vp-264-bar\/"]}]},{"@type":"ImageObject","inLanguage":"en-US","@id":"https:\/\/www.bm-gmbh.com\/en\/products\/injection-devices_1k\/pneumatic-piston-pumps-vp\/bmp-433-2-vp-264-bar\/#primaryimage","url":"https:\/\/www.bm-gmbh.com\/wp-content\/uploads\/BMP-433-2-1.png","contentUrl":"https:\/\/www.bm-gmbh.com\/wp-content\/uploads\/BMP-433-2-1.png","width":1024,"height":1024,"caption":"Pneumatic Piston Pump BMP 433-2 (Headstand)"},{"@type":"BreadcrumbList","@id":"https:\/\/www.bm-gmbh.com\/en\/products\/injection-devices_1k\/pneumatic-piston-pumps-vp\/bmp-433-2-vp-264-bar\/#breadcrumb","itemListElement":[{"@type":"ListItem","position":1,"name":"Startseite","item":"https:\/\/www.bm-gmbh.com\/en\/home-page\/"},{"@type":"ListItem","position":2,"name":"Products","item":"https:\/\/www.bm-gmbh.com\/en\/products-2\/"},{"@type":"ListItem","position":3,"name":"BMP 433-2 VP 264 bar"}]},{"@type":"WebSite","@id":"https:\/\/www.bm-gmbh.com\/en\/#website","url":"https:\/\/www.bm-gmbh.com\/en\/","name":"b&m GmbH","description":"Ihr Partner f\u00fcr alle Marken","publisher":{"@id":"https:\/\/www.bm-gmbh.com\/en\/#organization"},"alternateName":"b&m GmbH - Ihr Partner f\u00fcr alle Marken","potentialAction":[{"@type":"SearchAction","target":{"@type":"EntryPoint","urlTemplate":"https:\/\/www.bm-gmbh.com\/en\/?s={search_term_string}"},"query-input":{"@type":"PropertyValueSpecification","valueRequired":true,"valueName":"search_term_string"}}],"inLanguage":"en-US"},{"@type":"Organization","@id":"https:\/\/www.bm-gmbh.com\/en\/#organization","name":"b&m GmbH","alternateName":"b&m GmbH - Ihr Partner f\u00fcr alle Marken","url":"https:\/\/www.bm-gmbh.com\/en\/","logo":{"@type":"ImageObject","inLanguage":"en-US","@id":"https:\/\/www.bm-gmbh.com\/en\/#\/schema\/logo\/image\/","url":"https:\/\/www.bm-gmbh.com\/wp-content\/uploads\/bm-1024.png","contentUrl":"https:\/\/www.bm-gmbh.com\/wp-content\/uploads\/bm-1024.png","width":1024,"height":1024,"caption":"b&m GmbH"},"image":{"@id":"https:\/\/www.bm-gmbh.com\/en\/#\/schema\/logo\/image\/"},"sameAs":["https:\/\/www.instagram.com\/bm.gmbh","https:\/\/www.youtube.com\/@bmgmbh6754"],"description":"Mittelst\u00e4ndischer Anbieter f\u00fcr Farbspritztechnik, Oberfl\u00e4chentechnik, Pumpentechnik, Bautenschutz- und Injektionstechnik. Bedient prim\u00e4r Handwerk und Industrie Zentrale Produkte & Services: Spritztechnik: Hand- & Automatikpistolen, HD\/ND-Ger\u00e4te, 2K-Anlagen, Elektrostatiksysteme. Bautenschutz\/Injektionstechnik: Injektionsanlagen, Gelanlagen, Schnecken-\/Mischpumpen. Zubeh\u00f6r\/Technik: Kompressoren, Filteranlagen, R\u00fchrwerke, Packer & Injektoren. Fokus auf hochwertige, langlebige Profi-Ger\u00e4te \u2192 Interesse an zuverl\u00e4ssigen Partnern, Service & technischem Support.","email":"info@bm-gmbh.com","telephone":"0049 7546 923120","legalName":"b&m GmbH","foundingDate":"1997-04-02","numberOfEmployees":{"@type":"QuantitativeValue","minValue":"11","maxValue":"50"}}]},"product_brand":"1 K-PUR resin","product_price_currency":"EUR","og_availability":"instock","product_availability":"instock","product_retailer_item_id":"H\u00dc81-BM80V26","product_condition":"new"},"_links":{"self":[{"href":"https:\/\/www.bm-gmbh.com\/en\/wp-json\/wp\/v2\/product\/15884","targetHints":{"allow":["GET"]}}],"collection":[{"href":"https:\/\/www.bm-gmbh.com\/en\/wp-json\/wp\/v2\/product"}],"about":[{"href":"https:\/\/www.bm-gmbh.com\/en\/wp-json\/wp\/v2\/types\/product"}],"wp:featuredmedia":[{"embeddable":true,"href":"https:\/\/www.bm-gmbh.com\/en\/wp-json\/wp\/v2\/media\/14981"}],"wp:attachment":[{"href":"https:\/\/www.bm-gmbh.com\/en\/wp-json\/wp\/v2\/media?parent=15884"}],"wp:term":[{"taxonomy":"product_brand","embeddable":true,"href":"https:\/\/www.bm-gmbh.com\/en\/wp-json\/wp\/v2\/product_brand?post=15884"},{"taxonomy":"product_cat","embeddable":true,"href":"https:\/\/www.bm-gmbh.com\/en\/wp-json\/wp\/v2\/product_cat?post=15884"},{"taxonomy":"product_tag","embeddable":true,"href":"https:\/\/www.bm-gmbh.com\/en\/wp-json\/wp\/v2\/product_tag?post=15884"}],"curies":[{"name":"wp","href":"https:\/\/api.w.org\/{rel}","templated":true}]}}