{"id":15874,"date":"2024-01-16T10:58:29","date_gmt":"2024-01-16T09:58:29","guid":{"rendered":"https:\/\/bm-gmbh.com\/produkte\/uncategorized\/electric-piston-pump-sp-380-vp\/"},"modified":"2025-05-14T16:02:51","modified_gmt":"2025-05-14T14:02:51","slug":"electric-piston-pump-sp-380-vp","status":"publish","type":"product","link":"https:\/\/www.bm-gmbh.com\/en\/products\/injection-devices_1k\/electric-piston-pumps-vp\/electric-piston-pump-sp-380-vp\/","title":{"rendered":"Electric piston pump SP 380 VP"},"content":{"rendered":"<p>The alternative to electric diaphragm pumps are electric driven high pressure piston pumps. These pumps are mainly designated for use with 1- or 2-component PUR,Epoxy \u2013 or silicate grouts.<\/p>\n<p>Material supply is done with a 6-ltr-hopper \u2013 transparent and with inner scale \u2013 so material consumption can be controlled visually during work. Unit is light weight, easy to transport and only 230 V voltage supply is needed to operate. No additional compressor needed. The pressure and the delivery volume can be steplessly adjusted from 0 &#8211; 207 bar. Opposite to electric diaphragm pumps the motor of these units stops as soon as required and pre-adjusted working pressure is reached. Therefore also an accustic control during injection is possible.<\/p>\n","protected":false},"excerpt":{"rendered":"<p>Frame, Hopper 6 ltr., 7,5m material hose 1\/4\u00b4\u00b4, AG500 pistol 4-finger trigger 1\/4\u00b4\u00b4, Injections set flex with manometer, 4-jaw-grip<\/p>\n","protected":false},"featured_media":14986,"template":"","meta":{"site-sidebar-layout":"default","site-content-layout":"","ast-site-content-layout":"default","site-content-style":"default","site-sidebar-style":"default","ast-global-header-display":"","ast-banner-title-visibility":"","ast-main-header-display":"","ast-hfb-above-header-display":"","ast-hfb-below-header-display":"","ast-hfb-mobile-header-display":"","site-post-title":"","ast-breadcrumbs-content":"","ast-featured-img":"","footer-sml-layout":"","ast-disable-related-posts":"","theme-transparent-header-meta":"default","adv-header-id-meta":"","stick-header-meta":"default","header-above-stick-meta":"","header-main-stick-meta":"","header-below-stick-meta":"","astra-migrate-meta-layouts":"set","ast-page-background-enabled":"default","ast-page-background-meta":{"desktop":{"background-color":"var(--ast-global-color-4)","background-image":"","background-repeat":"repeat","background-position":"center center","background-size":"auto","background-attachment":"scroll","background-type":"","background-media":"","overlay-type":"","overlay-color":"","overlay-opacity":"","overlay-gradient":""},"tablet":{"background-color":"","background-image":"","background-repeat":"repeat","background-position":"center center","background-size":"auto","background-attachment":"scroll","background-type":"","background-media":"","overlay-type":"","overlay-color":"","overlay-opacity":"","overlay-gradient":""},"mobile":{"background-color":"","background-image":"","background-repeat":"repeat","background-position":"center center","background-size":"auto","background-attachment":"scroll","background-type":"","background-media":"","overlay-type":"","overlay-color":"","overlay-opacity":"","overlay-gradient":""}},"ast-content-background-meta":{"desktop":{"background-color":"var(--ast-global-color-5)","background-image":"","background-repeat":"repeat","background-position":"center center","background-size":"auto","background-attachment":"scroll","background-type":"","background-media":"","overlay-type":"","overlay-color":"","overlay-opacity":"","overlay-gradient":""},"tablet":{"background-color":"var(--ast-global-color-5)","background-image":"","background-repeat":"repeat","background-position":"center center","background-size":"auto","background-attachment":"scroll","background-type":"","background-media":"","overlay-type":"","overlay-color":"","overlay-opacity":"","overlay-gradient":""},"mobile":{"background-color":"var(--ast-global-color-5)","background-image":"","background-repeat":"repeat","background-position":"center center","background-size":"auto","background-attachment":"scroll","background-type":"","background-media":"","overlay-type":"","overlay-color":"","overlay-opacity":"","overlay-gradient":""}}},"product_brand":[],"product_cat":[1154],"product_tag":[1130,1137,1131,1132,1155],"class_list":{"0":"post-15874","1":"product","2":"type-product","3":"status-publish","4":"has-post-thumbnail","6":"product_cat-electric-piston-pumps-vp","7":"product_tag-1-k-pur-resin","8":"product_tag-1-component-epoxy","9":"product_tag-2-k-pur-resin","10":"product_tag-2-component-epoxy","11":"product_tag-silicate-resin","12":"desktop-align-center","13":"tablet-align-left","14":"mobile-align-center","15":"ast-product-gallery-layout-horizontal-slider","16":"ast-product-gallery-with-no-image","17":"ast-qv-on-image","19":"first","20":"instock","21":"shipping-taxable","22":"product-type-simple"},"yoast_head":"<!-- This site is optimized with the Yoast SEO Premium plugin v27.4 (Yoast SEO v27.4) - https:\/\/yoast.com\/product\/yoast-seo-premium-wordpress\/ -->\n<title>Electric piston pump SP 380 VP<\/title>\n<meta name=\"description\" content=\"The alternative to electric diaphragm pumps are electric driven high pressure piston pumps. These pumps are mainly designated for use with 1- or 2-component PUR,Epoxy \u2013 or silicate grouts. Material supply is done with a 6-ltr-hopper \u2013 transparent and with inner scale \u2013 so material consumption can be controlled visually during work. Unit is light weight, easy to transport and only 230 V voltage supply is needed to operate. No additional compressor needed. The pressure and the delivery volume can be steplessly adjusted from 0 - 207 bar. Opposite to electric diaphragm pumps the motor of these units stops as soon as required and pre-adjusted working pressure is reached. Therefore also an accustic control during injection is possible.\" \/>\n<meta name=\"robots\" content=\"index, follow, max-snippet:-1, max-image-preview:large, max-video-preview:-1\" \/>\n<link rel=\"canonical\" href=\"https:\/\/www.bm-gmbh.com\/en\/products\/injection-devices_1k\/electric-piston-pumps-vp\/electric-piston-pump-sp-380-vp\/\" \/>\n<meta property=\"og:locale\" content=\"en_US\" \/>\n<meta property=\"og:type\" content=\"article\" \/>\n<meta property=\"og:title\" content=\"Electric piston pump SP 380 VP\" \/>\n<meta property=\"og:description\" content=\"The alternative to electric diaphragm pumps are electric driven high pressure piston pumps. These pumps are mainly designated for use with 1- or 2-component PUR,Epoxy \u2013 or silicate grouts. Material supply is done with a 6-ltr-hopper \u2013 transparent and with inner scale \u2013 so material consumption can be controlled visually during work. Unit is light weight, easy to transport and only 230 V voltage supply is needed to operate. No additional compressor needed. The pressure and the delivery volume can be steplessly adjusted from 0 - 207 bar. Opposite to electric diaphragm pumps the motor of these units stops as soon as required and pre-adjusted working pressure is reached. Therefore also an accustic control during injection is possible.\" \/>\n<meta property=\"og:url\" content=\"https:\/\/www.bm-gmbh.com\/en\/products\/injection-devices_1k\/electric-piston-pumps-vp\/electric-piston-pump-sp-380-vp\/\" \/>\n<meta property=\"og:site_name\" content=\"b&amp;m GmbH - Ihr Partner f\u00fcr alle Marken\" \/>\n<meta property=\"article:modified_time\" content=\"2025-05-14T14:02:51+00:00\" \/>\n<meta property=\"og:image\" content=\"https:\/\/www.bm-gmbh.com\/wp-content\/uploads\/bm_SP_380_mit-Kleber.png\" \/>\n\t<meta property=\"og:image:width\" content=\"1024\" \/>\n\t<meta property=\"og:image:height\" content=\"1024\" \/>\n\t<meta property=\"og:image:type\" content=\"image\/png\" \/>\n<script type=\"application\/ld+json\" class=\"yoast-schema-graph\">{\"@context\":\"https:\\\/\\\/schema.org\",\"@graph\":[{\"@type\":\"WebPage\",\"@id\":\"https:\\\/\\\/www.bm-gmbh.com\\\/en\\\/products\\\/injection-devices_1k\\\/electric-piston-pumps-vp\\\/electric-piston-pump-sp-380-vp\\\/\",\"url\":\"https:\\\/\\\/www.bm-gmbh.com\\\/en\\\/products\\\/injection-devices_1k\\\/electric-piston-pumps-vp\\\/electric-piston-pump-sp-380-vp\\\/\",\"name\":\"Electric piston pump SP 380 VP\",\"isPartOf\":{\"@id\":\"https:\\\/\\\/www.bm-gmbh.com\\\/en\\\/#website\"},\"primaryImageOfPage\":{\"@id\":\"https:\\\/\\\/www.bm-gmbh.com\\\/en\\\/products\\\/injection-devices_1k\\\/electric-piston-pumps-vp\\\/electric-piston-pump-sp-380-vp\\\/#primaryimage\"},\"image\":{\"@id\":\"https:\\\/\\\/www.bm-gmbh.com\\\/en\\\/products\\\/injection-devices_1k\\\/electric-piston-pumps-vp\\\/electric-piston-pump-sp-380-vp\\\/#primaryimage\"},\"thumbnailUrl\":\"https:\\\/\\\/www.bm-gmbh.com\\\/wp-content\\\/uploads\\\/bm_SP_380_mit-Kleber.png\",\"datePublished\":\"2024-01-16T09:58:29+00:00\",\"dateModified\":\"2025-05-14T14:02:51+00:00\",\"description\":\"The alternative to electric diaphragm pumps are electric driven high pressure piston pumps. These pumps are mainly designated for use with 1- or 2-component PUR,Epoxy \u2013 or silicate grouts. Material supply is done with a 6-ltr-hopper \u2013 transparent and with inner scale \u2013 so material consumption can be controlled visually during work. Unit is light weight, easy to transport and only 230 V voltage supply is needed to operate. No additional compressor needed. The pressure and the delivery volume can be steplessly adjusted from 0 - 207 bar. Opposite to electric diaphragm pumps the motor of these units stops as soon as required and pre-adjusted working pressure is reached. Therefore also an accustic control during injection is possible.\",\"breadcrumb\":{\"@id\":\"https:\\\/\\\/www.bm-gmbh.com\\\/en\\\/products\\\/injection-devices_1k\\\/electric-piston-pumps-vp\\\/electric-piston-pump-sp-380-vp\\\/#breadcrumb\"},\"inLanguage\":\"en-US\",\"potentialAction\":[{\"@type\":\"ReadAction\",\"target\":[\"https:\\\/\\\/www.bm-gmbh.com\\\/en\\\/products\\\/injection-devices_1k\\\/electric-piston-pumps-vp\\\/electric-piston-pump-sp-380-vp\\\/\"]}]},{\"@type\":\"ImageObject\",\"inLanguage\":\"en-US\",\"@id\":\"https:\\\/\\\/www.bm-gmbh.com\\\/en\\\/products\\\/injection-devices_1k\\\/electric-piston-pumps-vp\\\/electric-piston-pump-sp-380-vp\\\/#primaryimage\",\"url\":\"https:\\\/\\\/www.bm-gmbh.com\\\/wp-content\\\/uploads\\\/bm_SP_380_mit-Kleber.png\",\"contentUrl\":\"https:\\\/\\\/www.bm-gmbh.com\\\/wp-content\\\/uploads\\\/bm_SP_380_mit-Kleber.png\",\"width\":1024,\"height\":1024,\"caption\":\"Electric piston pump SP 380\"},{\"@type\":\"BreadcrumbList\",\"@id\":\"https:\\\/\\\/www.bm-gmbh.com\\\/en\\\/products\\\/injection-devices_1k\\\/electric-piston-pumps-vp\\\/electric-piston-pump-sp-380-vp\\\/#breadcrumb\",\"itemListElement\":[{\"@type\":\"ListItem\",\"position\":1,\"name\":\"Startseite\",\"item\":\"https:\\\/\\\/www.bm-gmbh.com\\\/en\\\/home-page\\\/\"},{\"@type\":\"ListItem\",\"position\":2,\"name\":\"Products\",\"item\":\"https:\\\/\\\/www.bm-gmbh.com\\\/en\\\/products-2\\\/\"},{\"@type\":\"ListItem\",\"position\":3,\"name\":\"Electric piston pump SP 380 VP\"}]},{\"@type\":\"WebSite\",\"@id\":\"https:\\\/\\\/www.bm-gmbh.com\\\/en\\\/#website\",\"url\":\"https:\\\/\\\/www.bm-gmbh.com\\\/en\\\/\",\"name\":\"b&m GmbH\",\"description\":\"Ihr Partner f\u00fcr alle Marken\",\"publisher\":{\"@id\":\"https:\\\/\\\/www.bm-gmbh.com\\\/en\\\/#organization\"},\"alternateName\":\"b&m GmbH - Ihr Partner f\u00fcr alle Marken\",\"potentialAction\":[{\"@type\":\"SearchAction\",\"target\":{\"@type\":\"EntryPoint\",\"urlTemplate\":\"https:\\\/\\\/www.bm-gmbh.com\\\/en\\\/?s={search_term_string}\"},\"query-input\":{\"@type\":\"PropertyValueSpecification\",\"valueRequired\":true,\"valueName\":\"search_term_string\"}}],\"inLanguage\":\"en-US\"},{\"@type\":\"Organization\",\"@id\":\"https:\\\/\\\/www.bm-gmbh.com\\\/en\\\/#organization\",\"name\":\"b&m GmbH\",\"alternateName\":\"b&m GmbH - Ihr Partner f\u00fcr alle Marken\",\"url\":\"https:\\\/\\\/www.bm-gmbh.com\\\/en\\\/\",\"logo\":{\"@type\":\"ImageObject\",\"inLanguage\":\"en-US\",\"@id\":\"https:\\\/\\\/www.bm-gmbh.com\\\/en\\\/#\\\/schema\\\/logo\\\/image\\\/\",\"url\":\"https:\\\/\\\/www.bm-gmbh.com\\\/wp-content\\\/uploads\\\/bm-1024.png\",\"contentUrl\":\"https:\\\/\\\/www.bm-gmbh.com\\\/wp-content\\\/uploads\\\/bm-1024.png\",\"width\":1024,\"height\":1024,\"caption\":\"b&m GmbH\"},\"image\":{\"@id\":\"https:\\\/\\\/www.bm-gmbh.com\\\/en\\\/#\\\/schema\\\/logo\\\/image\\\/\"},\"sameAs\":[\"https:\\\/\\\/www.instagram.com\\\/bm.gmbh\",\"https:\\\/\\\/www.youtube.com\\\/@bmgmbh6754\"],\"description\":\"Mittelst\u00e4ndischer Anbieter f\u00fcr Farbspritztechnik, Oberfl\u00e4chentechnik, Pumpentechnik, Bautenschutz- und Injektionstechnik. Bedient prim\u00e4r Handwerk und Industrie Zentrale Produkte & Services: Spritztechnik: Hand- & Automatikpistolen, HD\\\/ND-Ger\u00e4te, 2K-Anlagen, Elektrostatiksysteme. Bautenschutz\\\/Injektionstechnik: Injektionsanlagen, Gelanlagen, Schnecken-\\\/Mischpumpen. Zubeh\u00f6r\\\/Technik: Kompressoren, Filteranlagen, R\u00fchrwerke, Packer & Injektoren. Fokus auf hochwertige, langlebige Profi-Ger\u00e4te \u2192 Interesse an zuverl\u00e4ssigen Partnern, Service & technischem Support.\",\"email\":\"info@bm-gmbh.com\",\"telephone\":\"0049 7546 923120\",\"legalName\":\"b&m GmbH\",\"foundingDate\":\"1997-04-02\",\"numberOfEmployees\":{\"@type\":\"QuantitativeValue\",\"minValue\":\"11\",\"maxValue\":\"50\"}}]}<\/script>\n<meta property=\"product:brand\" content=\"1 K-PUR resin\" \/>\n<meta property=\"product:price:currency\" content=\"EUR\" \/>\n<meta property=\"og:availability\" content=\"instock\" \/>\n<meta property=\"product:availability\" content=\"instock\" \/>\n<meta property=\"product:retailer_item_id\" content=\"*BM307-201003\" \/>\n<meta property=\"product:condition\" content=\"new\" \/>\n<!-- \/ Yoast SEO Premium plugin. -->","yoast_head_json":{"title":"Electric piston pump SP 380 VP","description":"The alternative to electric diaphragm pumps are electric driven high pressure piston pumps. These pumps are mainly designated for use with 1- or 2-component PUR,Epoxy \u2013 or silicate grouts. Material supply is done with a 6-ltr-hopper \u2013 transparent and with inner scale \u2013 so material consumption can be controlled visually during work. Unit is light weight, easy to transport and only 230 V voltage supply is needed to operate. No additional compressor needed. The pressure and the delivery volume can be steplessly adjusted from 0 - 207 bar. Opposite to electric diaphragm pumps the motor of these units stops as soon as required and pre-adjusted working pressure is reached. Therefore also an accustic control during injection is possible.","robots":{"index":"index","follow":"follow","max-snippet":"max-snippet:-1","max-image-preview":"max-image-preview:large","max-video-preview":"max-video-preview:-1"},"canonical":"https:\/\/www.bm-gmbh.com\/en\/products\/injection-devices_1k\/electric-piston-pumps-vp\/electric-piston-pump-sp-380-vp\/","og_locale":"en_US","og_type":"article","og_title":"Electric piston pump SP 380 VP","og_description":"The alternative to electric diaphragm pumps are electric driven high pressure piston pumps. These pumps are mainly designated for use with 1- or 2-component PUR,Epoxy \u2013 or silicate grouts. Material supply is done with a 6-ltr-hopper \u2013 transparent and with inner scale \u2013 so material consumption can be controlled visually during work. Unit is light weight, easy to transport and only 230 V voltage supply is needed to operate. No additional compressor needed. The pressure and the delivery volume can be steplessly adjusted from 0 - 207 bar. Opposite to electric diaphragm pumps the motor of these units stops as soon as required and pre-adjusted working pressure is reached. Therefore also an accustic control during injection is possible.","og_url":"https:\/\/www.bm-gmbh.com\/en\/products\/injection-devices_1k\/electric-piston-pumps-vp\/electric-piston-pump-sp-380-vp\/","og_site_name":"b&amp;m GmbH - Ihr Partner f\u00fcr alle Marken","article_modified_time":"2025-05-14T14:02:51+00:00","og_image":[{"width":1024,"height":1024,"url":"https:\/\/www.bm-gmbh.com\/wp-content\/uploads\/bm_SP_380_mit-Kleber.png","type":"image\/png"}],"schema":{"@context":"https:\/\/schema.org","@graph":[{"@type":"WebPage","@id":"https:\/\/www.bm-gmbh.com\/en\/products\/injection-devices_1k\/electric-piston-pumps-vp\/electric-piston-pump-sp-380-vp\/","url":"https:\/\/www.bm-gmbh.com\/en\/products\/injection-devices_1k\/electric-piston-pumps-vp\/electric-piston-pump-sp-380-vp\/","name":"Electric piston pump SP 380 VP","isPartOf":{"@id":"https:\/\/www.bm-gmbh.com\/en\/#website"},"primaryImageOfPage":{"@id":"https:\/\/www.bm-gmbh.com\/en\/products\/injection-devices_1k\/electric-piston-pumps-vp\/electric-piston-pump-sp-380-vp\/#primaryimage"},"image":{"@id":"https:\/\/www.bm-gmbh.com\/en\/products\/injection-devices_1k\/electric-piston-pumps-vp\/electric-piston-pump-sp-380-vp\/#primaryimage"},"thumbnailUrl":"https:\/\/www.bm-gmbh.com\/wp-content\/uploads\/bm_SP_380_mit-Kleber.png","datePublished":"2024-01-16T09:58:29+00:00","dateModified":"2025-05-14T14:02:51+00:00","description":"The alternative to electric diaphragm pumps are electric driven high pressure piston pumps. These pumps are mainly designated for use with 1- or 2-component PUR,Epoxy \u2013 or silicate grouts. Material supply is done with a 6-ltr-hopper \u2013 transparent and with inner scale \u2013 so material consumption can be controlled visually during work. Unit is light weight, easy to transport and only 230 V voltage supply is needed to operate. No additional compressor needed. The pressure and the delivery volume can be steplessly adjusted from 0 - 207 bar. Opposite to electric diaphragm pumps the motor of these units stops as soon as required and pre-adjusted working pressure is reached. Therefore also an accustic control during injection is possible.","breadcrumb":{"@id":"https:\/\/www.bm-gmbh.com\/en\/products\/injection-devices_1k\/electric-piston-pumps-vp\/electric-piston-pump-sp-380-vp\/#breadcrumb"},"inLanguage":"en-US","potentialAction":[{"@type":"ReadAction","target":["https:\/\/www.bm-gmbh.com\/en\/products\/injection-devices_1k\/electric-piston-pumps-vp\/electric-piston-pump-sp-380-vp\/"]}]},{"@type":"ImageObject","inLanguage":"en-US","@id":"https:\/\/www.bm-gmbh.com\/en\/products\/injection-devices_1k\/electric-piston-pumps-vp\/electric-piston-pump-sp-380-vp\/#primaryimage","url":"https:\/\/www.bm-gmbh.com\/wp-content\/uploads\/bm_SP_380_mit-Kleber.png","contentUrl":"https:\/\/www.bm-gmbh.com\/wp-content\/uploads\/bm_SP_380_mit-Kleber.png","width":1024,"height":1024,"caption":"Electric piston pump SP 380"},{"@type":"BreadcrumbList","@id":"https:\/\/www.bm-gmbh.com\/en\/products\/injection-devices_1k\/electric-piston-pumps-vp\/electric-piston-pump-sp-380-vp\/#breadcrumb","itemListElement":[{"@type":"ListItem","position":1,"name":"Startseite","item":"https:\/\/www.bm-gmbh.com\/en\/home-page\/"},{"@type":"ListItem","position":2,"name":"Products","item":"https:\/\/www.bm-gmbh.com\/en\/products-2\/"},{"@type":"ListItem","position":3,"name":"Electric piston pump SP 380 VP"}]},{"@type":"WebSite","@id":"https:\/\/www.bm-gmbh.com\/en\/#website","url":"https:\/\/www.bm-gmbh.com\/en\/","name":"b&m GmbH","description":"Ihr Partner f\u00fcr alle Marken","publisher":{"@id":"https:\/\/www.bm-gmbh.com\/en\/#organization"},"alternateName":"b&m GmbH - Ihr Partner f\u00fcr alle Marken","potentialAction":[{"@type":"SearchAction","target":{"@type":"EntryPoint","urlTemplate":"https:\/\/www.bm-gmbh.com\/en\/?s={search_term_string}"},"query-input":{"@type":"PropertyValueSpecification","valueRequired":true,"valueName":"search_term_string"}}],"inLanguage":"en-US"},{"@type":"Organization","@id":"https:\/\/www.bm-gmbh.com\/en\/#organization","name":"b&m GmbH","alternateName":"b&m GmbH - Ihr Partner f\u00fcr alle Marken","url":"https:\/\/www.bm-gmbh.com\/en\/","logo":{"@type":"ImageObject","inLanguage":"en-US","@id":"https:\/\/www.bm-gmbh.com\/en\/#\/schema\/logo\/image\/","url":"https:\/\/www.bm-gmbh.com\/wp-content\/uploads\/bm-1024.png","contentUrl":"https:\/\/www.bm-gmbh.com\/wp-content\/uploads\/bm-1024.png","width":1024,"height":1024,"caption":"b&m GmbH"},"image":{"@id":"https:\/\/www.bm-gmbh.com\/en\/#\/schema\/logo\/image\/"},"sameAs":["https:\/\/www.instagram.com\/bm.gmbh","https:\/\/www.youtube.com\/@bmgmbh6754"],"description":"Mittelst\u00e4ndischer Anbieter f\u00fcr Farbspritztechnik, Oberfl\u00e4chentechnik, Pumpentechnik, Bautenschutz- und Injektionstechnik. Bedient prim\u00e4r Handwerk und Industrie Zentrale Produkte & Services: Spritztechnik: Hand- & Automatikpistolen, HD\/ND-Ger\u00e4te, 2K-Anlagen, Elektrostatiksysteme. Bautenschutz\/Injektionstechnik: Injektionsanlagen, Gelanlagen, Schnecken-\/Mischpumpen. Zubeh\u00f6r\/Technik: Kompressoren, Filteranlagen, R\u00fchrwerke, Packer & Injektoren. Fokus auf hochwertige, langlebige Profi-Ger\u00e4te \u2192 Interesse an zuverl\u00e4ssigen Partnern, Service & technischem Support.","email":"info@bm-gmbh.com","telephone":"0049 7546 923120","legalName":"b&m GmbH","foundingDate":"1997-04-02","numberOfEmployees":{"@type":"QuantitativeValue","minValue":"11","maxValue":"50"}}]},"product_brand":"1 K-PUR resin","product_price_currency":"EUR","og_availability":"instock","product_availability":"instock","product_retailer_item_id":"*BM307-201003","product_condition":"new"},"_links":{"self":[{"href":"https:\/\/www.bm-gmbh.com\/en\/wp-json\/wp\/v2\/product\/15874","targetHints":{"allow":["GET"]}}],"collection":[{"href":"https:\/\/www.bm-gmbh.com\/en\/wp-json\/wp\/v2\/product"}],"about":[{"href":"https:\/\/www.bm-gmbh.com\/en\/wp-json\/wp\/v2\/types\/product"}],"wp:featuredmedia":[{"embeddable":true,"href":"https:\/\/www.bm-gmbh.com\/en\/wp-json\/wp\/v2\/media\/14986"}],"wp:attachment":[{"href":"https:\/\/www.bm-gmbh.com\/en\/wp-json\/wp\/v2\/media?parent=15874"}],"wp:term":[{"taxonomy":"product_brand","embeddable":true,"href":"https:\/\/www.bm-gmbh.com\/en\/wp-json\/wp\/v2\/product_brand?post=15874"},{"taxonomy":"product_cat","embeddable":true,"href":"https:\/\/www.bm-gmbh.com\/en\/wp-json\/wp\/v2\/product_cat?post=15874"},{"taxonomy":"product_tag","embeddable":true,"href":"https:\/\/www.bm-gmbh.com\/en\/wp-json\/wp\/v2\/product_tag?post=15874"}],"curies":[{"name":"wp","href":"https:\/\/api.w.org\/{rel}","templated":true}]}}