{"id":15721,"date":"2023-12-22T11:55:38","date_gmt":"2023-12-22T10:55:38","guid":{"rendered":"https:\/\/bm-gmbh.com\/color-pressure-vessels-va-mobile\/"},"modified":"2024-02-29T09:26:33","modified_gmt":"2024-02-29T08:26:33","slug":"color-pressure-vessels-va-mobile","status":"publish","type":"page","link":"https:\/\/www.bm-gmbh.com\/en\/paint-spraying-technique\/low-pressure-pumps\/color-pressure-vessels\/color-pressure-vessels-va-mobile\/","title":{"rendered":"pressure pot mobile &#8211; stainless steel"},"content":{"rendered":"\t\t<div data-elementor-type=\"wp-page\" data-elementor-id=\"15721\" class=\"elementor elementor-15721 elementor-9614\" data-elementor-post-type=\"page\">\n\t\t\t\t<div class=\"elementor-element elementor-element-84a8cc6 e-flex e-con-boxed e-con e-parent\" data-id=\"84a8cc6\" data-element_type=\"container\" data-e-type=\"container\">\n\t\t\t\t\t<div class=\"e-con-inner\">\n\t\t\t\t<div class=\"elementor-element elementor-element-dfea972 elementor-widget__width-auto uael-post__link-complete-yes uael-equal__height-yes elementor-widget elementor-widget-uael-posts\" data-id=\"dfea972\" data-element_type=\"widget\" data-e-type=\"widget\" data-settings=\"{&quot;classic_slides_to_show&quot;:3,&quot;classic_slides_to_show_tablet&quot;:2,&quot;classic_slides_to_show_mobile&quot;:1,&quot;classic_show_filters&quot;:&quot;no&quot;}\" data-widget_type=\"uael-posts.classic\">\n\t\t\t\t<div class=\"elementor-widget-container\">\n\t\t\t\t\t\t\t<div class=\"uael-post__header\">\n\t\t\t\t\t<\/div>\n\t\t<div class=\"uael-post__body\">\n\t\t\t\n\t\t\n\t\t<div class=\"uael-blog-terms-position- uael-post-image-top uael-post-grid uael-posts\" data-query-type=\"custom\" data-structure=\"normal\" data-layout=\"\" data-page=\"15721\" data-skin=\"classic\" data-filter-default=\"\" data-offset-top=\"30\" >\n\n\t\t\t\t\t\t\t<div class=\"uael-post-grid__inner uael-post__columns-3 uael-post__columns-tablet-2 uael-post__columns-mobile-1\">\n\t\t\t\n<div class=\"uael-post-wrapper   \">\n\t<div class=\"uael-post__bg-wrap uael-bg-wrap-disabled \">\n\n\t\t\t\t\t<a href=\"https:\/\/www.bm-gmbh.com\/en\/products\/low-pressure-pumps\/color-pressure-vessels\/va-color-pressure-vessels-mobile\/pressure-tank-without-agitator-2\/\" target=\"_self\" class=\"uael-post__complete-box-overlay\" aria-label=\"Link Complete Box\"><\/a>\n\t\t\t\t\n\t\t<div class=\"uael-post__inner-wrap uael-inner-wrap-disabled\">\n\n\t\t\t\t<div class=\"uael-post__thumbnail\">\n\t\t\t\n\t\t\t<a href=\"https:\/\/www.bm-gmbh.com\/en\/products\/low-pressure-pumps\/color-pressure-vessels\/va-color-pressure-vessels-mobile\/pressure-tank-without-agitator-2\/\" target=\"_self\" title=\"Pressure tank without agitator\"><img fetchpriority=\"high\" decoding=\"async\" width=\"1024\" height=\"1024\" src=\"https:\/\/www.bm-gmbh.com\/wp-content\/uploads\/Druckgefaess-1.png\" class=\"attachment-full size-full wp-image-15177\" alt=\"Drucktank manuelles R\u00fchrwerk\" srcset=\"https:\/\/www.bm-gmbh.com\/wp-content\/uploads\/Druckgefaess-1.png 1024w, https:\/\/www.bm-gmbh.com\/wp-content\/uploads\/Druckgefaess-1-600x600.png 600w, https:\/\/www.bm-gmbh.com\/wp-content\/uploads\/Druckgefaess-1-100x100.png 100w, https:\/\/www.bm-gmbh.com\/wp-content\/uploads\/Druckgefaess-1-300x300.png 300w, https:\/\/www.bm-gmbh.com\/wp-content\/uploads\/Druckgefaess-1-150x150.png 150w, https:\/\/www.bm-gmbh.com\/wp-content\/uploads\/Druckgefaess-1-768x768.png 768w\" sizes=\"(max-width: 1024px) 100vw, 1024px\" \/><\/a>\n\t\t\t\t\t<\/div>\n\t\t\n\t\t\t\n\t\t\t<div class=\"uael-post__content-wrap uael-content-wrap-disabled\">\n\t\t\t\t\t<h3 class=\"uael-post__title\">\n\n\t\t\n\t\t\t\t\t\t<a href=\"https:\/\/www.bm-gmbh.com\/en\/products\/low-pressure-pumps\/color-pressure-vessels\/va-color-pressure-vessels-mobile\/pressure-tank-without-agitator-2\/\" target=\"_self\">\n\t\t\t\tPressure tank without agitator\t\t\t<\/a>\n\n\t\t\t\t<\/h3>\n\t\t\t\t\t<div class=\"uael-post__meta-data\">\n\t\t\t\t\t<\/div>\n\t\t\n\t\t<div class=\"uael-post__excerpt\">\n\t\t\tincl. Pressure regulator and insert pot in stainless steel, max. Pressure 4.5 bar\t\t<\/div>\n\n\t\t\t\t\t<\/div>\n\t\t\t\n\t\t<\/div>\n\t\t\n\t<\/div>\n\n<\/div>\n\n<div class=\"uael-post-wrapper   \">\n\t<div class=\"uael-post__bg-wrap uael-bg-wrap-disabled \">\n\n\t\t\t\t\t<a href=\"https:\/\/www.bm-gmbh.com\/en\/products\/low-pressure-pumps\/color-pressure-vessels\/va-color-pressure-vessels-mobile\/pressure-tank-manual-agitator\/\" target=\"_self\" class=\"uael-post__complete-box-overlay\" aria-label=\"Link Complete Box\"><\/a>\n\t\t\t\t\n\t\t<div class=\"uael-post__inner-wrap uael-inner-wrap-disabled\">\n\n\t\t\t\t<div class=\"uael-post__thumbnail\">\n\t\t\t\n\t\t\t<a href=\"https:\/\/www.bm-gmbh.com\/en\/products\/low-pressure-pumps\/color-pressure-vessels\/va-color-pressure-vessels-mobile\/pressure-tank-manual-agitator\/\" target=\"_self\" title=\"Pressure tank manual agitator\"><img fetchpriority=\"high\" decoding=\"async\" width=\"1024\" height=\"1024\" src=\"https:\/\/www.bm-gmbh.com\/wp-content\/uploads\/Druckgefaess-1.png\" class=\"attachment-full size-full wp-image-15177\" alt=\"Drucktank manuelles R\u00fchrwerk\" srcset=\"https:\/\/www.bm-gmbh.com\/wp-content\/uploads\/Druckgefaess-1.png 1024w, https:\/\/www.bm-gmbh.com\/wp-content\/uploads\/Druckgefaess-1-600x600.png 600w, https:\/\/www.bm-gmbh.com\/wp-content\/uploads\/Druckgefaess-1-100x100.png 100w, https:\/\/www.bm-gmbh.com\/wp-content\/uploads\/Druckgefaess-1-300x300.png 300w, https:\/\/www.bm-gmbh.com\/wp-content\/uploads\/Druckgefaess-1-150x150.png 150w, https:\/\/www.bm-gmbh.com\/wp-content\/uploads\/Druckgefaess-1-768x768.png 768w\" sizes=\"(max-width: 1024px) 100vw, 1024px\" \/><\/a>\n\t\t\t\t\t<\/div>\n\t\t\n\t\t\t\n\t\t\t<div class=\"uael-post__content-wrap uael-content-wrap-disabled\">\n\t\t\t\t\t<h3 class=\"uael-post__title\">\n\n\t\t\n\t\t\t\t\t\t<a href=\"https:\/\/www.bm-gmbh.com\/en\/products\/low-pressure-pumps\/color-pressure-vessels\/va-color-pressure-vessels-mobile\/pressure-tank-manual-agitator\/\" target=\"_self\">\n\t\t\t\tPressure tank manual agitator\t\t\t<\/a>\n\n\t\t\t\t<\/h3>\n\t\t\t\t\t<div class=\"uael-post__meta-data\">\n\t\t\t\t\t<\/div>\n\t\t\n\t\t<div class=\"uael-post__excerpt\">\n\t\t\tincl. Pressure regulator and insert pot VA, max. Pressure 4.5 bar\t\t<\/div>\n\n\t\t\t\t\t<\/div>\n\t\t\t\n\t\t<\/div>\n\t\t\n\t<\/div>\n\n<\/div>\n\n<div class=\"uael-post-wrapper   \">\n\t<div class=\"uael-post__bg-wrap uael-bg-wrap-disabled \">\n\n\t\t\t\t\t<a href=\"https:\/\/www.bm-gmbh.com\/en\/products\/low-pressure-pumps\/color-pressure-vessels\/va-color-pressure-vessels-mobile\/pressure-tank-with-pneum-agitator-2\/\" target=\"_self\" class=\"uael-post__complete-box-overlay\" aria-label=\"Link Complete Box\"><\/a>\n\t\t\t\t\n\t\t<div class=\"uael-post__inner-wrap uael-inner-wrap-disabled\">\n\n\t\t\t\t<div class=\"uael-post__thumbnail\">\n\t\t\t\n\t\t\t<a href=\"https:\/\/www.bm-gmbh.com\/en\/products\/low-pressure-pumps\/color-pressure-vessels\/va-color-pressure-vessels-mobile\/pressure-tank-with-pneum-agitator-2\/\" target=\"_self\" title=\"Pressure tank with pneum. Agitator\"><img fetchpriority=\"high\" decoding=\"async\" width=\"1024\" height=\"1024\" src=\"https:\/\/www.bm-gmbh.com\/wp-content\/uploads\/Druckgefaess-1.png\" class=\"attachment-full size-full wp-image-15177\" alt=\"Drucktank manuelles R\u00fchrwerk\" srcset=\"https:\/\/www.bm-gmbh.com\/wp-content\/uploads\/Druckgefaess-1.png 1024w, https:\/\/www.bm-gmbh.com\/wp-content\/uploads\/Druckgefaess-1-600x600.png 600w, https:\/\/www.bm-gmbh.com\/wp-content\/uploads\/Druckgefaess-1-100x100.png 100w, https:\/\/www.bm-gmbh.com\/wp-content\/uploads\/Druckgefaess-1-300x300.png 300w, https:\/\/www.bm-gmbh.com\/wp-content\/uploads\/Druckgefaess-1-150x150.png 150w, https:\/\/www.bm-gmbh.com\/wp-content\/uploads\/Druckgefaess-1-768x768.png 768w\" sizes=\"(max-width: 1024px) 100vw, 1024px\" \/><\/a>\n\t\t\t\t\t<\/div>\n\t\t\n\t\t\t\n\t\t\t<div class=\"uael-post__content-wrap uael-content-wrap-disabled\">\n\t\t\t\t\t<h3 class=\"uael-post__title\">\n\n\t\t\n\t\t\t\t\t\t<a href=\"https:\/\/www.bm-gmbh.com\/en\/products\/low-pressure-pumps\/color-pressure-vessels\/va-color-pressure-vessels-mobile\/pressure-tank-with-pneum-agitator-2\/\" target=\"_self\">\n\t\t\t\tPressure tank with pneum. Agitator\t\t\t<\/a>\n\n\t\t\t\t<\/h3>\n\t\t\t\t\t<div class=\"uael-post__meta-data\">\n\t\t\t\t\t<\/div>\n\t\t\n\t\t<div class=\"uael-post__excerpt\">\n\t\t\tincl. Pressure regulator and insert pot VA, max. Pressure 4.5 bar\t\t<\/div>\n\n\t\t\t\t\t<\/div>\n\t\t\t\n\t\t<\/div>\n\t\t\n\t<\/div>\n\n<\/div>\n\t\t\t\t<\/div>\n\t\t\t\t\t\t\n\t\t<\/div>\n\n\t\t\t\t\t\t<\/div>\n\t\t<div class=\"uael-post__footer\">\n\t\t\t\t\t<\/div>\n\t\t\t\t\t\t<\/div>\n\t\t\t\t<\/div>\n\t\t\t\t\t<\/div>\n\t\t\t\t<\/div>\n\t\t\t\t<\/div>\n\t\t","protected":false},"excerpt":{"rendered":"<p>Drucktank ohne R\u00fchrwerk inkl. Druckregler und Einsatztopf in VA, max. Druck 4,5 bar Drucktank manuelles R\u00fchrwerk inkl. Druckregler und Einsatztopf VA, max. Druck 4,5 bar Drucktank mit pneum. R\u00fchrwerk inkl. Druckregler und Einsatztopf VA, max. Druck 4,5 bar<\/p>\n","protected":false},"author":1,"featured_media":0,"parent":15745,"menu_order":1,"comment_status":"open","ping_status":"closed","template":"","meta":{"site-sidebar-layout":"no-sidebar","site-content-layout":"","ast-site-content-layout":"full-width-container","site-content-style":"default","site-sidebar-style":"default","ast-global-header-display":"","ast-banner-title-visibility":"","ast-main-header-display":"","ast-hfb-above-header-display":"","ast-hfb-below-header-display":"","ast-hfb-mobile-header-display":"","site-post-title":"disabled","ast-breadcrumbs-content":"","ast-featured-img":"disabled","footer-sml-layout":"","ast-disable-related-posts":"","theme-transparent-header-meta":"","adv-header-id-meta":"","stick-header-meta":"","header-above-stick-meta":"","header-main-stick-meta":"","header-below-stick-meta":"","astra-migrate-meta-layouts":"default","ast-page-background-enabled":"default","ast-page-background-meta":{"desktop":{"background-color":"var(--ast-global-color-4)","background-image":"","background-repeat":"repeat","background-position":"center center","background-size":"auto","background-attachment":"scroll","background-type":"","background-media":"","overlay-type":"","overlay-color":"","overlay-opacity":"","overlay-gradient":""},"tablet":{"background-color":"","background-image":"","background-repeat":"repeat","background-position":"center center","background-size":"auto","background-attachment":"scroll","background-type":"","background-media":"","overlay-type":"","overlay-color":"","overlay-opacity":"","overlay-gradient":""},"mobile":{"background-color":"","background-image":"","background-repeat":"repeat","background-position":"center center","background-size":"auto","background-attachment":"scroll","background-type":"","background-media":"","overlay-type":"","overlay-color":"","overlay-opacity":"","overlay-gradient":""}},"ast-content-background-meta":{"desktop":{"background-color":"var(--ast-global-color-5)","background-image":"","background-repeat":"repeat","background-position":"center center","background-size":"auto","background-attachment":"scroll","background-type":"","background-media":"","overlay-type":"","overlay-color":"","overlay-opacity":"","overlay-gradient":""},"tablet":{"background-color":"var(--ast-global-color-5)","background-image":"","background-repeat":"repeat","background-position":"center center","background-size":"auto","background-attachment":"scroll","background-type":"","background-media":"","overlay-type":"","overlay-color":"","overlay-opacity":"","overlay-gradient":""},"mobile":{"background-color":"var(--ast-global-color-5)","background-image":"","background-repeat":"repeat","background-position":"center center","background-size":"auto","background-attachment":"scroll","background-type":"","background-media":"","overlay-type":"","overlay-color":"","overlay-opacity":"","overlay-gradient":""}},"footnotes":""},"class_list":["post-15721","page","type-page","status-publish","hentry","desktop-align-center","tablet-align-left","mobile-align-center","ast-product-gallery-layout-horizontal-slider","ast-product-gallery-with-no-image","ast-qv-on-image"],"yoast_head":"<!-- This site is optimized with the Yoast SEO Premium plugin v27.4 (Yoast SEO v27.4) - https:\/\/yoast.com\/product\/yoast-seo-premium-wordpress\/ -->\n<title>pressure pot mobile - stainless steel<\/title>\n<meta name=\"description\" content=\"b&amp;m GmbH - Ihr Partner f\u00fcr alle Marken\" \/>\n<meta name=\"robots\" content=\"index, follow, max-snippet:-1, max-image-preview:large, max-video-preview:-1\" \/>\n<link rel=\"canonical\" href=\"https:\/\/www.bm-gmbh.com\/en\/paint-spraying-technique\/low-pressure-pumps\/color-pressure-vessels\/color-pressure-vessels-va-mobile\/\" \/>\n<meta property=\"og:locale\" content=\"en_US\" \/>\n<meta property=\"og:type\" content=\"article\" \/>\n<meta property=\"og:title\" content=\"pressure pot mobile - stainless steel\" \/>\n<meta property=\"og:description\" content=\"b&amp;m GmbH - Ihr Partner f\u00fcr alle Marken\" \/>\n<meta property=\"og:url\" content=\"https:\/\/www.bm-gmbh.com\/en\/paint-spraying-technique\/low-pressure-pumps\/color-pressure-vessels\/color-pressure-vessels-va-mobile\/\" \/>\n<meta property=\"og:site_name\" content=\"b&amp;m GmbH - Ihr Partner f\u00fcr alle Marken\" \/>\n<meta property=\"article:modified_time\" content=\"2024-02-29T08:26:33+00:00\" \/>\n<meta property=\"og:image\" content=\"https:\/\/www.bm-gmbh.com\/wp-content\/uploads\/Druckgefaess-1.png\" \/>\n<script type=\"application\/ld+json\" class=\"yoast-schema-graph\">{\"@context\":\"https:\\\/\\\/schema.org\",\"@graph\":[{\"@type\":\"WebPage\",\"@id\":\"https:\\\/\\\/www.bm-gmbh.com\\\/en\\\/paint-spraying-technique\\\/low-pressure-pumps\\\/color-pressure-vessels\\\/color-pressure-vessels-va-mobile\\\/\",\"url\":\"https:\\\/\\\/www.bm-gmbh.com\\\/en\\\/paint-spraying-technique\\\/low-pressure-pumps\\\/color-pressure-vessels\\\/color-pressure-vessels-va-mobile\\\/\",\"name\":\"pressure pot mobile - stainless steel\",\"isPartOf\":{\"@id\":\"https:\\\/\\\/www.bm-gmbh.com\\\/en\\\/#website\"},\"primaryImageOfPage\":{\"@id\":\"https:\\\/\\\/www.bm-gmbh.com\\\/en\\\/paint-spraying-technique\\\/low-pressure-pumps\\\/color-pressure-vessels\\\/color-pressure-vessels-va-mobile\\\/#primaryimage\"},\"image\":{\"@id\":\"https:\\\/\\\/www.bm-gmbh.com\\\/en\\\/paint-spraying-technique\\\/low-pressure-pumps\\\/color-pressure-vessels\\\/color-pressure-vessels-va-mobile\\\/#primaryimage\"},\"thumbnailUrl\":\"https:\\\/\\\/www.bm-gmbh.com\\\/wp-content\\\/uploads\\\/Druckgefaess-1.png\",\"datePublished\":\"2023-12-22T10:55:38+00:00\",\"dateModified\":\"2024-02-29T08:26:33+00:00\",\"description\":\"b&amp;m GmbH - Ihr Partner f\u00fcr alle Marken\",\"breadcrumb\":{\"@id\":\"https:\\\/\\\/www.bm-gmbh.com\\\/en\\\/paint-spraying-technique\\\/low-pressure-pumps\\\/color-pressure-vessels\\\/color-pressure-vessels-va-mobile\\\/#breadcrumb\"},\"inLanguage\":\"en-US\",\"potentialAction\":[{\"@type\":\"ReadAction\",\"target\":[\"https:\\\/\\\/www.bm-gmbh.com\\\/en\\\/paint-spraying-technique\\\/low-pressure-pumps\\\/color-pressure-vessels\\\/color-pressure-vessels-va-mobile\\\/\"]}]},{\"@type\":\"ImageObject\",\"inLanguage\":\"en-US\",\"@id\":\"https:\\\/\\\/www.bm-gmbh.com\\\/en\\\/paint-spraying-technique\\\/low-pressure-pumps\\\/color-pressure-vessels\\\/color-pressure-vessels-va-mobile\\\/#primaryimage\",\"url\":\"https:\\\/\\\/www.bm-gmbh.com\\\/wp-content\\\/uploads\\\/Druckgefaess-1.png\",\"contentUrl\":\"https:\\\/\\\/www.bm-gmbh.com\\\/wp-content\\\/uploads\\\/Druckgefaess-1.png\"},{\"@type\":\"BreadcrumbList\",\"@id\":\"https:\\\/\\\/www.bm-gmbh.com\\\/en\\\/paint-spraying-technique\\\/low-pressure-pumps\\\/color-pressure-vessels\\\/color-pressure-vessels-va-mobile\\\/#breadcrumb\",\"itemListElement\":[{\"@type\":\"ListItem\",\"position\":1,\"name\":\"Startseite\",\"item\":\"https:\\\/\\\/www.bm-gmbh.com\\\/en\\\/home-page\\\/\"},{\"@type\":\"ListItem\",\"position\":2,\"name\":\"Paint spraying technology\",\"item\":\"https:\\\/\\\/www.bm-gmbh.com\\\/en\\\/paint-spraying-technique\\\/\"},{\"@type\":\"ListItem\",\"position\":3,\"name\":\"Low pressure pumps\",\"item\":\"https:\\\/\\\/www.bm-gmbh.com\\\/en\\\/paint-spraying-technique\\\/low-pressure-pumps\\\/\"},{\"@type\":\"ListItem\",\"position\":4,\"name\":\"pressure pot\",\"item\":\"https:\\\/\\\/www.bm-gmbh.com\\\/en\\\/paint-spraying-technique\\\/low-pressure-pumps\\\/color-pressure-vessels\\\/\"},{\"@type\":\"ListItem\",\"position\":5,\"name\":\"pressure pot mobile &#8211; stainless steel\"}]},{\"@type\":\"WebSite\",\"@id\":\"https:\\\/\\\/www.bm-gmbh.com\\\/en\\\/#website\",\"url\":\"https:\\\/\\\/www.bm-gmbh.com\\\/en\\\/\",\"name\":\"b&m GmbH\",\"description\":\"Ihr Partner f\u00fcr alle Marken\",\"publisher\":{\"@id\":\"https:\\\/\\\/www.bm-gmbh.com\\\/en\\\/#organization\"},\"alternateName\":\"b&m GmbH - Ihr Partner f\u00fcr alle Marken\",\"potentialAction\":[{\"@type\":\"SearchAction\",\"target\":{\"@type\":\"EntryPoint\",\"urlTemplate\":\"https:\\\/\\\/www.bm-gmbh.com\\\/en\\\/?s={search_term_string}\"},\"query-input\":{\"@type\":\"PropertyValueSpecification\",\"valueRequired\":true,\"valueName\":\"search_term_string\"}}],\"inLanguage\":\"en-US\"},{\"@type\":\"Organization\",\"@id\":\"https:\\\/\\\/www.bm-gmbh.com\\\/en\\\/#organization\",\"name\":\"b&m GmbH\",\"alternateName\":\"b&m GmbH - Ihr Partner f\u00fcr alle Marken\",\"url\":\"https:\\\/\\\/www.bm-gmbh.com\\\/en\\\/\",\"logo\":{\"@type\":\"ImageObject\",\"inLanguage\":\"en-US\",\"@id\":\"https:\\\/\\\/www.bm-gmbh.com\\\/en\\\/#\\\/schema\\\/logo\\\/image\\\/\",\"url\":\"https:\\\/\\\/www.bm-gmbh.com\\\/wp-content\\\/uploads\\\/bm-1024.png\",\"contentUrl\":\"https:\\\/\\\/www.bm-gmbh.com\\\/wp-content\\\/uploads\\\/bm-1024.png\",\"width\":1024,\"height\":1024,\"caption\":\"b&m GmbH\"},\"image\":{\"@id\":\"https:\\\/\\\/www.bm-gmbh.com\\\/en\\\/#\\\/schema\\\/logo\\\/image\\\/\"},\"sameAs\":[\"https:\\\/\\\/www.instagram.com\\\/bm.gmbh\",\"https:\\\/\\\/www.youtube.com\\\/@bmgmbh6754\"],\"description\":\"Mittelst\u00e4ndischer Anbieter f\u00fcr Farbspritztechnik, Oberfl\u00e4chentechnik, Pumpentechnik, Bautenschutz- und Injektionstechnik. Bedient prim\u00e4r Handwerk und Industrie Zentrale Produkte & Services: Spritztechnik: Hand- & Automatikpistolen, HD\\\/ND-Ger\u00e4te, 2K-Anlagen, Elektrostatiksysteme. Bautenschutz\\\/Injektionstechnik: Injektionsanlagen, Gelanlagen, Schnecken-\\\/Mischpumpen. Zubeh\u00f6r\\\/Technik: Kompressoren, Filteranlagen, R\u00fchrwerke, Packer & Injektoren. Fokus auf hochwertige, langlebige Profi-Ger\u00e4te \u2192 Interesse an zuverl\u00e4ssigen Partnern, Service & technischem Support.\",\"email\":\"info@bm-gmbh.com\",\"telephone\":\"0049 7546 923120\",\"legalName\":\"b&m GmbH\",\"foundingDate\":\"1997-04-02\",\"numberOfEmployees\":{\"@type\":\"QuantitativeValue\",\"minValue\":\"11\",\"maxValue\":\"50\"}}]}<\/script>\n<meta property=\"product:price:currency\" content=\"EUR\" \/>\n<meta property=\"og:availability\" content=\"instock\" \/>\n<meta property=\"product:availability\" content=\"instock\" \/>\n<meta property=\"product:retailer_item_id\" content=\"BM350-1201011618\" \/>\n<meta property=\"product:condition\" content=\"new\" \/>\n<!-- \/ Yoast SEO Premium plugin. -->","yoast_head_json":{"title":"pressure pot mobile - stainless steel","description":"b&amp;m GmbH - Ihr Partner f\u00fcr alle Marken","robots":{"index":"index","follow":"follow","max-snippet":"max-snippet:-1","max-image-preview":"max-image-preview:large","max-video-preview":"max-video-preview:-1"},"canonical":"https:\/\/www.bm-gmbh.com\/en\/paint-spraying-technique\/low-pressure-pumps\/color-pressure-vessels\/color-pressure-vessels-va-mobile\/","og_locale":"en_US","og_type":"article","og_title":"pressure pot mobile - stainless steel","og_description":"b&amp;m GmbH - Ihr Partner f\u00fcr alle Marken","og_url":"https:\/\/www.bm-gmbh.com\/en\/paint-spraying-technique\/low-pressure-pumps\/color-pressure-vessels\/color-pressure-vessels-va-mobile\/","og_site_name":"b&amp;m GmbH - Ihr Partner f\u00fcr alle Marken","article_modified_time":"2024-02-29T08:26:33+00:00","og_image":[{"url":"https:\/\/www.bm-gmbh.com\/wp-content\/uploads\/Druckgefaess-1.png","type":"","width":"","height":""}],"schema":{"@context":"https:\/\/schema.org","@graph":[{"@type":"WebPage","@id":"https:\/\/www.bm-gmbh.com\/en\/paint-spraying-technique\/low-pressure-pumps\/color-pressure-vessels\/color-pressure-vessels-va-mobile\/","url":"https:\/\/www.bm-gmbh.com\/en\/paint-spraying-technique\/low-pressure-pumps\/color-pressure-vessels\/color-pressure-vessels-va-mobile\/","name":"pressure pot mobile - stainless steel","isPartOf":{"@id":"https:\/\/www.bm-gmbh.com\/en\/#website"},"primaryImageOfPage":{"@id":"https:\/\/www.bm-gmbh.com\/en\/paint-spraying-technique\/low-pressure-pumps\/color-pressure-vessels\/color-pressure-vessels-va-mobile\/#primaryimage"},"image":{"@id":"https:\/\/www.bm-gmbh.com\/en\/paint-spraying-technique\/low-pressure-pumps\/color-pressure-vessels\/color-pressure-vessels-va-mobile\/#primaryimage"},"thumbnailUrl":"https:\/\/www.bm-gmbh.com\/wp-content\/uploads\/Druckgefaess-1.png","datePublished":"2023-12-22T10:55:38+00:00","dateModified":"2024-02-29T08:26:33+00:00","description":"b&amp;m GmbH - Ihr Partner f\u00fcr alle Marken","breadcrumb":{"@id":"https:\/\/www.bm-gmbh.com\/en\/paint-spraying-technique\/low-pressure-pumps\/color-pressure-vessels\/color-pressure-vessels-va-mobile\/#breadcrumb"},"inLanguage":"en-US","potentialAction":[{"@type":"ReadAction","target":["https:\/\/www.bm-gmbh.com\/en\/paint-spraying-technique\/low-pressure-pumps\/color-pressure-vessels\/color-pressure-vessels-va-mobile\/"]}]},{"@type":"ImageObject","inLanguage":"en-US","@id":"https:\/\/www.bm-gmbh.com\/en\/paint-spraying-technique\/low-pressure-pumps\/color-pressure-vessels\/color-pressure-vessels-va-mobile\/#primaryimage","url":"https:\/\/www.bm-gmbh.com\/wp-content\/uploads\/Druckgefaess-1.png","contentUrl":"https:\/\/www.bm-gmbh.com\/wp-content\/uploads\/Druckgefaess-1.png"},{"@type":"BreadcrumbList","@id":"https:\/\/www.bm-gmbh.com\/en\/paint-spraying-technique\/low-pressure-pumps\/color-pressure-vessels\/color-pressure-vessels-va-mobile\/#breadcrumb","itemListElement":[{"@type":"ListItem","position":1,"name":"Startseite","item":"https:\/\/www.bm-gmbh.com\/en\/home-page\/"},{"@type":"ListItem","position":2,"name":"Paint spraying technology","item":"https:\/\/www.bm-gmbh.com\/en\/paint-spraying-technique\/"},{"@type":"ListItem","position":3,"name":"Low pressure pumps","item":"https:\/\/www.bm-gmbh.com\/en\/paint-spraying-technique\/low-pressure-pumps\/"},{"@type":"ListItem","position":4,"name":"pressure pot","item":"https:\/\/www.bm-gmbh.com\/en\/paint-spraying-technique\/low-pressure-pumps\/color-pressure-vessels\/"},{"@type":"ListItem","position":5,"name":"pressure pot mobile &#8211; stainless steel"}]},{"@type":"WebSite","@id":"https:\/\/www.bm-gmbh.com\/en\/#website","url":"https:\/\/www.bm-gmbh.com\/en\/","name":"b&m GmbH","description":"Ihr Partner f\u00fcr alle Marken","publisher":{"@id":"https:\/\/www.bm-gmbh.com\/en\/#organization"},"alternateName":"b&m GmbH - Ihr Partner f\u00fcr alle Marken","potentialAction":[{"@type":"SearchAction","target":{"@type":"EntryPoint","urlTemplate":"https:\/\/www.bm-gmbh.com\/en\/?s={search_term_string}"},"query-input":{"@type":"PropertyValueSpecification","valueRequired":true,"valueName":"search_term_string"}}],"inLanguage":"en-US"},{"@type":"Organization","@id":"https:\/\/www.bm-gmbh.com\/en\/#organization","name":"b&m GmbH","alternateName":"b&m GmbH - Ihr Partner f\u00fcr alle Marken","url":"https:\/\/www.bm-gmbh.com\/en\/","logo":{"@type":"ImageObject","inLanguage":"en-US","@id":"https:\/\/www.bm-gmbh.com\/en\/#\/schema\/logo\/image\/","url":"https:\/\/www.bm-gmbh.com\/wp-content\/uploads\/bm-1024.png","contentUrl":"https:\/\/www.bm-gmbh.com\/wp-content\/uploads\/bm-1024.png","width":1024,"height":1024,"caption":"b&m GmbH"},"image":{"@id":"https:\/\/www.bm-gmbh.com\/en\/#\/schema\/logo\/image\/"},"sameAs":["https:\/\/www.instagram.com\/bm.gmbh","https:\/\/www.youtube.com\/@bmgmbh6754"],"description":"Mittelst\u00e4ndischer Anbieter f\u00fcr Farbspritztechnik, Oberfl\u00e4chentechnik, Pumpentechnik, Bautenschutz- und Injektionstechnik. Bedient prim\u00e4r Handwerk und Industrie Zentrale Produkte & Services: Spritztechnik: Hand- & Automatikpistolen, HD\/ND-Ger\u00e4te, 2K-Anlagen, Elektrostatiksysteme. Bautenschutz\/Injektionstechnik: Injektionsanlagen, Gelanlagen, Schnecken-\/Mischpumpen. Zubeh\u00f6r\/Technik: Kompressoren, Filteranlagen, R\u00fchrwerke, Packer & Injektoren. Fokus auf hochwertige, langlebige Profi-Ger\u00e4te \u2192 Interesse an zuverl\u00e4ssigen Partnern, Service & technischem Support.","email":"info@bm-gmbh.com","telephone":"0049 7546 923120","legalName":"b&m GmbH","foundingDate":"1997-04-02","numberOfEmployees":{"@type":"QuantitativeValue","minValue":"11","maxValue":"50"}}]},"product_price_currency":"EUR","og_availability":"instock","product_availability":"instock","product_retailer_item_id":"BM350-1201011618","product_condition":"new"},"_links":{"self":[{"href":"https:\/\/www.bm-gmbh.com\/en\/wp-json\/wp\/v2\/pages\/15721","targetHints":{"allow":["GET"]}}],"collection":[{"href":"https:\/\/www.bm-gmbh.com\/en\/wp-json\/wp\/v2\/pages"}],"about":[{"href":"https:\/\/www.bm-gmbh.com\/en\/wp-json\/wp\/v2\/types\/page"}],"author":[{"embeddable":true,"href":"https:\/\/www.bm-gmbh.com\/en\/wp-json\/wp\/v2\/users\/1"}],"replies":[{"embeddable":true,"href":"https:\/\/www.bm-gmbh.com\/en\/wp-json\/wp\/v2\/comments?post=15721"}],"version-history":[{"count":0,"href":"https:\/\/www.bm-gmbh.com\/en\/wp-json\/wp\/v2\/pages\/15721\/revisions"}],"up":[{"embeddable":true,"href":"https:\/\/www.bm-gmbh.com\/en\/wp-json\/wp\/v2\/pages\/15745"}],"wp:attachment":[{"href":"https:\/\/www.bm-gmbh.com\/en\/wp-json\/wp\/v2\/media?parent=15721"}],"curies":[{"name":"wp","href":"https:\/\/api.w.org\/{rel}","templated":true}]}}